{"id":1136,"date":"2017-05-15T15:58:28","date_gmt":"2017-05-15T15:58:28","guid":{"rendered":"http:\/\/accesrail.com\/?page_id=1136"},"modified":"2018-06-27T14:51:50","modified_gmt":"2018-06-27T14:51:50","slug":"london-north-eastern-railway","status":"publish","type":"page","link":"https:\/\/www.accesrail.com\/fr\/partners\/london-north-eastern-railway\/","title":{"rendered":"Chemin de fer du Nord-Est de Londres"},"content":{"rendered":"<p>&nbsp;<\/p>\n<p><img loading=\"lazy\" decoding=\"async\" class=\"alignnone size-full wp-image-1611\" src=\"\/wp-content\/uploads\/2018\/06\/lner-logo.png\" alt=\"\" width=\"500\" height=\"203\" srcset=\"https:\/\/www.accesrail.com\/wp-content\/uploads\/2018\/06\/lner-logo.png 500w, https:\/\/www.accesrail.com\/wp-content\/uploads\/2018\/06\/lner-logo-300x122.png 300w\" sizes=\"auto, (max-width: 500px) 100vw, 500px\" \/><\/p>\n<p>BIENVENUE \u00c0 L'LNER !<\/p>\n<p>London North Eastern Railway, ou LNER comme vous le savez, est le nouvel op\u00e9rateur de la ligne East Coast \u00e0 partir du dimanche 24 juin 2018. Un nouvel op\u00e9rateur, mais presque tout le reste reste inchang\u00e9. La m\u00eame grande \u00e9quipe de personnes assure vos services, sur les m\u00eames trains, aux m\u00eames horaires, avec les m\u00eames normes \u00e9lev\u00e9es de service \u00e0 la client\u00e8le auxquelles vous \u00eates habitu\u00e9s. La transition vers LNER n'aura aucune incidence sur les services. Tous les billets Virgin Trains East Coast achet\u00e9s \u00e0 l'avance continueront d'\u00eatre accept\u00e9s par LNER pour les dates indiqu\u00e9es sur le billet. Vous n'avez pas besoin de modifier vos plans de voyage.<\/p>\n<p>L'\u00e9quipe LNER continuera \u00e0 d\u00e9velopper vos services ferroviaires sur la c\u00f4te Est, en s'appuyant sur les succ\u00e8s de Virgin Trains East Coast. Nos engagements comprennent l'am\u00e9lioration continue des horaires et le lancement des nouveaux trains Azuma qui r\u00e9volutionneront les voyages en train sur la c\u00f4te Est. Nous sommes l\u00e0 pour tous ceux qui voyagent avec nous, pour relier les grandes villes et soutenir les communaut\u00e9s dont vous faites partie.<\/p>\n<p>Nous nous r\u00e9jouissons de vous accueillir \u00e0 bord des trains LNER \u00e0 partir du dimanche 24 juin !<\/p>\n<h3>Produits<\/h3>\n<ul>\n<li><a class=\"notranslate\" href=\"https:\/\/www.accesrail.com\/fr\/products\/london-north-eastern-railway\/\">Chemin de fer du Nord-Est de Londres<\/a><\/li>\n<\/ul>","protected":false},"excerpt":{"rendered":"<p>&nbsp; WELCOME TO LNER! London North Eastern Railway, or LNER as you\u2019ll come to know it, is the new operator for the East Coast line from Sunday 24 June, 2018. A new operator but pretty much everything else stays the same. The same great team of people are running your services, on the same trains, [&hellip;]<\/p>\n","protected":false},"author":4,"featured_media":0,"parent":42,"menu_order":0,"comment_status":"closed","ping_status":"closed","template":"","meta":{"footnotes":""},"class_list":["post-1136","page","type-page","status-publish","hentry"],"_links":{"self":[{"href":"https:\/\/www.accesrail.com\/fr\/wp-json\/wp\/v2\/pages\/1136","targetHints":{"allow":["GET"]}}],"collection":[{"href":"https:\/\/www.accesrail.com\/fr\/wp-json\/wp\/v2\/pages"}],"about":[{"href":"https:\/\/www.accesrail.com\/fr\/wp-json\/wp\/v2\/types\/page"}],"author":[{"embeddable":true,"href":"https:\/\/www.accesrail.com\/fr\/wp-json\/wp\/v2\/users\/4"}],"replies":[{"embeddable":true,"href":"https:\/\/www.accesrail.com\/fr\/wp-json\/wp\/v2\/comments?post=1136"}],"version-history":[{"count":4,"href":"https:\/\/www.accesrail.com\/fr\/wp-json\/wp\/v2\/pages\/1136\/revisions"}],"predecessor-version":[{"id":1622,"href":"https:\/\/www.accesrail.com\/fr\/wp-json\/wp\/v2\/pages\/1136\/revisions\/1622"}],"up":[{"embeddable":true,"href":"https:\/\/www.accesrail.com\/fr\/wp-json\/wp\/v2\/pages\/42"}],"wp:attachment":[{"href":"https:\/\/www.accesrail.com\/fr\/wp-json\/wp\/v2\/media?parent=1136"}],"curies":[{"name":"wp","href":"https:\/\/api.w.org\/{rel}","templated":true}]}}