{"id":1421,"date":"2017-11-30T17:13:34","date_gmt":"2017-11-30T17:13:34","guid":{"rendered":"https:\/\/accesrail.com\/?page_id=1421"},"modified":"2025-08-26T18:42:07","modified_gmt":"2025-08-26T18:42:07","slug":"czech-rail","status":"publish","type":"page","link":"https:\/\/www.accesrail.com\/fr\/products\/czech-rail\/","title":{"rendered":"Chemins de fer tch\u00e8ques"},"content":{"rendered":"<div class=\"row\">\n<p><!--\n\n\n<div class=\"col-md-9 col-sm-9\">\n\n--><\/p>\n<ul class=\"nav nav-tabs\">\n<li class=\"active\"><a href=\"#tab_1_1\" data-toggle=\"tab\">Product Information<\/a><\/li>\n<li class=\"\"><a href=\"#tab_1_2\" data-toggle=\"tab\">Availability<\/a><\/li>\n<li class=\"\"><a href=\"#tab_1_3\" data-toggle=\"tab\">Booking Information<\/a><\/li>\n<li class=\"\"><a href=\"#tab_1_4\" data-toggle=\"tab\">Check-in and Travel<\/a><\/li>\n<li class=\"\"><a href=\"#tab_1_5\" data-toggle=\"tab\">Sales Manual<\/a><\/li>\n<\/ul>\n<div class=\"tab-content\">\n<div id=\"tab_1_1\" class=\"tab-pane fade active in\">\n<div style=\"clear: both; text-align: right;\"><a href=\"https:\/\/accesrail.com\/partners\/cd-czech-railway\/\"><img loading=\"lazy\" decoding=\"async\" class=\"alignnone size-medium wp-image-1558\" style=\"max-width: 100%; height: auto;\" src=\"\/wp-content\/uploads\/2018\/04\/CD-logo-300x74.png\" alt=\"cd logo\" width=\"300\" height=\"74\" srcset=\"https:\/\/www.accesrail.com\/wp-content\/uploads\/2018\/04\/CD-logo-300x74.png 300w, https:\/\/www.accesrail.com\/wp-content\/uploads\/2018\/04\/CD-logo.png 686w\" sizes=\"auto, (max-width: 300px) 100vw, 300px\" \/><\/a><\/div>\n<h3>About<\/h3>\n<p>Czech Rail, also known as CD is a comprehensive railway service provider that offers air-rail interlining and standalone bookings with AccesRail 9B\/450 within the Czech Republic.<\/p>\n<p><img loading=\"lazy\" decoding=\"async\" class=\"alignleft size-full wp-image-2898\" src=\"\/wp-content\/uploads\/2020\/11\/image010.jpg\" alt=\"\" width=\"670\" height=\"357\" srcset=\"https:\/\/www.accesrail.com\/wp-content\/uploads\/2020\/11\/image010.jpg 670w, https:\/\/www.accesrail.com\/wp-content\/uploads\/2020\/11\/image010-300x160.jpg 300w\" sizes=\"auto, (max-width: 670px) 100vw, 670px\" \/><\/p>\n<h3>Destinations<\/h3>\n<p>CD offers segments on the following routes:<\/p>\n<table class=\"table table-striped table-bordered table-hover\">\n<tbody>\n<tr>\n<th><b>Prague Train Station (XYG)<\/b><\/th>\n<\/tr>\n<tr>\n<td>\n<ul>\n<li>Ostrava (OSR)<\/li>\n<li>Brno (ZDN)<\/li>\n<\/ul>\n<\/td>\n<\/tr>\n<\/tbody>\n<\/table>\n<p>Each ticket is valid bi-directionally within 24 hours from departure. The Czech Republic Pass offers service to any destination offered by Czech Rail. It is valid for 24 hours in any direction.<\/p>\n<p><!--\n\n\n<h3>Map<\/h3>\n\n\n\n\n<ul>\n \t\n\n<li><a href=\"https:\/\/accesrail.com\/wp-content\/uploads\/2015\/12\/RailFly-all-airports.pdf\" target=\"_blank\" rel=\"noopener noreferrer\">View the map<\/a><\/li>\n\n\n<\/ul>\n\n\n--><\/p>\n<p><img loading=\"lazy\" decoding=\"async\" class=\"alignnone size-full wp-image-1430\" src=\"\/wp-content\/uploads\/2017\/11\/CD_Train.jpg\" alt=\"\" width=\"700\" height=\"465\" srcset=\"https:\/\/www.accesrail.com\/wp-content\/uploads\/2017\/11\/CD_Train.jpg 700w, https:\/\/www.accesrail.com\/wp-content\/uploads\/2017\/11\/CD_Train-300x199.jpg 300w\" sizes=\"auto, (max-width: 700px) 100vw, 700px\" \/><\/p>\n<\/div>\n<div id=\"tab_1_2\" class=\"tab-pane fade\">\n<h3>Czech Rail Tickets are available as follows:<\/h3>\n<ul>\n<li>Interline <a class=\"btn green-meadow\" style=\"cursor: default;\" href=\"#\" data-toggle=\"modal\">Interline<\/a> Standalone <a class=\"btn green-meadow\" style=\"cursor: default;\" href=\"#\" data-toggle=\"modal\">9B\/450<\/a><\/li>\n<\/ul>\n<h3 class=\"notranslate\">Standalone sales (ticketed on 9B plate) are possible in these BSP\/ARC markets:<\/h3>\n<ul>\n<li>ARC USA<\/li>\n<li>BSP Australia<\/li>\n<li>BSP Austria<\/li>\n<li>BSP Belgium\/Netherlands\/Luxembourg<\/li>\n<li>BSP Canada<\/li>\n<li>BSP Czech Republic<\/li>\n<li>BSP Finland<\/li>\n<li>BSP France<\/li>\n<li>BSP Germany<\/li>\n<li>BSP Hong Kong<\/li>\n<li>BSP India<\/li>\n<li>BSP Indonesia<\/li>\n<li>BSP Ireland<\/li>\n<li>BSP Italy<\/li>\n<li>BSP Japan<\/li>\n<li>BSP Macao<\/li>\n<li>BSP Malaysia<\/li>\n<li>BSP Mexico<\/li>\n<li>BSP Norway<\/li>\n<li>BSP Scandinavia \u2013 Open in Sweden, Denmark, Estonia, Latvia and Lithuania.<\/li>\n<li>BSP Singapore<\/li>\n<li>BSP South Korea<\/li>\n<li>BSP Spain<\/li>\n<li>BSP Switzerland\/Liechtenstein<\/li>\n<li>BSP Taiwan<\/li>\n<li>BSP Thailand<\/li>\n<li>BSP UK<\/li>\n<li>BSP Vietnam<\/li>\n<\/ul>\n<h3>GDS Participation<\/h3>\n<ul class=\"notranslate\">\n<li>Abacus<\/li>\n<li>Amadeus<\/li>\n<li>Apollo<\/li>\n<li>Axess<\/li>\n<li>Galileo<\/li>\n<li>Infini<\/li>\n<li>Sabre<\/li>\n<li>Sirena Travel<\/li>\n<li>SITA<\/li>\n<li>Travel Sky<\/li>\n<li>Topas<\/li>\n<li>Worldspan<\/li>\n<\/ul>\n<h3>Eligibility<\/h3>\n<ul>\n<li>Available worldwide.<\/li>\n<\/ul>\n<\/div>\n<div id=\"tab_1_3\" class=\"tab-pane fade\">\n<h3 class=\"notranslate\">Train Range<\/h3>\n<ul>\n<li>9B flights 1000 &#8211; 1099<\/li>\n<\/ul>\n<h3>Booking Classes<\/h3>\n<ul>\n<li>F: First Class<\/li>\n<\/ul>\n<p><img loading=\"lazy\" decoding=\"async\" class=\"alignnone size-full wp-image-1429\" src=\"\/wp-content\/uploads\/2017\/11\/CD_Train_firstClass.jpg\" alt=\"\" width=\"700\" height=\"467\" srcset=\"https:\/\/www.accesrail.com\/wp-content\/uploads\/2017\/11\/CD_Train_firstClass.jpg 700w, https:\/\/www.accesrail.com\/wp-content\/uploads\/2017\/11\/CD_Train_firstClass-300x200.jpg 300w\" sizes=\"auto, (max-width: 700px) 100vw, 700px\" \/><\/p>\n<p>Please note that we will only be offering First Class of service. Passengers can travel on both First and Second Class as some routes may not be served by First Class. The free meal (sandwiches) are only offered in Pendolino&#8217;s First Class.<\/p>\n<h3>Auto Cancellation of Booking<\/h3>\n<ul>\n<li>If booking not ticketed 36 hours before departure, the booking will be auto cancelled.<\/li>\n<\/ul>\n<h3>Discounts<\/h3>\n<ul>\n<li>N\/A. Adult fare only.<\/li>\n<\/ul>\n<h3>GDS Availability Display<\/h3>\n<p><img loading=\"lazy\" decoding=\"async\" class=\"alignleft size-full wp-image-2900\" src=\"\/wp-content\/uploads\/2020\/11\/image007.jpg\" alt=\"\" width=\"793\" height=\"216\" srcset=\"https:\/\/www.accesrail.com\/wp-content\/uploads\/2020\/11\/image007.jpg 793w, https:\/\/www.accesrail.com\/wp-content\/uploads\/2020\/11\/image007-300x82.jpg 300w, https:\/\/www.accesrail.com\/wp-content\/uploads\/2020\/11\/image007-768x209.jpg 768w\" sizes=\"auto, (max-width: 793px) 100vw, 793px\" \/><\/p>\n<h3>PNR Booking<\/h3>\n<p><img loading=\"lazy\" decoding=\"async\" class=\"alignleft size-full wp-image-2899\" src=\"\/wp-content\/uploads\/2020\/11\/image008.jpg\" alt=\"\" width=\"793\" height=\"226\" srcset=\"https:\/\/www.accesrail.com\/wp-content\/uploads\/2020\/11\/image008.jpg 793w, https:\/\/www.accesrail.com\/wp-content\/uploads\/2020\/11\/image008-300x85.jpg 300w, https:\/\/www.accesrail.com\/wp-content\/uploads\/2020\/11\/image008-768x219.jpg 768w\" sizes=\"auto, (max-width: 793px) 100vw, 793px\" \/><\/p>\n<h3>SSR CTCE<\/h3>\n<p>When issuing on 9B\/450 plate please use \u201c SSR CTCE\u201d format at the booking time in order to communicate PAX email address to 9B so that 9B could send an email 72 hours to departure reminding passenger about compulsory check-in on <a href=\"https:\/\/accesrail.com\">accesrail.com<\/a>.<\/p>\n<h3>Refunds<\/h3>\n<ul>\n<li>Before departure: 15% penalty until 24 hrs to departure<\/li>\n<li>Within 24 hours to departure and after Departure: non refundable<\/li>\n<li>For interline fares refunds will be applied according to fare rules.<\/li>\n<\/ul>\n<h3>Groups<\/h3>\n<ul>\n<li>No group bookings allowed. Up to 99 passengers with unique names can be issued on the same PNR.<\/li>\n<\/ul>\n<\/div>\n<div id=\"tab_1_4\" class=\"tab-pane fade\">\n<h3>Check-in<\/h3>\n<p>Earliest 72 hours before train departure, the passenger will have to check-in at www.accesrail.com to print their CD boarding pass.<\/p>\n<div class=\"portlet light\">\n<div class=\"portlet-title\">\n<div class=\"caption\"><i class=\"icon-pin font-yellow-crusta\"><\/i><span class=\"caption-subject bold font-yellow-casablanca uppercase\"> Check-in <\/span><\/div>\n<\/div>\n<div class=\"portlet-body\">\n<p><img decoding=\"async\" src=\"\/wp-content\/uploads\/2015\/12\/Check-in.png\" alt=\"\" width=\"50%\" align=\"left\" \/><\/p>\n<div class=\"mt-element-list\">\n<div class=\"mt-list-container list-default ext-1 group\">\n<div id=\"completed\" class=\"panel-collapse collapse in\">\n<ul>\n<li class=\"mt-list-item done\">\n<div class=\"list-icon-container\"><a><br \/>\n<i class=\"icon-check\" style=\"top: -20px;\"><\/i><br \/>\n<\/a><\/div>\n<div class=\"list-item-content\">\n<p>Passenger visits <a href=\"https:\/\/check-in.accesrail.com\" target=\"_blank\" rel=\"noopener noreferrer\">check-in.accesrail.com<\/a> within 72 hours prior to departure.<\/p>\n<\/div>\n<\/li>\n<li class=\"mt-list-item done\">\n<div class=\"list-icon-container\"><a><br \/>\n<i class=\"icon-check\" style=\"top: -20px;\"><\/i><br \/>\n<\/a><\/div>\n<div class=\"list-item-content\">\n<p>Passenger enters his\/her first and last name and one of the following: PNR Locator or; ticket number.<\/p>\n<\/div>\n<\/li>\n<li class=\"mt-list-item done\">\n<div class=\"list-icon-container\"><a><br \/>\n<i class=\"icon-check\" style=\"top: -20px;\"><\/i><br \/>\n<\/a><\/div>\n<div class=\"list-item-content\">\n<p>Passenger prints the travel document, which is required for boarding.<\/p>\n<\/div>\n<\/li>\n<\/ul>\n<\/div>\n<\/div>\n<\/div>\n<p>&nbsp;<\/p>\n<\/div>\n<p>&nbsp;<\/p>\n<\/div>\n<h3>Travel Information<\/h3>\n<p>To best facilitate your journey, please visit the Prague Information Centre located at Terminal 1 and Terminal 2 of the V\u00e1clav Havel Prague Airport.<\/p>\n<p><img loading=\"lazy\" decoding=\"async\" class=\"alignnone size-large wp-image-1570\" src=\"\/wp-content\/uploads\/2018\/04\/PIS_terminal2a-loga-2-002-1-1024x683.jpg\" alt=\"\" width=\"640\" height=\"427\" srcset=\"https:\/\/www.accesrail.com\/wp-content\/uploads\/2018\/04\/PIS_terminal2a-loga-2-002-1-1024x683.jpg 1024w, https:\/\/www.accesrail.com\/wp-content\/uploads\/2018\/04\/PIS_terminal2a-loga-2-002-1-300x200.jpg 300w, https:\/\/www.accesrail.com\/wp-content\/uploads\/2018\/04\/PIS_terminal2a-loga-2-002-1-768x512.jpg 768w, https:\/\/www.accesrail.com\/wp-content\/uploads\/2018\/04\/PIS_terminal2a-loga-2-002-1.jpg 1350w\" sizes=\"auto, (max-width: 640px) 100vw, 640px\" \/><\/p>\n<h3>Period of Validity<\/h3>\n<ul>\n<li>24 hours before the departure time and 24 hours from departure time.<\/li>\n<\/ul>\n<h3>Czech Rail Ticket<\/h3>\n<p>The issued travel documents include a CD Train Ticket, as seen below, and a page containing information on connections between airports and train stations:<\/p>\n<p><img loading=\"lazy\" decoding=\"async\" class=\"alignleft  wp-image-2906\" src=\"\/wp-content\/uploads\/2020\/11\/18ztff7x50-page-001-724x1024.jpg\" alt=\"\" width=\"499\" height=\"706\" srcset=\"https:\/\/www.accesrail.com\/wp-content\/uploads\/2020\/11\/18ztff7x50-page-001-724x1024.jpg 724w, https:\/\/www.accesrail.com\/wp-content\/uploads\/2020\/11\/18ztff7x50-page-001-212x300.jpg 212w, https:\/\/www.accesrail.com\/wp-content\/uploads\/2020\/11\/18ztff7x50-page-001-768x1086.jpg 768w, https:\/\/www.accesrail.com\/wp-content\/uploads\/2020\/11\/18ztff7x50-page-001-1086x1536.jpg 1086w, https:\/\/www.accesrail.com\/wp-content\/uploads\/2020\/11\/18ztff7x50-page-001.jpg 1240w\" sizes=\"auto, (max-width: 499px) 100vw, 499px\" \/> <img loading=\"lazy\" decoding=\"async\" class=\"alignnone  wp-image-4568\" src=\"https:\/\/www.accesrail.com\/wp-content\/uploads\/2025\/08\/Screenshot-2025-08-25-113203.png\" alt=\"\" width=\"599\" height=\"655\" srcset=\"https:\/\/www.accesrail.com\/wp-content\/uploads\/2025\/08\/Screenshot-2025-08-25-113203.png 717w, https:\/\/www.accesrail.com\/wp-content\/uploads\/2025\/08\/Screenshot-2025-08-25-113203-274x300.png 274w, https:\/\/www.accesrail.com\/wp-content\/uploads\/2025\/08\/Screenshot-2025-08-25-113203-11x12.png 11w\" sizes=\"auto, (max-width: 599px) 100vw, 599px\" \/><\/p>\n<p style=\"font-weight: 400;\"><strong>How to connect from Prague Airport to CD Central Station:<\/strong><\/p>\n<p style=\"font-weight: 400;\"><strong>\u00a0Airport Express (AE) \u2013 Direct and convenient<\/strong><\/p>\n<ul style=\"font-weight: 400;\">\n<li><strong>Route<\/strong>: Airport Terminal 1\u00a0\u279c\u00a0Hlavn\u00ed\u00a0n\u00e1dra\u017e\u00ed<\/li>\n<li><strong>Duration<\/strong>: ~35\u201344 minutes<\/li>\n<li><strong>Frequency<\/strong>: Every 30 minutes, from approximately 05:30 to 21:00\u201322:00<\/li>\n<li><strong>Ticket price<\/strong>: CZK\u202f100 (no luggage fee; child fares available)<\/li>\n<li><strong>Notes<\/strong>: Purchase on board or at airport kiosks (not via PID L\u00edta\u010dka app). AE ticket not valid on metro\/tram. Departs only from Terminal\u202f1 bus.<\/li>\n<\/ul>\n<h3>Seat reservations<\/h3>\n<p>Free seat reservations are compulsory for high speed Pendolino trains. Please retrieve your seat reservation at the following locations:<\/p>\n<ul>\n<li>Prague Airport<\/li>\n<li>Prague Main Railway Station<\/li>\n<li>Brno Main Railway Station<\/li>\n<li>Ostrava Main Railway Station<\/li>\n<\/ul>\n<h3>Baggage policy<\/h3>\n<p>Baggage is included in the ticket price. While there is no limit on the amount of baggage you take on board, it should be kept in mind that there is limited space available on a train.<\/p>\n<div id=\"tab_1_4\" class=\"tab-pane fade\">\n<h3>Terms and Conditions<\/h3>\n<p>The conditions of travel are always according to the carrier (rail\/air) on which the customer is travelling. For more information, please visit <a href=\"https:\/\/www.cd.cz\/\">https:\/\/www.cd.cz\/<\/a><\/p>\n<\/div>\n<div id=\"tab_1_5\" class=\"tab-pane fade\">\n<h3><\/h3>\n<\/div>\n<\/div>\n<div id=\"tab_1_5\" class=\"tab-pane fade\">\n<h3><\/h3>\n<ul>\n<li><a class=\"noslimstat\" href=\"#\" rel=\"nofollow\">Download Sales Manual<\/a><\/li>\n<\/ul>\n<h3>FAQ<\/h3>\n<p>In case of flight delays you will be accommodated on the next available train within 24 hours from your original departure date and time. Please contact a CD Customer Service Representative.<\/p>\n<div class=\"gallery\">\n<p><img loading=\"lazy\" decoding=\"async\" src=\"\/wp-content\/uploads\/2019\/10\/3-Ext-railjet-\u010cD.jpg\" alt=\"Czech Rail Railjet Train\" width=\"600\" height=\"400\" \/><\/p>\n<div class=\"desc\">Czech Rail Railjet Train<\/div>\n<\/div>\n<div class=\"gallery\">\n<p><img loading=\"lazy\" decoding=\"async\" src=\"\/wp-content\/uploads\/2019\/10\/3-Ext2-railjet-\u010cD.jpg\" alt=\"Czech Rail Train Exterior\" width=\"600\" height=\"400\" \/><\/p>\n<div class=\"desc\">Czech Rail Train Exterior<\/div>\n<\/div>\n<div class=\"gallery\">\n<p><img loading=\"lazy\" decoding=\"async\" src=\"\/wp-content\/uploads\/2019\/10\/IMG_6157-1.jpg\" alt=\"Second Class Seating\" width=\"600\" height=\"400\" \/><\/p>\n<div class=\"desc\">Second Class Seating<\/div>\n<\/div>\n<div class=\"gallery\">\n<p><img loading=\"lazy\" decoding=\"async\" src=\"\/wp-content\/uploads\/2019\/10\/IMG_6187-1.jpg\" alt=\"Dining Car\" width=\"600\" height=\"400\" \/><\/p>\n<div class=\"desc\">Dining Car<\/div>\n<\/div>\n<div class=\"gallery\">\n<p><img loading=\"lazy\" decoding=\"async\" src=\"\/wp-content\/uploads\/2019\/10\/reko_SC_21.9._51.jpg\" alt=\"Snack Bar\" width=\"600\" height=\"400\" \/><\/p>\n<div class=\"desc\">Snack Bar<\/div>\n<\/div>\n<div class=\"gallery\">\n<p><img loading=\"lazy\" decoding=\"async\" src=\"\/wp-content\/uploads\/2019\/10\/CDID3754-1.jpg\" alt=\"Bike Storage\" width=\"600\" height=\"400\" \/><\/p>\n<div class=\"desc\">Bike Storage<\/div>\n<\/div>\n<p><!--[envira-gallery id=\"2496\"]--><\/p>\n<\/div>\n<\/div>\n<\/div>\n<p><!--\n\n\n<div class=\"col-md-3 col-sm-3\" style=\"padding-top: 41px;\">[quickbookingPtp regionstation=\"europe\" ]<\/div>\n\n\n<\/div>\n\n\n--><\/p>\n<div class=\"row\">\n<div class=\"col-md-12 col-sm-12\"><\/div>\n<\/div>\n","protected":false},"excerpt":{"rendered":"<p>Product Information Availability Booking Information Check-in and Travel Sales Manual About Czech Rail, also known as CD is a comprehensive railway service provider that offers air-rail interlining and standalone bookings with AccesRail 9B\/450 within the Czech Republic. Destinations CD offers segments on the following routes: Prague Train Station (XYG) Ostrava (OSR) Brno (ZDN) Each ticket [&hellip;]<\/p>\n","protected":false},"author":4,"featured_media":0,"parent":8,"menu_order":0,"comment_status":"closed","ping_status":"closed","template":"","meta":{"footnotes":""},"class_list":["post-1421","page","type-page","status-publish","hentry"],"_links":{"self":[{"href":"https:\/\/www.accesrail.com\/fr\/wp-json\/wp\/v2\/pages\/1421","targetHints":{"allow":["GET"]}}],"collection":[{"href":"https:\/\/www.accesrail.com\/fr\/wp-json\/wp\/v2\/pages"}],"about":[{"href":"https:\/\/www.accesrail.com\/fr\/wp-json\/wp\/v2\/types\/page"}],"author":[{"embeddable":true,"href":"https:\/\/www.accesrail.com\/fr\/wp-json\/wp\/v2\/users\/4"}],"replies":[{"embeddable":true,"href":"https:\/\/www.accesrail.com\/fr\/wp-json\/wp\/v2\/comments?post=1421"}],"version-history":[{"count":80,"href":"https:\/\/www.accesrail.com\/fr\/wp-json\/wp\/v2\/pages\/1421\/revisions"}],"predecessor-version":[{"id":3647,"href":"https:\/\/www.accesrail.com\/fr\/wp-json\/wp\/v2\/pages\/1421\/revisions\/3647"}],"up":[{"embeddable":true,"href":"https:\/\/www.accesrail.com\/fr\/wp-json\/wp\/v2\/pages\/8"}],"wp:attachment":[{"href":"https:\/\/www.accesrail.com\/fr\/wp-json\/wp\/v2\/media?parent=1421"}],"curies":[{"name":"wp","href":"https:\/\/api.w.org\/{rel}","templated":true}]}}