{"id":1450,"date":"2017-12-05T16:23:12","date_gmt":"2017-12-05T16:23:12","guid":{"rendered":"https:\/\/accesrail.com\/?page_id=1450"},"modified":"2018-04-10T19:36:49","modified_gmt":"2018-04-10T19:36:49","slug":"cd-czech-railway","status":"publish","type":"page","link":"https:\/\/www.accesrail.com\/fr\/partners\/cd-czech-railway\/","title":{"rendered":"CD - Chemins de fer tch\u00e8ques"},"content":{"rendered":"<p><img loading=\"lazy\" decoding=\"async\" src=\"\/wp-content\/uploads\/2018\/04\/CD-logo.png\" alt=\"cd logo\" width=\"686\" height=\"170\" class=\"alignnone size-full wp-image-1558\" srcset=\"https:\/\/www.accesrail.com\/wp-content\/uploads\/2018\/04\/CD-logo.png 686w, https:\/\/www.accesrail.com\/wp-content\/uploads\/2018\/04\/CD-logo-300x74.png 300w\" sizes=\"auto, (max-width: 686px) 100vw, 686px\" \/><\/p>\n<p>CD offre un service comp\u00e9titif et orient\u00e9 vers le client dans toute la R\u00e9publique tch\u00e8que. Il s'agit du plus grand transporteur ferroviaire tch\u00e8que, avec plus de 175 ans d'exp\u00e9rience dans ce domaine.<\/p>\n<p>CD exploite des trains Pendolino qui offrent des services confortables de premi\u00e8re classe avec wifi gratuit, un petit rafra\u00eechissement et la presse quotidienne. <\/p>\n<h3>Produits<\/h3>\n<ul>\n<li><a class=\"notranslate\" href=\"https:\/\/www.accesrail.com\/fr\/products\/czech-rail\/\">Chemins de fer tch\u00e8ques<\/a><\/li>\n<\/ul>","protected":false},"excerpt":{"rendered":"<p>CD offre un service comp\u00e9titif et orient\u00e9 vers le client dans toute la R\u00e9publique tch\u00e8que. C'est le plus grand transporteur ferroviaire tch\u00e8que avec plus de 175 ans d'exp\u00e9rience dans le secteur. CD exploite des trains Pendolino qui offrent des services confortables de premi\u00e8re classe avec wifi gratuit, un petit rafra\u00eechissement et la presse quotidienne. Produits Czech Rail<\/p>","protected":false},"author":4,"featured_media":0,"parent":42,"menu_order":0,"comment_status":"closed","ping_status":"closed","template":"","meta":{"footnotes":""},"class_list":["post-1450","page","type-page","status-publish","hentry"],"_links":{"self":[{"href":"https:\/\/www.accesrail.com\/fr\/wp-json\/wp\/v2\/pages\/1450","targetHints":{"allow":["GET"]}}],"collection":[{"href":"https:\/\/www.accesrail.com\/fr\/wp-json\/wp\/v2\/pages"}],"about":[{"href":"https:\/\/www.accesrail.com\/fr\/wp-json\/wp\/v2\/types\/page"}],"author":[{"embeddable":true,"href":"https:\/\/www.accesrail.com\/fr\/wp-json\/wp\/v2\/users\/4"}],"replies":[{"embeddable":true,"href":"https:\/\/www.accesrail.com\/fr\/wp-json\/wp\/v2\/comments?post=1450"}],"version-history":[{"count":7,"href":"https:\/\/www.accesrail.com\/fr\/wp-json\/wp\/v2\/pages\/1450\/revisions"}],"predecessor-version":[{"id":1560,"href":"https:\/\/www.accesrail.com\/fr\/wp-json\/wp\/v2\/pages\/1450\/revisions\/1560"}],"up":[{"embeddable":true,"href":"https:\/\/www.accesrail.com\/fr\/wp-json\/wp\/v2\/pages\/42"}],"wp:attachment":[{"href":"https:\/\/www.accesrail.com\/fr\/wp-json\/wp\/v2\/media?parent=1450"}],"curies":[{"name":"wp","href":"https:\/\/api.w.org\/{rel}","templated":true}]}}