{"id":18,"date":"2015-12-22T19:40:41","date_gmt":"2015-12-22T19:40:41","guid":{"rendered":"http:\/\/test.accesrail.com\/?page_id=18"},"modified":"2026-04-23T14:04:44","modified_gmt":"2026-04-23T14:04:44","slug":"michigan-flyer","status":"publish","type":"page","link":"https:\/\/www.accesrail.com\/fr\/products\/michigan-flyer\/","title":{"rendered":"D\u00e9pliant du Michigan"},"content":{"rendered":"<p>&nbsp;<\/p>\n<ul class=\"nav nav-tabs\">\n<li class=\"active\"><a href=\"#tab_1_1\" data-toggle=\"tab\">Informations sur le produit<\/a><\/li>\n<li class=\"\"><a href=\"#tab_1_2\" data-toggle=\"tab\">Disponibilit\u00e9<\/a><\/li>\n<li class=\"\"><a href=\"#tab_1_3\" data-toggle=\"tab\">Informations sur les r\u00e9servations<\/a><\/li>\n<li class=\"\"><a href=\"#tab_1_4\" data-toggle=\"tab\">Enregistrement et voyage<\/a><\/li>\n<li class=\"\"><a href=\"#tab_1_5\" data-toggle=\"tab\">Manuel de vente<\/a><\/li>\n<\/ul>\n<div class=\"tab-content\">\n<div id=\"tab_1_1\" class=\"tab-pane fade active in\">\n<div style=\"clear: both; text-align: right;\"><img loading=\"lazy\" decoding=\"async\" class=\"alignnone wp-image-2273 size-full\" src=\"\/wp-content\/uploads\/2019\/03\/michiganFlyer-logo.png\" alt=\"\" width=\"321\" height=\"93\" srcset=\"https:\/\/www.accesrail.com\/wp-content\/uploads\/2019\/03\/michiganFlyer-logo.png 321w, https:\/\/www.accesrail.com\/wp-content\/uploads\/2019\/03\/michiganFlyer-logo-300x87.png 300w\" sizes=\"auto, (max-width: 321px) 100vw, 321px\" \/><\/div>\n<h3>A propos de<\/h3>\n<p>Le service de bus Michigan Flyer assure la liaison entre East Lansing, Mariott et l'a\u00e9roport m\u00e9tropolitain de D\u00e9troit.<\/p>\n<h3>Destinations<\/h3>\n<p>Le Michigan Flyer assure la liaison :<\/p>\n<ul>\n<li style=\"list-style-type: none;\">\n<ul>East Lansing Mariott (LAN) -&gt; A\u00e9roport de D\u00e9troit (DTW)<\/ul>\n<\/li>\n<\/ul>\n<ul>\n<li style=\"list-style-type: none;\">\n<ul>Detroit Metro Airport (DTW) -&gt; East Lansing Mariott (LAN)<\/ul>\n<\/li>\n<\/ul>\n<ul>\n<li style=\"list-style-type: none;\">\n<ul>A\u00e9roport m\u00e9tropolitain de D\u00e9troit (DTW) -&gt; Ann Arbor (ARB)<\/ul>\n<\/li>\n<\/ul>\n<h3>Carte<\/h3>\n<p><img loading=\"lazy\" decoding=\"async\" class=\"alignnone wp-image-4849\" src=\"https:\/\/www.accesrail.com\/wp-content\/uploads\/2026\/04\/Michigan-Flyer-Map-2-scaled.jpg\" alt=\"\" width=\"1180\" height=\"664\" srcset=\"https:\/\/www.accesrail.com\/wp-content\/uploads\/2026\/04\/Michigan-Flyer-Map-2-scaled.jpg 2560w, https:\/\/www.accesrail.com\/wp-content\/uploads\/2026\/04\/Michigan-Flyer-Map-2-300x169.jpg 300w, https:\/\/www.accesrail.com\/wp-content\/uploads\/2026\/04\/Michigan-Flyer-Map-2-1024x576.jpg 1024w, https:\/\/www.accesrail.com\/wp-content\/uploads\/2026\/04\/Michigan-Flyer-Map-2-768x432.jpg 768w, https:\/\/www.accesrail.com\/wp-content\/uploads\/2026\/04\/Michigan-Flyer-Map-2-1536x864.jpg 1536w, https:\/\/www.accesrail.com\/wp-content\/uploads\/2026\/04\/Michigan-Flyer-Map-2-2048x1152.jpg 2048w, https:\/\/www.accesrail.com\/wp-content\/uploads\/2026\/04\/Michigan-Flyer-Map-2-18x10.jpg 18w\" sizes=\"auto, (max-width: 1180px) 100vw, 1180px\" \/><\/p>\n<p><img loading=\"lazy\" decoding=\"async\" class=\"alignleft size-full wp-image-658\" src=\"\/wp-content\/uploads\/2015\/12\/USA_Michigan-flyer-2.jpg\" alt=\"\" width=\"360\" height=\"180\" srcset=\"https:\/\/www.accesrail.com\/wp-content\/uploads\/2015\/12\/USA_Michigan-flyer-2.jpg 360w, https:\/\/www.accesrail.com\/wp-content\/uploads\/2015\/12\/USA_Michigan-flyer-2-300x150.jpg 300w\" sizes=\"auto, (max-width: 360px) 100vw, 360px\" \/><\/p>\n<\/div>\n<div id=\"tab_1_2\" class=\"tab-pane fade\">\n<h3>Les billets \u00e9lectroniques Michigan Flyer sont disponibles comme suit :<\/h3>\n<ul>\n<li class=\"notranslate\">Autonome <a class=\"btn green-meadow\" style=\"cursor: default;\" href=\"#\" data-toggle=\"modal\">9B\/450<\/a> Interline <a class=\"btn green-meadow\" style=\"cursor: default;\" href=\"#\" data-toggle=\"modal\">Interline<\/a><\/li>\n<\/ul>\n<h3 class=\"notranslate\">Les ventes autonomes (billetterie sur plaque 9B) sont possibles sur ces march\u00e9s BSP\/ARC :<\/h3>\n<ul>\n<li>ARC USA<\/li>\n<li>BSP Australie<\/li>\n<li>BSP Autriche<\/li>\n<li>BSP Belgique\/Pays-Bas\/Luxembourg<\/li>\n<li>BSP Canada<\/li>\n<li>BSP R\u00e9publique tch\u00e8que<\/li>\n<li>BSP Finlande<\/li>\n<li>BSP France<\/li>\n<li>BSP Allemagne<\/li>\n<li>BSP Hong Kong<\/li>\n<li>BSP Inde<\/li>\n<li>BSP Indon\u00e9sie<\/li>\n<li>BSP Irlande<\/li>\n<li>BSP Italie<\/li>\n<li>BSP Japon<\/li>\n<li>BSP Macao<\/li>\n<li>BSP Malaisie<\/li>\n<li>BSP Mexique<\/li>\n<li>BSP Norv\u00e8ge<\/li>\n<li>BSP Scandinavia - Ouvert en Su\u00e8de, au Danemark, en Estonie, en Lettonie et en Lituanie.<\/li>\n<li>BSP Singapour<\/li>\n<li>BSP Cor\u00e9e du Sud<\/li>\n<li>BSP Espagne<\/li>\n<li>BSP Suisse\/Liechtenstein<\/li>\n<li>BSP Ta\u00efwan<\/li>\n<li>BSP Tha\u00eflande<\/li>\n<li>BSP UK<\/li>\n<li>BSP Vietnam<\/li>\n<\/ul>\n<h3>Participation au SMD<\/h3>\n<ul class=\"notranslate\">\n<li>Abacus<\/li>\n<li>Amadeus<\/li>\n<li>Apollo<\/li>\n<li>Axess<\/li>\n<li>Galil\u00e9e<\/li>\n<li>Sabre Infini<\/li>\n<li>Sirena Travel<\/li>\n<li>SITA<\/li>\n<li>Ciel de voyage<\/li>\n<li>Topas<\/li>\n<li>Espace mondial de l'\u00e9ducation<\/li>\n<\/ul>\n<h3>\u00c9ligibilit\u00e9<\/h3>\n<ul>\n<li>Disponible dans le monde entier.<\/li>\n<\/ul>\n<\/div>\n<div id=\"tab_1_3\" class=\"tab-pane fade\">\n<h3>Gamme de bus<\/h3>\n<ul>\n<li>9B vols 8000 - 8049<\/li>\n<\/ul>\n<h3>R\u00e9servation de cours<\/h3>\n<ul>\n<li>Y : Classe \u00e9conomique<\/li>\n<\/ul>\n<p>Am\u00e9nagements du Michigan Flyer :<\/p>\n<ul>\n<li>Internet Wi-Fi gratuit \u00e0 bord<\/li>\n<li>Prises \u00e9lectriques 110 volts<\/li>\n<li>Eau en bouteille gratuite \u00e0 bord<\/li>\n<li>Si\u00e8ges inclinables avec repose-pieds<\/li>\n<li>Lampes de lecture douces<\/li>\n<li>WC\/salle de bain \u00e0 bord<\/li>\n<li>Demander au chauffeur d'organiser \u00e0 l'avance un taxi \u00e0 l'arriv\u00e9e de votre destination.<\/li>\n<li>Enterprise rental car d\u00e9livrera une carte de location sur r\u00e9servation pr\u00e9alable.<\/li>\n<\/ul>\n<h3>Annulation automatique de la r\u00e9servation<\/h3>\n<ul>\n<li>Si la r\u00e9servation n'est pas enregistr\u00e9e 36 heures avant le d\u00e9part, la r\u00e9servation sera automatiquement annul\u00e9e.<\/li>\n<\/ul>\n<h3>SSR CTCE :<\/h3>\n<p>Lors de la d\u00e9livrance d'une plaque 9B\/450, veuillez utiliser le format \"SSR CTCE\" au moment de la r\u00e9servation afin de communiquer l'adresse \u00e9lectronique du PAX \u00e0 9B, de sorte que 9B puisse envoyer un courrier \u00e9lectronique 72 heures avant le d\u00e9part pour rappeler au passager qu'il doit se pr\u00e9senter \u00e0 l'enregistrement obligatoire le jour de son d\u00e9part. <a href=\"https:\/\/www.accesrail.com\/fr\/\">accesrail.com<\/a>.<\/p>\n<h3>Remboursements<\/h3>\n<p>Veuillez consulter les r\u00e8gles tarifaires pour plus de d\u00e9tails.<\/p>\n<p>Veuillez contacter le point de vente pour les remboursements.<\/p>\n<h3>Groupes<\/h3>\n<ul>\n<li>Jusqu'\u00e0 9 passagers avec des noms uniques par PNR lors d'une r\u00e9servation avec 9B. Exemple : Un groupe de 20 personnes sera r\u00e9serv\u00e9 sur trois PNR diff\u00e9rents (PNR 1 : 9 personnes, PNR 2 : 9 personnes, PNR 3 : 2 personnes).<\/li>\n<\/ul>\n<h3>Affichage de la disponibilit\u00e9 du GDS<\/h3>\n<ul style=\"list-style-type: none;\">\n<li>L'image ci-dessous est un affichage typique de la disponibilit\u00e9 GDS d\u00e9montrant un itin\u00e9raire possible entre DTX et LAN.<\/li>\n<li><img loading=\"lazy\" decoding=\"async\" class=\"alignnone wp-image-4250\" src=\"https:\/\/www.accesrail.com\/wp-content\/uploads\/2025\/02\/Screenshot-2025-02-21-121125.png\" alt=\"\" width=\"786\" height=\"289\" srcset=\"https:\/\/www.accesrail.com\/wp-content\/uploads\/2025\/02\/Screenshot-2025-02-21-121125.png 688w, https:\/\/www.accesrail.com\/wp-content\/uploads\/2025\/02\/Screenshot-2025-02-21-121125-300x110.png 300w\" sizes=\"auto, (max-width: 786px) 100vw, 786px\" \/><\/li>\n<\/ul>\n<h3>R\u00e9servation de PNR<\/h3>\n<ul style=\"list-style-type: none;\">\n<li><img loading=\"lazy\" decoding=\"async\" class=\"alignnone wp-image-4800\" src=\"https:\/\/www.accesrail.com\/wp-content\/uploads\/2026\/04\/Screenshot-2026-04-02-112357.png\" alt=\"\" width=\"526\" height=\"224\" srcset=\"https:\/\/www.accesrail.com\/wp-content\/uploads\/2026\/04\/Screenshot-2026-04-02-112357.png 493w, https:\/\/www.accesrail.com\/wp-content\/uploads\/2026\/04\/Screenshot-2026-04-02-112357-300x128.png 300w, https:\/\/www.accesrail.com\/wp-content\/uploads\/2026\/04\/Screenshot-2026-04-02-112357-18x8.png 18w\" sizes=\"auto, (max-width: 526px) 100vw, 526px\" \/><\/li>\n<\/ul>\n<\/div>\n<div id=\"tab_1_4\" class=\"tab-pane fade\">\n<h3>Enregistrement<\/h3>\n<div>\n<p>Au plus t\u00f4t 72 heures avant le d\u00e9part du train, le passager devra s'enregistrer \u00e0 l'adresse suivante <a href=\"https:\/\/check-in.accesrail.com\" target=\"_blank\" rel=\"noopener noreferrer\">www.accesrail.com <\/a>pour imprimer la carte d'embarquement Michigan Flyer E-ticket ou t\u00e9l\u00e9charger le billet \u00e9lectronique sur leur t\u00e9l\u00e9phone portable.<\/p>\n<\/div>\n<div>Chaque segment doit \u00eatre enregistr\u00e9 individuellement.<\/div>\n<div><\/div>\n<div class=\"portlet light\">\n<div class=\"portlet-title\">\n<div class=\"caption\"><span class=\"caption-subject bold font-yellow-casablanca uppercase\"> Enregistrement <\/span><\/div>\n<\/div>\n<div class=\"portlet-body\">\n<p><img decoding=\"async\" src=\"\/wp-content\/uploads\/2015\/12\/Check-in.png\" alt=\"\" width=\"50%\" align=\"left\" \/><\/p>\n<div class=\"mt-element-list\">\n<div class=\"mt-list-container list-default ext-1 group\">\n<div id=\"completed\" class=\"panel-collapse collapse in\">\n<ul>\n<li class=\"mt-list-item done\">\n<div class=\"list-icon-container\">\n<p>&nbsp;<\/p>\n<p>&nbsp;<\/p>\n<\/div>\n<div class=\"list-item-content\">\n<p>Visites de passagers <a href=\"https:\/\/check-in.accesrail.com\" target=\"_blank\" rel=\"noopener noreferrer\">check-in.accesrail.com<\/a> dans les 72 heures pr\u00e9c\u00e9dant le d\u00e9part.<\/p>\n<\/div>\n<\/li>\n<li class=\"mt-list-item done\"><\/li>\n<li class=\"mt-list-item done\">\n<div class=\"list-icon-container\">\n<p>&nbsp;<\/p>\n<p>&nbsp;<\/p>\n<\/div>\n<div class=\"list-item-content\">\n<p>Le passager saisit son nom et son pr\u00e9nom ainsi que l'un des \u00e9l\u00e9ments suivants : Localisateur PNR ou num\u00e9ro de billet \u00e9lectronique.<\/p>\n<\/div>\n<\/li>\n<li class=\"mt-list-item done\">\n<div class=\"list-icon-container\">\n<p>&nbsp;<\/p>\n<p>&nbsp;<\/p>\n<\/div>\n<div class=\"list-item-content\">\n<p>Le passager imprime le document de voyage, qui est exig\u00e9 pour l'embarquement.<\/p>\n<\/div>\n<\/li>\n<\/ul>\n<\/div>\n<\/div>\n<\/div>\n<p>&nbsp;<\/p>\n<\/div>\n<\/div>\n<h3>Ticket Michigan Flyer<\/h3>\n<p>Les documents de voyage d\u00e9livr\u00e9s sont un billet Michigan Flyer accompagn\u00e9 d'un code-barres, comme indiqu\u00e9 ci-dessous, et d'une page contenant des informations sur les correspondances entre les a\u00e9roports et les gares.<\/p>\n<p><img loading=\"lazy\" decoding=\"async\" class=\"alignnone wp-image-4263\" src=\"https:\/\/www.accesrail.com\/wp-content\/uploads\/2025\/02\/Screenshot-2025-02-25-105643.png\" alt=\"\" width=\"509\" height=\"629\" srcset=\"https:\/\/www.accesrail.com\/wp-content\/uploads\/2025\/02\/Screenshot-2025-02-25-105643.png 690w, https:\/\/www.accesrail.com\/wp-content\/uploads\/2025\/02\/Screenshot-2025-02-25-105643-243x300.png 243w\" sizes=\"auto, (max-width: 509px) 100vw, 509px\" \/> \u00a0<img loading=\"lazy\" decoding=\"async\" class=\"alignnone wp-image-4285\" src=\"https:\/\/www.accesrail.com\/wp-content\/uploads\/2025\/03\/Screenshot-2025-03-13-140904.png\" alt=\"\" width=\"509\" height=\"661\" srcset=\"https:\/\/www.accesrail.com\/wp-content\/uploads\/2025\/03\/Screenshot-2025-03-13-140904.png 650w, https:\/\/www.accesrail.com\/wp-content\/uploads\/2025\/03\/Screenshot-2025-03-13-140904-231x300.png 231w\" sizes=\"auto, (max-width: 509px) 100vw, 509px\" \/><\/p>\n<h3>Documents de voyage<\/h3>\n<p>Une pi\u00e8ce d'identit\u00e9 et un billet \u00e9lectronique sont n\u00e9cessaires pour monter \u00e0 bord de l'autocar Michigan Flyer.<\/p>\n<p>Tous les billets de transport terrestre 9B doivent \u00eatre trait\u00e9s dans votre syst\u00e8me comme n'importe quel autre billet d'avion. Pour Michigan Flyer, veuillez \u00e9mettre des billets \u00e9lectroniques. Utilisez la m\u00eame entr\u00e9e que pour les transporteurs a\u00e9riens. Tous les billets 9B doivent \u00eatre d\u00e9clar\u00e9s par le biais de votre processus de d\u00e9claration standard (BSP\/ARC). Il s'agit litt\u00e9ralement d'un billet d'avion \u00e9lectronique et le conducteur de l'autocar aura une trace de cette vente pr\u00e9pay\u00e9e (en tant que billet \u00e9lectronique). Veuillez fournir \u00e0 votre client une copie de l'itin\u00e9raire GDS indiquant le segment pour lequel le billet a \u00e9t\u00e9 \u00e9mis.<\/p>\n<h3>P\u00e9riode de validit\u00e9<\/h3>\n<ul>\n<li>Valable pour une date, une heure et un bus sp\u00e9cifiques selon les horaires. Tous les services sont class\u00e9s en vente libre.<\/li>\n<li>Les billets Michigan Flyer sont valables pendant 24 heures \u00e0 partir de l'heure indiqu\u00e9e sur le billet.<\/li>\n<\/ul>\n<h3>R\u00e9servation de si\u00e8ges<\/h3>\n<p>Si\u00e8ge garanti. Pas de si\u00e8ge fixe attribu\u00e9. Pas de surr\u00e9servation.<\/p>\n<h3>Politique en mati\u00e8re de bagages<\/h3>\n<p>Michigan Flyer autorise deux bagages enregistr\u00e9s et un bagage \u00e0 main, ainsi qu'un sac \u00e0 main ou un sac \u00e0 dos, sans frais. Afin d'\u00e9viter des frais suppl\u00e9mentaires pour les bagages surdimensionn\u00e9s ou en surpoids, chaque bagage enregistr\u00e9 doit :<\/p>\n<ul>\n<li>Peser 23 kg (50 livres) ou moins<\/li>\n<li>Ne pas d\u00e9passer 62 pouces (157 cm) en longueur + largeur + hauteur.<\/li>\n<\/ul>\n<p><strong>A\u00e9roport de Detroit (DTW) de\/\u00e0 :<\/strong><\/p>\n<ul>\n<li>East Lansing Mariott(LAN)<\/li>\n<\/ul>\n<ul>\n<li>Tous les autocars partent et reviennent aux deux terminaux de l'a\u00e9roport m\u00e9tropolitain de D\u00e9troit.<\/li>\n<li>Michigan Flyer ne dessert pas les a\u00e9roports d'Ann Arbor, de Jackson ou de Lansing.<\/li>\n<li>Le site de Lansing se trouve uniquement \u00e0 l'h\u00f4tel Marriott, East Lansing City Center, 333 Albert st., East Lansing, Michigan (en face du campus de l'universit\u00e9 du Michigan).<\/li>\n<li>Pour plus de d\u00e9tails sur les lieux de ramassage : <a href=\"http:\/\/www.michiganflyer.com\/LocationsParking.aspx\" target=\"_blank\" rel=\"noopener noreferrer\">http:\/\/www.michiganflyer.com\/LocationsParking.aspx<\/a><\/li>\n<\/ul>\n<h3>Conditions g\u00e9n\u00e9rales d'utilisation<\/h3>\n<p>Les conditions compl\u00e8tes peuvent \u00eatre t\u00e9l\u00e9charg\u00e9es \/ imprim\u00e9es \u00e0 partir du site : <a href=\"http:\/\/www.michiganflyer.com\/FAQsPolicies.aspx\" target=\"_blank\" rel=\"noopener noreferrer\">http:\/\/www.michiganflyer.com\/FAQsPolicies.aspx<\/a><\/p>\n<\/div>\n<div id=\"tab_1_5\" class=\"tab-pane fade\">\n<ul>\n<li style=\"list-style-type: none;\">\n<ul>\n<li style=\"list-style-type: none;\">\n<ul>\n<li><a class=\"noslimstat\" href=\"#\" rel=\"nofollow\" onclick=\"window.print(); return false;\">T\u00e9l\u00e9charger le manuel de vente<\/a><\/li>\n<\/ul>\n<\/li>\n<\/ul>\n<\/li>\n<\/ul>\n<h3>FAQ<\/h3>\n<p><strong>Que se passe-t-il si le passager manque sa correspondance ?<\/strong><br \/>\nSi vous manquez votre autocar, dans la plupart des cas, Michigan Flyer vous accueillera sans frais suppl\u00e9mentaires dans l'autocar suivant qui a de la place.<\/p>\n<\/div>\n<\/div>","protected":false},"excerpt":{"rendered":"<p>&nbsp; Product Information Availability Booking Information Check-in and Travel Sales Manual About Michigan Flyer coach (bus) service provides connections between East Lansing, Mariott, and Detroit Metropolitan Airport. Destinations Michigan Flyer runs the route: East Lansing Mariott (LAN) \u2013&gt; Detroit Airport (DTW) Detroit Metro Airport (DTW) \u2013&gt;\u00a0 East Lansing Mariott (LAN) Detroit Metro Airport (DTW) \u2013&gt; [&hellip;]<\/p>\n","protected":false},"author":4,"featured_media":0,"parent":8,"menu_order":0,"comment_status":"closed","ping_status":"closed","template":"","meta":{"footnotes":""},"class_list":["post-18","page","type-page","status-publish","hentry"],"_links":{"self":[{"href":"https:\/\/www.accesrail.com\/fr\/wp-json\/wp\/v2\/pages\/18","targetHints":{"allow":["GET"]}}],"collection":[{"href":"https:\/\/www.accesrail.com\/fr\/wp-json\/wp\/v2\/pages"}],"about":[{"href":"https:\/\/www.accesrail.com\/fr\/wp-json\/wp\/v2\/types\/page"}],"author":[{"embeddable":true,"href":"https:\/\/www.accesrail.com\/fr\/wp-json\/wp\/v2\/users\/4"}],"replies":[{"embeddable":true,"href":"https:\/\/www.accesrail.com\/fr\/wp-json\/wp\/v2\/comments?post=18"}],"version-history":[{"count":75,"href":"https:\/\/www.accesrail.com\/fr\/wp-json\/wp\/v2\/pages\/18\/revisions"}],"predecessor-version":[{"id":4858,"href":"https:\/\/www.accesrail.com\/fr\/wp-json\/wp\/v2\/pages\/18\/revisions\/4858"}],"up":[{"embeddable":true,"href":"https:\/\/www.accesrail.com\/fr\/wp-json\/wp\/v2\/pages\/8"}],"wp:attachment":[{"href":"https:\/\/www.accesrail.com\/fr\/wp-json\/wp\/v2\/media?parent=18"}],"curies":[{"name":"wp","href":"https:\/\/api.w.org\/{rel}","templated":true}]}}