{"id":20,"date":"2015-12-22T19:41:06","date_gmt":"2015-12-22T19:41:06","guid":{"rendered":"http:\/\/test.accesrail.com\/?page_id=20"},"modified":"2025-10-03T13:20:22","modified_gmt":"2025-10-03T13:20:22","slug":"national-express","status":"publish","type":"page","link":"https:\/\/www.accesrail.com\/fr\/products\/national-express\/","title":{"rendered":"National Express"},"content":{"rendered":"<p>&nbsp;<\/p>\n<ul class=\"nav nav-tabs\">\n<li class=\"active\"><a href=\"#tab_1_1\" data-toggle=\"tab\">Informations sur le produit<\/a><\/li>\n<li class=\"\"><a href=\"#tab_1_2\" data-toggle=\"tab\">Disponibilit\u00e9<\/a><\/li>\n<li class=\"\"><a href=\"#tab_1_3\" data-toggle=\"tab\">Informations sur les r\u00e9servations<\/a><\/li>\n<li class=\"\"><a href=\"#tab_1_4\" data-toggle=\"tab\">Enregistrement et voyage<\/a><\/li>\n<li class=\"\"><a href=\"#tab_1_5\" data-toggle=\"tab\">Manuel de vente<\/a><\/li>\n<\/ul>\n<div class=\"tab-content\">\n<div id=\"tab_1_1\" class=\"tab-pane fade active in\">\n<div style=\"clear: both; text-align: right;\"><a href=\"https:\/\/www.accesrail.com\/fr\/partners\/national-express\/\"><img loading=\"lazy\" decoding=\"async\" class=\"alignnone wp-image-458 size-full\" src=\"\/wp-content\/uploads\/2015\/12\/logo-ne.png\" alt=\"\" width=\"150\" height=\"50\" \/><\/a><\/div>\n<h3>A propos de<\/h3>\n<p>Le service de bus National Express (NX) propose des r\u00e9servations interlignes et autonomes avec AccesRail 9B\/450. Les passagers peuvent effectuer une r\u00e9servation unique qui couvre \u00e0 la fois le segment a\u00e9rien et le segment bus vers une s\u00e9lection de gares routi\u00e8res National Express.<\/p>\n<h3>Destinations<\/h3>\n<p>National Express propose un service de bus entre la gare routi\u00e8re centrale de l'a\u00e9roport de Londres Heathrow et la gare de l'a\u00e9roport de Manchester pour les destinations suivantes :<\/p>\n<table class=\"table table-striped table-bordered table-hover\">\n<thead>\n<tr>\n<th colspan=\"2\">A\u00e9roport de Londres Heathrow (LHR) de\/\u00e0 :<\/th>\n<\/tr>\n<\/thead>\n<tbody>\n<tr>\n<td>\n<ul>\n<li>Bath Spa (QQX)<\/li>\n<li>Birmingham (BHX\/ZBC)<\/li>\n<li>Bournemouth (BOH)<\/li>\n<li>Brighton (BSH)<\/li>\n<li>Bristol (BRS)<\/li>\n<li>Cambridge (CBG)<\/li>\n<li>Cardiff (CWL)<\/li>\n<li style=\"font-weight: 400;\" aria-level=\"1\"><span style=\"font-weight: 400;\">Gare routi\u00e8re de Cheltenham (CHW)\u00a0<\/span><\/li>\n<li style=\"font-weight: 400;\" aria-level=\"1\"><span style=\"font-weight: 400;\">Gare routi\u00e8re de Colchester (CLB)<\/span><\/li>\n<li>Coventry (CVT)<\/li>\n<li>Exeter (EXT)<\/li>\n<li>Gatwick (LGW)<\/li>\n<li>Leicester (QEW)<\/li>\n<li>A\u00e9roport de Luton (LTN)<\/li>\n<li style=\"font-weight: 400;\" aria-level=\"1\"><span style=\"font-weight: 400;\">Milton Keynes (KYN)<\/span><\/li>\n<\/ul>\n<\/td>\n<td>\n<ul>\n<li>Newport (Sud du Pays de Galles) (XNE)<\/li>\n<li>Norwich (NWI)<\/li>\n<li>Nottingham (ZGB)<\/li>\n<li>Oxford (OXF)<\/li>\n<li>Plymouth (GWR)<\/li>\n<li aria-level=\"1\">Gare routi\u00e8re de Poole (POQ)<\/li>\n<li aria-level=\"1\">Gare routi\u00e8re de Ringwood (RNW)<\/li>\n<li>Southampton (SOU)<\/li>\n<li>Stansted (STN)<\/li>\n<li>Swansea (SWS)<\/li>\n<li>Swindon (XWS)<\/li>\n<li>Taunton (TTY)<\/li>\n<li aria-level=\"1\">Gare routi\u00e8re de Winchester (WNC)<\/li>\n<\/ul>\n<\/td>\n<\/tr>\n<\/tbody>\n<\/table>\n<table class=\"table table-striped table-bordered table-hover\">\n<thead>\n<tr>\n<th colspan=\"2\">A\u00e9roport de Manchester (MAN) de\/\u00e0 :<\/th>\n<\/tr>\n<\/thead>\n<tbody>\n<tr>\n<td>\n<ul>\n<li>Liverpool (LXC)<\/li>\n<li>Manchester (ZMP)<\/li>\n<li>Leeds (ZLZ)<\/li>\n<li>Bradford (ZFC)<\/li>\n<li>Birmingham (BHX\/ZBC)<\/li>\n<\/ul>\n<\/td>\n<td><\/td>\n<\/tr>\n<\/tbody>\n<\/table>\n<p>&nbsp;<\/p>\n<h3>Carte<\/h3>\n<ul>\n<li><a href=\"https:\/\/www.accesrail.com\/wp-content\/uploads\/2025\/07\/NX_Map.jpg\" target=\"_blank\" rel=\"noopener noreferrer\">Voir la carte<\/a><\/li>\n<\/ul>\n<p><img decoding=\"async\" class=\"alignnone size-full wp-image-2422\" src=\"\/wp-content\/uploads\/2019\/08\/National-Express.jpg\" alt=\"\" width=\"100%\" srcset=\"https:\/\/www.accesrail.com\/wp-content\/uploads\/2019\/08\/National-Express.jpg 900w, https:\/\/www.accesrail.com\/wp-content\/uploads\/2019\/08\/National-Express-300x194.jpg 300w, https:\/\/www.accesrail.com\/wp-content\/uploads\/2019\/08\/National-Express-768x497.jpg 768w\" sizes=\"(max-width: 900px) 100vw, 900px\" \/><\/p>\n<\/div>\n<div id=\"tab_1_2\" class=\"tab-pane fade\">\n<h3>Les E-tickets de National Express Bus sont disponibles comme suit :<\/h3>\n<ul>\n<li class=\"notranslate\">Autonome <a class=\"btn green-meadow\" style=\"cursor: default;\" href=\"#\" data-toggle=\"modal\">9B\/450<\/a> Interline <a class=\"btn green-meadow\" style=\"cursor: default;\" href=\"#\" data-toggle=\"modal\">Interline<\/a><\/li>\n<\/ul>\n<p>&nbsp;<\/p>\n<h3 class=\"notranslate\">Les ventes autonomes (billetterie sur plaque 9B) sont possibles sur ces march\u00e9s BSP\/ARC :<\/h3>\n<ul>\n<li>ARC USA<\/li>\n<li>BSP Australie<\/li>\n<li>BSP Autriche<\/li>\n<li>BSP Belgique\/Pays-Bas\/Luxembourg<\/li>\n<li>BSP Canada<\/li>\n<li>BSP R\u00e9publique tch\u00e8que<\/li>\n<li>BSP Finlande<\/li>\n<li>BSP France<\/li>\n<li>BSP Allemagne<\/li>\n<li>BSP Hong Kong<\/li>\n<li>BSP Inde<\/li>\n<li>BSP Indon\u00e9sie<\/li>\n<li>BSP Irlande<\/li>\n<li>BSP Italie<\/li>\n<li>BSP Japon<\/li>\n<li>BSP Macao<\/li>\n<li>BSP Malaisie<\/li>\n<li>BSP Mexique<\/li>\n<li>BSP Norv\u00e8ge<\/li>\n<li>BSP Scandinavia - Ouvert en Su\u00e8de, au Danemark, en Estonie, en Lettonie et en Lituanie.<\/li>\n<li>BSP Singapour<\/li>\n<li>BSP Cor\u00e9e du Sud<\/li>\n<li>BSP Espagne<\/li>\n<li>BSP Suisse\/Liechtenstein<\/li>\n<li>BSP Ta\u00efwan<\/li>\n<li>BSP Tha\u00eflande<\/li>\n<li>BSP UK<\/li>\n<li>BSP Vietnam<\/li>\n<\/ul>\n<p>&nbsp;<\/p>\n<h3>Participation au SMD<\/h3>\n<ul class=\"notranslate\">\n<li>Abacus<\/li>\n<li>Amadeus<\/li>\n<li>Apollo<\/li>\n<li>Axess<\/li>\n<li>Galil\u00e9e<\/li>\n<li>Sabre Infini<\/li>\n<li>Sirena Travel<\/li>\n<li>SITA<\/li>\n<li>Ciel de voyage<\/li>\n<li>Topas<\/li>\n<li>Espace mondial de l'\u00e9ducation<\/li>\n<\/ul>\n<p>&nbsp;<\/p>\n<h3>\u00c9ligibilit\u00e9<\/h3>\n<ul>\n<li>Disponible dans le monde entier.<\/li>\n<\/ul>\n<p>&nbsp;<\/p>\n<\/div>\n<div id=\"tab_1_3\" class=\"tab-pane fade\">\n<h3 class=\"notranslate\">Gamme de trains<\/h3>\n<ul>\n<li>9B vols 0 - 999<\/li>\n<\/ul>\n<h3>R\u00e9servation de cours<\/h3>\n<ul>\n<li>S : Classe standard<\/li>\n<\/ul>\n<h3>Annulation automatique de la r\u00e9servation<\/h3>\n<ul>\n<li>Jusqu'\u00e0 36 heures avant le d\u00e9part.<\/li>\n<\/ul>\n<h3>R\u00e9ductions<\/h3>\n<ul>\n<li>Les enfants de moins de 2 ans voyagent gratuitement sans billet si aucun si\u00e8ge n'est requis.<\/li>\n<li>\u00c2ge de la CHD : 2-12.<\/li>\n<li>Aucune r\u00e9servation de groupe n'est autoris\u00e9e. Jusqu'\u00e0 99 passagers avec des noms uniques peuvent \u00eatre \u00e9mis sur le m\u00eame PNR.<\/li>\n<\/ul>\n<h3>Affichage de la disponibilit\u00e9 du GDS<\/h3>\n<p>L'image ci-dessous est un affichage typique des disponibilit\u00e9s du GDS montrant un itin\u00e9raire possible entre l'a\u00e9roport de Londres Heathrow (LHR) et Birmingham (BHX\/ZBC).<\/p>\n<p><img loading=\"lazy\" decoding=\"async\" class=\"alignnone size-full wp-image-933\" src=\"\/wp-content\/uploads\/2015\/12\/NX-Schedule.jpg\" alt=\"nx-schedule\" width=\"695\" height=\"399\" srcset=\"https:\/\/www.accesrail.com\/wp-content\/uploads\/2015\/12\/NX-Schedule.jpg 695w, https:\/\/www.accesrail.com\/wp-content\/uploads\/2015\/12\/NX-Schedule-300x172.jpg 300w\" sizes=\"auto, (max-width: 695px) 100vw, 695px\" \/><\/p>\n<h3>R\u00e9servation de PNR<\/h3>\n<p>L'image ci-dessous repr\u00e9sente un PNR r\u00e9serv\u00e9 sur le GDS par un agent de voyage ou un agent de billetterie d'une compagnie a\u00e9rienne (ATO).<\/p>\n<p><img loading=\"lazy\" decoding=\"async\" class=\"alignnone size-full wp-image-1402\" src=\"\/wp-content\/uploads\/2015\/12\/Capture.png\" alt=\"\" width=\"524\" height=\"122\" srcset=\"https:\/\/www.accesrail.com\/wp-content\/uploads\/2015\/12\/Capture.png 524w, https:\/\/www.accesrail.com\/wp-content\/uploads\/2015\/12\/Capture-300x70.png 300w\" sizes=\"auto, (max-width: 524px) 100vw, 524px\" \/><\/p>\n<h3>SSR CTCE :<\/h3>\n<p>Lors de la d\u00e9livrance d'une plaque 9B\/450, veuillez utiliser le format \"SSR CTCE\" au moment de la r\u00e9servation afin de communiquer l'adresse \u00e9lectronique du PAX \u00e0 9B, de sorte que 9B puisse envoyer un courrier \u00e9lectronique 72 heures avant le d\u00e9part pour rappeler au passager qu'il doit se pr\u00e9senter \u00e0 l'enregistrement obligatoire le jour de son d\u00e9part. <a href=\"https:\/\/www.accesrail.com\/fr\/\">accesrail.com<\/a>.<\/p>\n<h3>Remboursements<\/h3>\n<ul>\n<li>Les remboursements seront appliqu\u00e9s conform\u00e9ment aux r\u00e8gles tarifaires.<\/li>\n<\/ul>\n<h3>Groupes<\/h3>\n<ul>\n<li>Aucune r\u00e9servation de groupe n'est autoris\u00e9e. Jusqu'\u00e0 99 passagers avec des noms uniques peuvent \u00eatre \u00e9mis sur le m\u00eame PNR.<\/li>\n<\/ul>\n<\/div>\n<div id=\"tab_1_4\" class=\"tab-pane fade\">\n<h3>Enregistrement<\/h3>\n<p><a href=\"https:\/\/check-in.accesrail.com\" target=\"_blank\" rel=\"noopener noreferrer\">check-in.accesrail.com<\/a><\/p>\n<div class=\"portlet light\">\n<div class=\"portlet-title\">\n<div class=\"caption\"><i class=\"icon-pin font-yellow-crusta\"><\/i><span class=\"caption-subject bold font-yellow-casablanca uppercase\"> Enregistrement <\/span><\/div>\n<\/div>\n<div class=\"portlet-body\">\n<p><img decoding=\"async\" src=\"\/wp-content\/uploads\/2015\/12\/Check-in.png\" alt=\"\" width=\"50%\" align=\"left\" \/><\/p>\n<div class=\"mt-element-list\">\n<div class=\"mt-list-container list-default ext-1 group\">\n<div id=\"completed\" class=\"panel-collapse collapse in\">\n<ul>\n<li class=\"mt-list-item done\">\n<div class=\"list-icon-container\"><a><br \/>\n<i class=\"icon-check\" style=\"top: -20px;\"><\/i><br \/>\n<\/a><\/div>\n<div class=\"list-item-content\">\n<p>Visites de passagers <a href=\"https:\/\/check-in.accesrail.com\" target=\"_blank\" rel=\"noopener noreferrer\">check-in.accesrail.com<\/a> dans les 72 heures pr\u00e9c\u00e9dant le d\u00e9part.<\/p>\n<\/div>\n<\/li>\n<li class=\"mt-list-item done\">\n<div class=\"list-icon-container\"><a><br \/>\n<i class=\"icon-check\" style=\"top: -20px;\"><\/i><br \/>\n<\/a><\/div>\n<div class=\"list-item-content\">\n<p>Le passager saisit son nom et son pr\u00e9nom ainsi que l'un des \u00e9l\u00e9ments suivants : Localisateur PNR ou num\u00e9ro de billet \u00e9lectronique.<\/p>\n<\/div>\n<\/li>\n<li class=\"mt-list-item done\">\n<div class=\"list-icon-container\"><a><br \/>\n<i class=\"icon-check\" style=\"top: -20px;\"><\/i><br \/>\n<\/a><\/div>\n<div class=\"list-item-content\">\n<p>Le passager imprime le document de voyage, qui est exig\u00e9 pour l'embarquement.<\/p>\n<\/div>\n<\/li>\n<\/ul>\n<\/div>\n<\/div>\n<\/div>\n<p>&nbsp;<\/p>\n<\/div>\n<\/div>\n<h3>Documents de voyage<\/h3>\n<p>Au moment de l'achat, l'agent de voyage re\u00e7oit le num\u00e9ro de retrait du billet \u00e9lectronique par le biais d'une demande de service sp\u00e9cial (SSR). Pour r\u00e9cup\u00e9rer leur document de voyage, les passagers doivent s'enregistrer et imprimer leur billet avant de monter dans le bus.<\/p>\n<p><img loading=\"lazy\" decoding=\"async\" class=\"alignnone size-full wp-image-2413\" src=\"\/wp-content\/uploads\/2019\/07\/sample.jpg\" alt=\"\" width=\"657\" height=\"826\" srcset=\"https:\/\/www.accesrail.com\/wp-content\/uploads\/2019\/07\/sample.jpg 657w, https:\/\/www.accesrail.com\/wp-content\/uploads\/2019\/07\/sample-239x300.jpg 239w\" sizes=\"auto, (max-width: 657px) 100vw, 657px\" \/><\/p>\n<h3>P\u00e9riode de validit\u00e9<\/h3>\n<p>Les billets National Express sont valables pour voyager entre les points sp\u00e9cifi\u00e9s sur ce billet jusqu'\u00e0 24 heures \u00e0 partir de l'heure de d\u00e9part indiqu\u00e9e.<\/p>\n<h3>R\u00e9servation de si\u00e8ges<\/h3>\n<p>Une place assise est garantie sur le trajet \u00e0 l'heure de d\u00e9part indiqu\u00e9e sur le billet.<\/p>\n<h3>Politique en mati\u00e8re de bagages<\/h3>\n<p>Tous les clients disposent d'une franchise de bagages de :<br \/>\n1 x grande valise (jusqu'\u00e0 20 kg) et 1 x bagage \u00e0 main souple qui doit pouvoir \u00eatre plac\u00e9 dans le porte-bagages ou sous le si\u00e8ge.<\/p>\n<p>Deux valises moyennes peuvent \u00eatre transport\u00e9es au lieu d'une grande valise, sous r\u00e9serve de disponibilit\u00e9.<\/p>\n<h3>Transferts depuis l'a\u00e9roport<\/h3>\n<p>Pour se rendre du terminal 4 de l'Heathrow Express \u00e0 la gare centrale du National Express, les passagers peuvent prendre l'Airport Express gratuit jusqu'au terminal 3, qui part toutes les 15 minutes, puis marcher pendant environ 5 minutes jusqu'\u00e0 la gare routi\u00e8re centrale.<br \/>\nPlus d'informations : <a href=\"https:\/\/www.heathrowexpress.com\/help-centre\/HelpTopic\/how-do-i-get-to-terminal-4\/#\/\" target=\"_blank\" rel=\"noopener noreferrer\">https:\/\/www.heathrowexpress.com\/help-centre\/HelpTopic\/how-do-i-get-to-terminal-4\/#\/<\/a><\/p>\n<h3>Conditions g\u00e9n\u00e9rales d'utilisation<\/h3>\n<p>Disponible \u00e0 l'adresse suivante <a href=\"http:\/\/www.nationalexpress.com\/conditions\" target=\"_blank\" rel=\"noopener noreferrer\">http:\/\/www.nationalexpress.com\/conditions<\/a><\/p>\n<\/div>\n<div id=\"tab_1_5\" class=\"tab-pane fade\">\n<h3><\/h3>\n<ul>\n<li><a class=\"noslimstat\" href=\"#\" rel=\"nofollow\" onclick=\"window.print(); return false;\">T\u00e9l\u00e9charger le manuel de vente<\/a><\/li>\n<\/ul>\n<h3>FAQ<\/h3>\n<p><strong>Que se passe-t-il si le passager manque sa correspondance ?<\/strong><br \/>\nLe billet est valable pour un voyage entre les points sp\u00e9cifi\u00e9s sur le billet jusqu'\u00e0 24 heures \u00e0 partir de l'heure de d\u00e9part indiqu\u00e9e, mais le voyage n'est autoris\u00e9 que dans la limite des places disponibles dans les autocars suivants.<\/p>\n<\/div>\n<\/div>","protected":false},"excerpt":{"rendered":"<p>&nbsp; Product Information Availability Booking Information Check-in and Travel Sales Manual About The National Express bus service (NX) offers interlining and standalone booking with AccesRail 9B\/450. Passengers can make a single booking that covers both the air and the bus segment to a selection of National Express bus stations. Destinations National Express offers bus service [&hellip;]<\/p>\n","protected":false},"author":4,"featured_media":0,"parent":8,"menu_order":0,"comment_status":"closed","ping_status":"closed","template":"","meta":{"footnotes":""},"class_list":["post-20","page","type-page","status-publish","hentry"],"_links":{"self":[{"href":"https:\/\/www.accesrail.com\/fr\/wp-json\/wp\/v2\/pages\/20","targetHints":{"allow":["GET"]}}],"collection":[{"href":"https:\/\/www.accesrail.com\/fr\/wp-json\/wp\/v2\/pages"}],"about":[{"href":"https:\/\/www.accesrail.com\/fr\/wp-json\/wp\/v2\/types\/page"}],"author":[{"embeddable":true,"href":"https:\/\/www.accesrail.com\/fr\/wp-json\/wp\/v2\/users\/4"}],"replies":[{"embeddable":true,"href":"https:\/\/www.accesrail.com\/fr\/wp-json\/wp\/v2\/comments?post=20"}],"version-history":[{"count":84,"href":"https:\/\/www.accesrail.com\/fr\/wp-json\/wp\/v2\/pages\/20\/revisions"}],"predecessor-version":[{"id":4672,"href":"https:\/\/www.accesrail.com\/fr\/wp-json\/wp\/v2\/pages\/20\/revisions\/4672"}],"up":[{"embeddable":true,"href":"https:\/\/www.accesrail.com\/fr\/wp-json\/wp\/v2\/pages\/8"}],"wp:attachment":[{"href":"https:\/\/www.accesrail.com\/fr\/wp-json\/wp\/v2\/media?parent=20"}],"curies":[{"name":"wp","href":"https:\/\/api.w.org\/{rel}","templated":true}]}}