{"id":2035,"date":"2019-02-05T16:04:56","date_gmt":"2019-02-05T16:04:56","guid":{"rendered":"https:\/\/accesrail.com\/?page_id=2035"},"modified":"2019-06-11T19:29:07","modified_gmt":"2019-06-11T19:29:07","slug":"nsb","status":"publish","type":"page","link":"https:\/\/www.accesrail.com\/fr\/partners\/nsb\/","title":{"rendered":"Vy"},"content":{"rendered":"<figure class=\"wp-block-image\"><img loading=\"lazy\" decoding=\"async\" class=\"alignnone wp-image-2334 size-full\" src=\"\/wp-content\/uploads\/2019\/06\/Vy-logo.png\" alt=\"\" width=\"158\" height=\"80\" \/><\/figure>\r\n\r\n\r\n\r\n<p>Vy est une entreprise ferroviaire publique d\u00e9tenue par le gouvernement norv\u00e9gien. Elle assure la majorit\u00e9 des services de transport de passagers en Norv\u00e8ge. Les passagers pourront profiter du WiFi gratuit et auront acc\u00e8s \u00e0 un caf\u00e9 \u00e0 bord ou \u00e0 des distributeurs automatiques pour les trajets plus courts. Pour compl\u00e9ter votre voyage, vous avez le choix entre la classe standard et la classe confort.<\/p>\r\n\r\n\r\n\r\n<h3 class=\"wp-block-heading\">Produits<\/h3>\r\n\r\n\r\n\r\n<ul class=\"wp-block-list\">\r\n<li><a class=\"notranslate\" href=\"https:\/\/www.accesrail.com\/fr\/products\/nsb\/\">Vy<\/a><\/li>\r\n<\/ul>","protected":false},"excerpt":{"rendered":"<p>Vy is a state-owned railway provider owned by the Norwegian government. They provide the majority of passenger train services within Norway. Passengers will be able to enjoy free WiFi as well as have access to an on board cafe or vending machines for shorter journeys. Benefit from the choice of Standard or Komfort Class to [&hellip;]<\/p>\n","protected":false},"author":4,"featured_media":0,"parent":42,"menu_order":0,"comment_status":"closed","ping_status":"closed","template":"","meta":{"footnotes":""},"class_list":["post-2035","page","type-page","status-publish","hentry"],"_links":{"self":[{"href":"https:\/\/www.accesrail.com\/fr\/wp-json\/wp\/v2\/pages\/2035","targetHints":{"allow":["GET"]}}],"collection":[{"href":"https:\/\/www.accesrail.com\/fr\/wp-json\/wp\/v2\/pages"}],"about":[{"href":"https:\/\/www.accesrail.com\/fr\/wp-json\/wp\/v2\/types\/page"}],"author":[{"embeddable":true,"href":"https:\/\/www.accesrail.com\/fr\/wp-json\/wp\/v2\/users\/4"}],"replies":[{"embeddable":true,"href":"https:\/\/www.accesrail.com\/fr\/wp-json\/wp\/v2\/comments?post=2035"}],"version-history":[{"count":3,"href":"https:\/\/www.accesrail.com\/fr\/wp-json\/wp\/v2\/pages\/2035\/revisions"}],"predecessor-version":[{"id":2343,"href":"https:\/\/www.accesrail.com\/fr\/wp-json\/wp\/v2\/pages\/2035\/revisions\/2343"}],"up":[{"embeddable":true,"href":"https:\/\/www.accesrail.com\/fr\/wp-json\/wp\/v2\/pages\/42"}],"wp:attachment":[{"href":"https:\/\/www.accesrail.com\/fr\/wp-json\/wp\/v2\/media?parent=2035"}],"curies":[{"name":"wp","href":"https:\/\/api.w.org\/{rel}","templated":true}]}}