{"id":2208,"date":"2019-02-27T17:30:54","date_gmt":"2019-02-27T17:30:54","guid":{"rendered":"https:\/\/accesrail.com\/?page_id=2208"},"modified":"2019-02-27T17:38:17","modified_gmt":"2019-02-27T17:38:17","slug":"trenitalia","status":"publish","type":"page","link":"https:\/\/www.accesrail.com\/fr\/partners\/trenitalia\/","title":{"rendered":"Trenitalia"},"content":{"rendered":"<p><img loading=\"lazy\" decoding=\"async\" class=\"alignnone wp-image-2198 size-full\" src=\"\/wp-content\/uploads\/2019\/02\/trenitalia-logo.png\" alt=\"\" width=\"298\" height=\"96\" \/><\/p>\n<p>Trenitalia offre un excellent service dans toute l'Italie sur les deux trains \u00e0 grande vitesse, le Frecciarossa et le Frecciargento. Le Wifi est disponible \u00e0 bord et l'acc\u00e8s au cin\u00e9ma, \u00e0 la musique et aux nouvelles est gratuit gr\u00e2ce au portail FREECE \u00e0 bord. Des services de restauration, y compris un bar ou un bistro, seront disponibles, y compris une boisson de bienvenue pour les clients de la classe Premium.<\/p>\n<h3>Produits<\/h3>\n<ul>\n<li><a class=\"notranslate\" href=\"https:\/\/www.accesrail.com\/fr\/products\/trenitalia\/\">Trenitalia<\/a><\/li>\n<\/ul>","protected":false},"excerpt":{"rendered":"<p>Trenitalia offers excellent service throughout Italy on both high-speed trains the Frecciarossa and the Frecciargento. There is Wifi available on board with access to free cinema, music, and news through the FREECE portal on board. Food services including a bar or bistro will be available including a Welcome Drink for customers in Premium Class. Products [&hellip;]<\/p>\n","protected":false},"author":4,"featured_media":0,"parent":42,"menu_order":0,"comment_status":"closed","ping_status":"closed","template":"","meta":{"footnotes":""},"class_list":["post-2208","page","type-page","status-publish","hentry"],"_links":{"self":[{"href":"https:\/\/www.accesrail.com\/fr\/wp-json\/wp\/v2\/pages\/2208","targetHints":{"allow":["GET"]}}],"collection":[{"href":"https:\/\/www.accesrail.com\/fr\/wp-json\/wp\/v2\/pages"}],"about":[{"href":"https:\/\/www.accesrail.com\/fr\/wp-json\/wp\/v2\/types\/page"}],"author":[{"embeddable":true,"href":"https:\/\/www.accesrail.com\/fr\/wp-json\/wp\/v2\/users\/4"}],"replies":[{"embeddable":true,"href":"https:\/\/www.accesrail.com\/fr\/wp-json\/wp\/v2\/comments?post=2208"}],"version-history":[{"count":3,"href":"https:\/\/www.accesrail.com\/fr\/wp-json\/wp\/v2\/pages\/2208\/revisions"}],"predecessor-version":[{"id":2211,"href":"https:\/\/www.accesrail.com\/fr\/wp-json\/wp\/v2\/pages\/2208\/revisions\/2211"}],"up":[{"embeddable":true,"href":"https:\/\/www.accesrail.com\/fr\/wp-json\/wp\/v2\/pages\/42"}],"wp:attachment":[{"href":"https:\/\/www.accesrail.com\/fr\/wp-json\/wp\/v2\/media?parent=2208"}],"curies":[{"name":"wp","href":"https:\/\/api.w.org\/{rel}","templated":true}]}}