{"id":2348,"date":"2019-06-17T21:18:32","date_gmt":"2019-06-17T21:18:32","guid":{"rendered":"https:\/\/accesrail.com\/?page_id=2348"},"modified":"2025-12-16T21:39:13","modified_gmt":"2025-12-16T21:39:13","slug":"friendly-airport-limousine-fal","status":"publish","type":"page","link":"https:\/\/www.accesrail.com\/fr\/products\/friendly-airport-limousine-fal\/","title":{"rendered":"Friendly Airport Limousine"},"content":{"rendered":"<div class=\"row\">\n<div class=\"col-md-12 col-sm-12\">\n<p>&nbsp;<\/p>\n<ul class=\"nav nav-tabs\">\n<li class=\"active\" style=\"list-style-type: none;\"><a href=\"#tab_1_1\" data-toggle=\"tab\">Informations sur le produit<\/a><\/li>\n<li style=\"list-style-type: none;\"><a href=\"#tab_1_2\" data-toggle=\"tab\">Disponibilit\u00e9<\/a><\/li>\n<li style=\"list-style-type: none;\"><a href=\"#tab_1_3\" data-toggle=\"tab\">Informations sur les r\u00e9servations<\/a><\/li>\n<li style=\"list-style-type: none;\"><a href=\"#tab_1_4\" data-toggle=\"tab\">Enregistrement et voyage<\/a><\/li>\n<li class=\"\"><a href=\"#tab_1_5\" data-toggle=\"tab\">Manuel de vente<\/a><\/li>\n<\/ul>\n<div class=\"tab-content\">\n<div id=\"tab_1_1\" class=\"tab-pane fade active in\">\n<div style=\"clear: both; text-align: right;\"><a href=\"https:\/\/www.accesrail.com\/fr\/partners\/friendly-airport-limousine-fal\/\"><img loading=\"lazy\" decoding=\"async\" class=\"alignnone wp-image-2364 size-full\" src=\"\/wp-content\/uploads\/2019\/06\/FAL-logo.png\" alt=\"\" width=\"363\" height=\"43\" srcset=\"https:\/\/www.accesrail.com\/wp-content\/uploads\/2019\/06\/FAL-logo.png 363w, https:\/\/www.accesrail.com\/wp-content\/uploads\/2019\/06\/FAL-logo-300x36.png 300w\" sizes=\"auto, (max-width: 363px) 100vw, 363px\" \/><\/a><\/div>\n<h3 style=\"text-align: center;\"><\/h3>\n<h3>A propos de<\/h3>\n<p>Friendly Airport Limousine propose des services quotidiens entre l'a\u00e9roport international de Narita et le centre de Tokyo. En tant que l'une des plus grandes compagnies de bus a\u00e9roportuaires au monde, elle est experte dans la fourniture de services pratiques et confortables dans l'une des plus grandes villes du monde.<\/p>\n<h3>Destinations<\/h3>\n<p>Friendly Airport Limousine (FAL) propose des segments \u00e0 destination et en provenance de l'a\u00e9roport international de Narita (NRT) et de tous les points de prise en charge\/d\u00e9pose \u00e0 Tokyo (LMJ)*.<\/p>\n<p>*A l'int\u00e9rieur de Tokyo, nous offrons des services \u00e0 destination de n'importe laquelle des localit\u00e9s \u00e9num\u00e9r\u00e9es ci-dessous. Les passagers ont la possibilit\u00e9 d'arriver ou de partir de l'un des points d'embarquement suivants :<\/p>\n<p>&nbsp;<\/p>\n<table class=\"table table-striped table-bordered table-hover\">\n<thead>\n<tr>\n<th style=\"background-color: #f7caac; text-align: center;\" colspan=\"2\">Lieux de prise en charge et de d\u00e9pose<\/th>\n<\/tr>\n<\/thead>\n<tbody style=\"background-color: white; text-align: center;\">\n<tr>\n<td style=\"width: 50%;\"><strong>T-CAT Tokyo City Air Terminal<\/strong><br \/>\n(Terminal a\u00e9rien de la ville de Tokyo)<\/td>\n<td style=\"width: 50%;\"><strong>Shinjuku<\/strong><br \/>\n(gare routi\u00e8re de l'autoroute de Shinjuku, gare de Shinjuku\/Keio Department Store, Hilton Tokyo, Keio Plaza Hotel, Hyatt Regency Tokyo, Shinjuku Washington Hotel, Hotel Sunroute Plaza Shinjuku, Century Southern Tower)<\/td>\n<\/tr>\n<tr>\n<td><strong>Gare de Tokyo, Nihombashi<\/strong><br \/>\n(Tokyo Station Yaesu North Gate (Tekko Building))<\/td>\n<td><strong>Ginza, Shiodome<\/strong><br \/>\n(The Royal Park Iconic Tokyo, Conrad Tokyo, Park Hotel Tokyo, Courtyard Marriott Tokyo Ginza Hotel,<br \/>\nMitsui Garden Hotel Ginza Premier)<\/td>\n<\/tr>\n<tr>\n<td><strong>Shinjuku Kabukicho<\/strong><br \/>\n(TOKYU KABUKICHO TOWER\/Seibu Shinjuku Sta)<\/td>\n<td><strong>Hibiya<\/strong><br \/>\n(Dai-ichi Hotel Tokyo, Imperial Hotel)<\/td>\n<\/tr>\n<tr>\n<td><strong>Toranomon<\/strong><br \/>\n(Andaz Tokyo)<\/td>\n<td><strong>Mejiro, Korakuen, Akihabara<\/strong><br \/>\n(H\u00f4tel Tokyo Dome, H\u00f4tel Chinzanso Tokyo)<\/td>\n<\/tr>\n<tr>\n<td><strong>Takeshiba, Odaiba, Ariake<\/strong><br \/>\n(mesm Tokyo. Autograph Collection, Hilton Tokyo Odaiba, Hotel InterContinental Tokyo Bay, Grand Nikko Tokyo Daiba, Tokyo Bay Ariake Washington Hotel, Sotetsu Grand Fresa Tokyo-Bay Ariake)<\/td>\n<td><strong>Shiba<\/strong><br \/>\n(Tokyo Prince Hotel, The Prince Park Tower Tokyo, The Celestine Tokyo Shiba, Shiba Park Hotel)<\/td>\n<\/tr>\n<tr>\n<td><strong>Toyosu, Asakusa, Kinshicho, Toyocho<\/strong><br \/>\n(Tobu Hotel Levant Tokyo, Toyosu Station, Asakusa View Hotel, Hotel East 21 Tokyo)<\/td>\n<td><strong>Ebisu, Shinagawa<\/strong><br \/>\n(Tokyo Marriott Hotel, The New Sanno Hotel, Sheraton Miyako Hotel, Grand Prince Hotel Shin Takanawa, The Prince Sakura Tower Tokyo, Grand Prince Hotel Takanawa, The Westin Tokyo, Shinagawa Prince Hotel)<\/td>\n<\/tr>\n<tr>\n<td><strong>Roppongi<\/strong><br \/>\n(Grand Hyatt Tokyo, The Ritz-Carlton Tokyo)<\/td>\n<td><strong>Akasaka<\/strong><br \/>\n(The Okura Tokyo, TOKYO GARDEN TERRACE KIOICHO, The Prince Gallery Tokyo Kioicho, Akasaka Mitsuke, The Capitol Hotel Tokyu, Hotel New Otani, ANA InterContinental Tokyo)<\/td>\n<\/tr>\n<tr>\n<td><strong>Shibuya, Futako Tamagawa<\/strong><br \/>\n(Gare de Shibuya, Shibuya Excel Hotel Tokyu,<br \/>\nCerulean Tower Tokyo Hotel)<\/td>\n<td><strong>Ikebukuro<\/strong><br \/>\n(Ikebukuro Sunshine City Bus Terminal, Sunshine City Prince Hotel, Hotel Metropolitan Tokyo)<\/td>\n<\/tr>\n<tr>\n<td><strong>A\u00e9roport de Haneda<\/strong><br \/>\n(Terminal 1 de l'a\u00e9roport de Haneda, Terminal 2 de l'a\u00e9roport de Haneda, Terminal 3 de l'a\u00e9roport de Haneda)<\/td>\n<td><\/td>\n<\/tr>\n<\/tbody>\n<\/table>\n<p>** comprend un arr\u00eat \u00e0 Tokyo-City-Air-Terminal (TCAT)<\/p>\n<p><img loading=\"lazy\" decoding=\"async\" class=\"alignnone wp-image-2403 size-full\" src=\"\/wp-content\/uploads\/2019\/06\/Friendly-Airport-Limousine-Bus.jpg\" alt=\"\" width=\"1000\" height=\"667\" srcset=\"https:\/\/www.accesrail.com\/wp-content\/uploads\/2019\/06\/Friendly-Airport-Limousine-Bus.jpg 1000w, https:\/\/www.accesrail.com\/wp-content\/uploads\/2019\/06\/Friendly-Airport-Limousine-Bus-300x200.jpg 300w, https:\/\/www.accesrail.com\/wp-content\/uploads\/2019\/06\/Friendly-Airport-Limousine-Bus-768x512.jpg 768w\" sizes=\"auto, (max-width: 1000px) 100vw, 1000px\" \/><\/p>\n<\/div>\n<div id=\"tab_1_2\" class=\"tab-pane fade\">\n<h3>Les billets Friendly Airport Limousine sont disponibles comme suit :<\/h3>\n<ul>\n<li>Interline <a class=\"btn green-meadow\" style=\"cursor: default;\" href=\"#\" data-toggle=\"modal\">Interline<\/a> Autonome <a class=\"btn green-meadow\" style=\"cursor: default;\" href=\"#\" data-toggle=\"modal\">9B\/450<\/a><\/li>\n<\/ul>\n<h3 class=\"notranslate\">Les ventes autonomes (billetterie sur plaque 9B) sont possibles sur ces march\u00e9s BSP\/ARC :<\/h3>\n<ul>\n<li>ARC USA<\/li>\n<li>BSP Australie<\/li>\n<li>BSP Autriche<\/li>\n<li>BSP Belgique\/Pays-Bas\/Luxembourg<\/li>\n<li>BSP Canada<\/li>\n<li>BSP R\u00e9publique tch\u00e8que<\/li>\n<li>BSP Finlande<\/li>\n<li>BSP France<\/li>\n<li>BSP Allemagne<\/li>\n<li>BSP Hong Kong<\/li>\n<li>BSP Inde<\/li>\n<li>BSP Indon\u00e9sie<\/li>\n<li>BSP Italie<\/li>\n<li>BSP Japon<\/li>\n<li>BSP Macao<\/li>\n<li>BSP Malaisie<\/li>\n<li>BSP Mexique<\/li>\n<li>BSP Scandinavia - Ouvert en Su\u00e8de, au Danemark, en Estonie, en Lettonie et en Lituanie.<\/li>\n<li>BSP Singapour<\/li>\n<li>BSP Cor\u00e9e du Sud<\/li>\n<li>BSP Espagne<\/li>\n<li>BSP Suisse\/Liechtenstein<\/li>\n<li>BSP Ta\u00efwan<\/li>\n<li>BSP Tha\u00eflande<\/li>\n<li>BSP UK<\/li>\n<li>BSP Vietnam<\/li>\n<\/ul>\n<h3>Participation au SMD<\/h3>\n<ul class=\"notranslate\">\n<li>Abacus<\/li>\n<li>Apollo<\/li>\n<li>Axess<\/li>\n<li>Galil\u00e9e<\/li>\n<li>Infini<\/li>\n<li>Sabre<\/li>\n<li>Sirena Travel<\/li>\n<li>SITA<\/li>\n<li>Ciel de voyage<\/li>\n<li>Topas<\/li>\n<li>Espace mondial de l'\u00e9ducation<\/li>\n<\/ul>\n<h3>\u00c9ligibilit\u00e9<\/h3>\n<ul>\n<li>Disponible dans le monde entier.<\/li>\n<\/ul>\n<\/div>\n<div id=\"tab_1_3\" class=\"tab-pane fade\">\n<h3 class=\"notranslate\">Gamme de trains<\/h3>\n<ul>\n<li>9B 9900 - 9930<\/li>\n<\/ul>\n<h3>R\u00e9servation de cours<\/h3>\n<ul>\n<li>Y : Classe standard<\/li>\n<\/ul>\n<h3>Annulation automatique de la r\u00e9servation<\/h3>\n<ul>\n<li>Si la r\u00e9servation n'est pas enregistr\u00e9e 36 heures avant le d\u00e9part, la r\u00e9servation sera automatiquement annul\u00e9e.<\/li>\n<\/ul>\n<h3>P\u00e9riode de validit\u00e9<\/h3>\n<ul>\n<li>La carte est valable pour n'importe quelle heure de d\u00e9part \u00e0 la date de voyage indiqu\u00e9e sur la carte d'embarquement.<\/li>\n<\/ul>\n<h3>R\u00e9ductions<\/h3>\n<ul>\n<li>SANS OBJET. Tarif adulte uniquement.<\/li>\n<\/ul>\n<h3>GDS : affichage des disponibilit\u00e9s et r\u00e9servation de PNR<\/h3>\n<p><strong><span style=\"text-decoration: underline;\">Amadeus<\/span><\/strong><\/p>\n<p><img loading=\"lazy\" decoding=\"async\" class=\"alignnone wp-image-4302\" src=\"https:\/\/www.accesrail.com\/wp-content\/uploads\/2025\/03\/image-19.png\" alt=\"\" width=\"847\" height=\"306\" srcset=\"https:\/\/www.accesrail.com\/wp-content\/uploads\/2025\/03\/image-19.png 1041w, https:\/\/www.accesrail.com\/wp-content\/uploads\/2025\/03\/image-19-300x108.png 300w, https:\/\/www.accesrail.com\/wp-content\/uploads\/2025\/03\/image-19-1024x370.png 1024w, https:\/\/www.accesrail.com\/wp-content\/uploads\/2025\/03\/image-19-768x277.png 768w\" sizes=\"auto, (max-width: 847px) 100vw, 847px\" \/><\/p>\n<p><img loading=\"lazy\" decoding=\"async\" class=\"alignnone wp-image-4301\" src=\"https:\/\/www.accesrail.com\/wp-content\/uploads\/2025\/03\/image-20.png\" alt=\"\" width=\"738\" height=\"189\" srcset=\"https:\/\/www.accesrail.com\/wp-content\/uploads\/2025\/03\/image-20.png 894w, https:\/\/www.accesrail.com\/wp-content\/uploads\/2025\/03\/image-20-300x77.png 300w, https:\/\/www.accesrail.com\/wp-content\/uploads\/2025\/03\/image-20-768x197.png 768w\" sizes=\"auto, (max-width: 738px) 100vw, 738px\" \/><\/p>\n<p><strong><span style=\"text-decoration: underline;\">Sabre<\/span><\/strong><\/p>\n<p><img loading=\"lazy\" decoding=\"async\" class=\"alignnone wp-image-4303\" src=\"https:\/\/www.accesrail.com\/wp-content\/uploads\/2025\/03\/image-21.png\" alt=\"\" width=\"823\" height=\"371\" srcset=\"https:\/\/www.accesrail.com\/wp-content\/uploads\/2025\/03\/image-21.png 1580w, https:\/\/www.accesrail.com\/wp-content\/uploads\/2025\/03\/image-21-300x135.png 300w, https:\/\/www.accesrail.com\/wp-content\/uploads\/2025\/03\/image-21-1024x461.png 1024w, https:\/\/www.accesrail.com\/wp-content\/uploads\/2025\/03\/image-21-768x346.png 768w, https:\/\/www.accesrail.com\/wp-content\/uploads\/2025\/03\/image-21-1536x691.png 1536w\" sizes=\"auto, (max-width: 823px) 100vw, 823px\" \/><\/p>\n<p><img loading=\"lazy\" decoding=\"async\" class=\"alignnone wp-image-4304\" src=\"https:\/\/www.accesrail.com\/wp-content\/uploads\/2025\/03\/image-22.png\" alt=\"\" width=\"723\" height=\"284\" srcset=\"https:\/\/www.accesrail.com\/wp-content\/uploads\/2025\/03\/image-22.png 985w, https:\/\/www.accesrail.com\/wp-content\/uploads\/2025\/03\/image-22-300x118.png 300w, https:\/\/www.accesrail.com\/wp-content\/uploads\/2025\/03\/image-22-768x302.png 768w\" sizes=\"auto, (max-width: 723px) 100vw, 723px\" \/><\/p>\n<h3>SSR CTCE<\/h3>\n<p>Lors de la d\u00e9livrance d'une plaque 9B\/450, veuillez utiliser le format \"SSR CTCE\" au moment de la r\u00e9servation afin de communiquer l'adresse \u00e9lectronique du PAX \u00e0 9B, de sorte que 9B puisse envoyer un courrier \u00e9lectronique 72 heures avant le d\u00e9part pour rappeler au passager qu'il doit se pr\u00e9senter \u00e0 l'enregistrement obligatoire le jour de son d\u00e9part. <a href=\"https:\/\/www.accesrail.com\/fr\/\">accesrail.com<\/a>.<\/p>\n<h3>Remboursements<\/h3>\n<ul>\n<li>Avant le d\u00e9part : 15% p\u00e9nalit\u00e9 pour annulation jusqu'\u00e0 l'heure du d\u00e9part, frais pour No-Show<\/li>\n<li>Apr\u00e8s le d\u00e9part ou une fois l'enregistrement effectu\u00e9 : non remboursable<\/li>\n<\/ul>\n<\/div>\n<div id=\"tab_1_4\" class=\"tab-pane fade\">\n<h3>Enregistrement<\/h3>\n<p>Au plus t\u00f4t 72 heures avant le d\u00e9part du train, le passager devra s'enregistrer \u00e0 l'adresse suivante <a href=\"https:\/\/check-in.accesrail.com\" target=\"_blank\" rel=\"noopener noreferrer\">www.accesrail.com<\/a> d'imprimer ou de t\u00e9l\u00e9charger sur leur t\u00e9l\u00e9phone portable leur carte d'embarquement Friendly Airport Limousine, qui comprend leur r\u00e9servation de place.<\/p>\n<div class=\"portlet light\">\n<div class=\"portlet-title\">\n<div class=\"caption\"><i class=\"icon-pin font-yellow-crusta\"><\/i><span class=\"caption-subject bold font-yellow-casablanca uppercase\"> Enregistrement <\/span><\/div>\n<\/div>\n<div class=\"portlet-body\">\n<p><img decoding=\"async\" src=\"\/wp-content\/uploads\/2015\/12\/Check-in.png\" alt=\"\" width=\"50%\" align=\"left\" \/><\/p>\n<div class=\"mt-element-list\">\n<div class=\"mt-list-container list-default ext-1 group\">\n<div id=\"completed\" class=\"panel-collapse collapse in\">\n<ul>\n<li class=\"mt-list-item done\">\n<div class=\"list-icon-container\"><a><br \/>\n<i class=\"icon-check\" style=\"top: -20px;\"><\/i><br \/>\n<\/a><\/div>\n<div class=\"list-item-content\">\n<p>Visites de passagers <a href=\"https:\/\/\/fr\/check-in.accesrail.com\/\" target=\"_blank\" rel=\"noopener noreferrer\">check-in.accesrail.com<\/a> dans les 72 heures pr\u00e9c\u00e9dant le d\u00e9part.<\/p>\n<\/div>\n<\/li>\n<li class=\"mt-list-item done\"><\/li>\n<li class=\"mt-list-item done\">\n<div class=\"list-icon-container\"><a><br \/>\n<i class=\"icon-check\" style=\"top: -20px;\"><\/i><br \/>\n<\/a><\/div>\n<div class=\"list-item-content\">\n<p>Le passager saisit son nom et son pr\u00e9nom ainsi que l'un des \u00e9l\u00e9ments suivants : Localisateur PNR ou num\u00e9ro de billet \u00e9lectronique.<\/p>\n<\/div>\n<\/li>\n<li class=\"mt-list-item done\">\n<div class=\"list-icon-container\"><a><br \/>\n<i class=\"icon-check\" style=\"top: -20px;\"><\/i><br \/>\n<\/a><\/div>\n<div class=\"list-item-content\">\n<p>Le passager imprime le document de voyage, qui est exig\u00e9 pour l'embarquement.<\/p>\n<\/div>\n<\/li>\n<\/ul>\n<\/div>\n<\/div>\n<\/div>\n<p>&nbsp;<\/p>\n<\/div>\n<p>&nbsp;<\/p>\n<\/div>\n<p>&nbsp;<\/p>\n<h3>Ticket Friendly Airport Limousine<\/h3>\n<p>Les documents de voyage d\u00e9livr\u00e9s comprennent un billet de train limousine pour l'a\u00e9roport (voir ci-dessous) et une page contenant des informations sur les correspondances entre les a\u00e9roports et les gares :<br \/>\n<img loading=\"lazy\" decoding=\"async\" class=\"alignnone wp-image-2353 size-full\" src=\"\/wp-content\/uploads\/2019\/06\/FAL-ticket.png\" alt=\"\" width=\"624\" height=\"237\" srcset=\"https:\/\/www.accesrail.com\/wp-content\/uploads\/2019\/06\/FAL-ticket.png 624w, https:\/\/www.accesrail.com\/wp-content\/uploads\/2019\/06\/FAL-ticket-300x114.png 300w\" sizes=\"auto, (max-width: 624px) 100vw, 624px\" \/><\/p>\n<h3>R\u00e9servation de si\u00e8ges<\/h3>\n<p>Une place assise est garantie sur le trajet \u00e0 l'heure de d\u00e9part indiqu\u00e9e sur le billet.<\/p>\n<h3>Transferts depuis l'a\u00e9roport<\/h3>\n<p>Veuillez imprimer cette carte d'embarquement et la pr\u00e9senter \u00e0 l'une des billetteries de Friendly Airport Limousine Bus indiqu\u00e9es dans les pages suivantes pour l'\u00e9changer contre votre document de voyage. Veuillez noter qu'une pi\u00e8ce d'identit\u00e9 valide du passager est requise \u00e0 des fins de confirmation au moment de l'\u00e9change.<\/p>\n<p>Veuillez consulter le lien suivant pour conna\u00eetre les heures de d\u00e9part exactes : <a href=\"https:\/\/www.limousinebus.co.jp\/en\/time_searches\/index.html\">https:\/\/www.limousinebus.co.jp\/en\/time_searches\/index.html<\/a><\/p>\n<p><strong>Terminal 2 :<\/strong><\/p>\n<p><img loading=\"lazy\" decoding=\"async\" class=\"alignnone size-full wp-image-2354\" src=\"\/wp-content\/uploads\/2019\/06\/FAL-Terminal2.png\" alt=\"\" width=\"624\" height=\"329\" srcset=\"https:\/\/www.accesrail.com\/wp-content\/uploads\/2019\/06\/FAL-Terminal2.png 624w, https:\/\/www.accesrail.com\/wp-content\/uploads\/2019\/06\/FAL-Terminal2-300x158.png 300w\" sizes=\"auto, (max-width: 624px) 100vw, 624px\" \/><\/p>\n<p>&nbsp;<\/p>\n<p><strong>Au terminal 1 :<\/strong><\/p>\n<p><img loading=\"lazy\" decoding=\"async\" class=\"alignnone size-full wp-image-2355\" src=\"\/wp-content\/uploads\/2019\/06\/FAL-Terminal1.png\" alt=\"\" width=\"624\" height=\"248\" srcset=\"https:\/\/www.accesrail.com\/wp-content\/uploads\/2019\/06\/FAL-Terminal1.png 624w, https:\/\/www.accesrail.com\/wp-content\/uploads\/2019\/06\/FAL-Terminal1-300x119.png 300w\" sizes=\"auto, (max-width: 624px) 100vw, 624px\" \/><\/p>\n<p>&nbsp;<\/p>\n<p><strong>Au terminal 3 :<\/strong><\/p>\n<p><img loading=\"lazy\" decoding=\"async\" class=\"alignnone size-full wp-image-2356\" src=\"\/wp-content\/uploads\/2019\/06\/FAL-Terminal3.png\" alt=\"\" width=\"572\" height=\"298\" srcset=\"https:\/\/www.accesrail.com\/wp-content\/uploads\/2019\/06\/FAL-Terminal3.png 572w, https:\/\/www.accesrail.com\/wp-content\/uploads\/2019\/06\/FAL-Terminal3-300x156.png 300w\" sizes=\"auto, (max-width: 572px) 100vw, 572px\" \/><\/p>\n<p>&nbsp;<\/p>\n<p><strong>Guichet \u00e0 l'a\u00e9roport de Narita :<\/strong><\/p>\n<p><img loading=\"lazy\" decoding=\"async\" class=\"alignnone size-full wp-image-2357\" src=\"\/wp-content\/uploads\/2019\/06\/FAL-desk.jpg\" alt=\"\" width=\"624\" height=\"384\" srcset=\"https:\/\/www.accesrail.com\/wp-content\/uploads\/2019\/06\/FAL-desk.jpg 624w, https:\/\/www.accesrail.com\/wp-content\/uploads\/2019\/06\/FAL-desk-300x185.jpg 300w\" sizes=\"auto, (max-width: 624px) 100vw, 624px\" \/><\/p>\n<\/div>\n<div id=\"tab_1_5\" class=\"tab-pane fade\">\n<h3><\/h3>\n<ul>\n<li style=\"list-style-type: none;\">\n<ul>\n<li style=\"list-style-type: none;\">\n<ul>\n<li><a class=\"noslimstat\" href=\"#\" rel=\"nofollow\">T\u00e9l\u00e9charger le manuel de vente<\/a><\/li>\n<\/ul>\n<\/li>\n<\/ul>\n<\/li>\n<\/ul>\n<p>&nbsp;<\/p>\n<h3>FAQ<\/h3>\n<p><strong>Que se passe-t-il si le passager manque sa correspondance ?<\/strong><\/p>\n<p>Si un passager manque son bus, son billet sera accept\u00e9 sur le prochain service disponible, dans la limite des places disponibles.<\/p>\n<\/div>\n<\/div>\n<\/div>\n<\/div>","protected":false},"excerpt":{"rendered":"<p>&nbsp; Product Information Availability Booking Information Check-in and Travel Sales Manual About Friendly Airport Limousine offers daily services connecting Narita International Airport and Central Tokyo. As one of the world\u2019s largest airport bus companies, they are experts in providing convenient and comfortable services in one of the biggest cities in the world. Destinations Friendly Airport [&hellip;]<\/p>\n","protected":false},"author":4,"featured_media":0,"parent":8,"menu_order":0,"comment_status":"closed","ping_status":"closed","template":"","meta":{"footnotes":""},"class_list":["post-2348","page","type-page","status-publish","hentry"],"_links":{"self":[{"href":"https:\/\/www.accesrail.com\/fr\/wp-json\/wp\/v2\/pages\/2348","targetHints":{"allow":["GET"]}}],"collection":[{"href":"https:\/\/www.accesrail.com\/fr\/wp-json\/wp\/v2\/pages"}],"about":[{"href":"https:\/\/www.accesrail.com\/fr\/wp-json\/wp\/v2\/types\/page"}],"author":[{"embeddable":true,"href":"https:\/\/www.accesrail.com\/fr\/wp-json\/wp\/v2\/users\/4"}],"replies":[{"embeddable":true,"href":"https:\/\/www.accesrail.com\/fr\/wp-json\/wp\/v2\/comments?post=2348"}],"version-history":[{"count":40,"href":"https:\/\/www.accesrail.com\/fr\/wp-json\/wp\/v2\/pages\/2348\/revisions"}],"predecessor-version":[{"id":4718,"href":"https:\/\/www.accesrail.com\/fr\/wp-json\/wp\/v2\/pages\/2348\/revisions\/4718"}],"up":[{"embeddable":true,"href":"https:\/\/www.accesrail.com\/fr\/wp-json\/wp\/v2\/pages\/8"}],"wp:attachment":[{"href":"https:\/\/www.accesrail.com\/fr\/wp-json\/wp\/v2\/media?parent=2348"}],"curies":[{"name":"wp","href":"https:\/\/api.w.org\/{rel}","templated":true}]}}