{"id":2376,"date":"2019-06-18T15:08:27","date_gmt":"2019-06-18T15:08:27","guid":{"rendered":"https:\/\/accesrail.com\/?page_id=2376"},"modified":"2019-06-19T18:20:59","modified_gmt":"2019-06-19T18:20:59","slug":"friendly-airport-limousine-fal","status":"publish","type":"page","link":"https:\/\/www.accesrail.com\/fr\/partners\/friendly-airport-limousine-fal\/","title":{"rendered":"Friendly Airport Limousine"},"content":{"rendered":"<p><img loading=\"lazy\" decoding=\"async\" class=\"alignnone wp-image-2364 size-full\" src=\"\/wp-content\/uploads\/2019\/06\/FAL-logo.png\" alt=\"\" width=\"363\" height=\"43\" srcset=\"https:\/\/www.accesrail.com\/wp-content\/uploads\/2019\/06\/FAL-logo.png 363w, https:\/\/www.accesrail.com\/wp-content\/uploads\/2019\/06\/FAL-logo-300x36.png 300w\" sizes=\"auto, (max-width: 363px) 100vw, 363px\" \/><\/p>\n<p>En desservant l'a\u00e9roport de Narita et le centre de Tokyo, Friendly Airport Limousine est l'un des moyens les plus pratiques et les plus confortables de se rendre \u00e0 destination. Avec des services fr\u00e9quents propos\u00e9s tous les jours, il est facile de trouver la meilleure connexion. Le service Friendly Airport Limousine offre une grande capacit\u00e9 de bagages, des v\u00e9hicules enti\u00e8rement climatis\u00e9s et une vue panoramique.<\/p>\n<h3>Produit<\/h3>\n<ul>\n<li><a class=\"notranslate\" href=\"https:\/\/www.accesrail.com\/fr\/products\/friendly-airport-limousine-fal\/\">Friendly Airport Limousine<\/a><\/li>\n<\/ul>","protected":false},"excerpt":{"rendered":"<p>Providing service to Narita Airport and Central Tokyo, Friendly Airport Limousine is one of the most convenient and comfortable ways to connect to your destination. With frequent services being offered daily, finding the best connection is easy. The Friendly Airport Limousine is complete with large luggage capacity, fully air-conditioned vehicles and a scenic view. Product [&hellip;]<\/p>\n","protected":false},"author":4,"featured_media":0,"parent":42,"menu_order":0,"comment_status":"closed","ping_status":"closed","template":"","meta":{"footnotes":""},"class_list":["post-2376","page","type-page","status-publish","hentry"],"_links":{"self":[{"href":"https:\/\/www.accesrail.com\/fr\/wp-json\/wp\/v2\/pages\/2376","targetHints":{"allow":["GET"]}}],"collection":[{"href":"https:\/\/www.accesrail.com\/fr\/wp-json\/wp\/v2\/pages"}],"about":[{"href":"https:\/\/www.accesrail.com\/fr\/wp-json\/wp\/v2\/types\/page"}],"author":[{"embeddable":true,"href":"https:\/\/www.accesrail.com\/fr\/wp-json\/wp\/v2\/users\/4"}],"replies":[{"embeddable":true,"href":"https:\/\/www.accesrail.com\/fr\/wp-json\/wp\/v2\/comments?post=2376"}],"version-history":[{"count":5,"href":"https:\/\/www.accesrail.com\/fr\/wp-json\/wp\/v2\/pages\/2376\/revisions"}],"predecessor-version":[{"id":2398,"href":"https:\/\/www.accesrail.com\/fr\/wp-json\/wp\/v2\/pages\/2376\/revisions\/2398"}],"up":[{"embeddable":true,"href":"https:\/\/www.accesrail.com\/fr\/wp-json\/wp\/v2\/pages\/42"}],"wp:attachment":[{"href":"https:\/\/www.accesrail.com\/fr\/wp-json\/wp\/v2\/media?parent=2376"}],"curies":[{"name":"wp","href":"https:\/\/api.w.org\/{rel}","templated":true}]}}