{"id":2796,"date":"2020-08-07T20:26:42","date_gmt":"2020-08-07T20:26:42","guid":{"rendered":"https:\/\/accesrail.com\/?page_id=2796"},"modified":"2026-04-23T13:50:03","modified_gmt":"2026-04-23T13:50:03","slug":"sbb-train-tickets","status":"publish","type":"page","link":"https:\/\/www.accesrail.com\/fr\/products\/sbb-train-tickets\/","title":{"rendered":"Billets de train CFF"},"content":{"rendered":"<ul class=\"nav nav-tabs\">\n<li class=\"active\"><a href=\"#tab_1_1\" data-toggle=\"tab\">Informations sur le produit<\/a><\/li>\n<li class=\"\"><a href=\"#tab_1_2\" data-toggle=\"tab\">Disponibilit\u00e9<\/a><\/li>\n<li class=\"\"><a href=\"#tab_1_3\" data-toggle=\"tab\">Informations sur les r\u00e9servations<\/a><\/li>\n<li class=\"\"><a href=\"#tab_1_4\" data-toggle=\"tab\">Enregistrement et voyage<\/a><\/li>\n<li class=\"\"><a href=\"#tab_1_5\" data-toggle=\"tab\">Manuel de vente<\/a><\/li>\n<\/ul>\n<div class=\"tab-content\">\n<div id=\"tab_1_1\" class=\"tab-pane fade active in\">\n<div style=\"clear: both; text-align: right;\"><img loading=\"lazy\" decoding=\"async\" class=\"alignnone wp-image-4775 size-full\" src=\"https:\/\/www.accesrail.com\/wp-content\/uploads\/2026\/03\/updated-SBB-logo.png\" alt=\"\" width=\"150\" height=\"50\" \/><\/div>\n<h3>A propos de<\/h3>\n<p>Les CFF sont le principal op\u00e9rateur ferroviaire en Suisse. Ils proposent des voyages efficaces et ponctuels sur leur r\u00e9seau ferroviaire national. Les billets point \u00e0 point des CFF peuvent \u00eatre r\u00e9serv\u00e9s \u00e0 la fois en tant que produit autonome et en relation avec un vol (interline), \u00e0 condition que l'avion en question ait un accord interline avec AccesRail.<\/p>\n<h3>Destinations<\/h3>\n<p>Les liaisons et destinations suivantes sont propos\u00e9es au d\u00e9part des a\u00e9roports de Gen\u00e8ve et de Zurich :<\/p>\n<table class=\"table table-striped table-bordered table-hover\">\n<tbody>\n<tr>\n<th colspan=\"2\">A\u00e9roport de Zurich (ZRH)<\/th>\n<th colspan=\"2\">A\u00e9roport de Gen\u00e8ve (GVA)<\/th>\n<\/tr>\n<tr>\n<td>Fribourg<\/td>\n<td>ZHF<\/td>\n<td>Fribourg<\/td>\n<td>ZHF<\/td>\n<\/tr>\n<tr>\n<td>Interlaken<\/td>\n<td>ZIN<\/td>\n<td>Berne<\/td>\n<td>ZDJ<\/td>\n<\/tr>\n<tr>\n<td>B\u00e2le<\/td>\n<td>ZDH<\/td>\n<td>Lausanne<\/td>\n<td>QLS<\/td>\n<\/tr>\n<tr>\n<td>Berne<\/td>\n<td>ZDJ<\/td>\n<td>Lucerne<\/td>\n<td>QLJ<\/td>\n<\/tr>\n<tr>\n<td>Lausanne<\/td>\n<td>QLS<\/td>\n<td>St. Gallen<\/td>\n<td>QGL<\/td>\n<\/tr>\n<tr>\n<td>St. Gallen<\/td>\n<td>QGL<\/td>\n<td>A\u00e9roport de Zurich<\/td>\n<td>ZRH<\/td>\n<\/tr>\n<tr>\n<td>Lucerne<\/td>\n<td>QLJ<\/td>\n<td>Montreux<\/td>\n<td>ZJP<\/td>\n<\/tr>\n<tr>\n<td>St Margrethen<\/td>\n<td>ZKF<\/td>\n<td>Brigue<\/td>\n<td>ZDL<\/td>\n<\/tr>\n<tr>\n<td>Kreuzlingen<\/td>\n<td>ZHU<\/td>\n<td>Biel<\/td>\n<td>ZDK<\/td>\n<\/tr>\n<tr>\n<td>Soleure<\/td>\n<td>ZKS<\/td>\n<td>Yverdon<\/td>\n<td>ZLJ<\/td>\n<\/tr>\n<tr>\n<td>Biel<\/td>\n<td>ZDK<\/td>\n<td>Vevey<\/td>\n<td>ZKZ<\/td>\n<\/tr>\n<tr>\n<td>A\u00e9roport de Genenva<\/td>\n<td>GVA<\/td>\n<td>Neuch\u00e2tel<\/td>\n<td>QNC<\/td>\n<\/tr>\n<tr>\n<td>Gen\u00e8ve<\/td>\n<td>ZHT<\/td>\n<td>Gare de Zurich HB<\/td>\n<td>ZLP<\/td>\n<\/tr>\n<tr>\n<td>Olten<\/td>\n<td>ZJU<\/td>\n<td>A\u00e9roport de Sion *<\/td>\n<td>SIR<\/td>\n<\/tr>\n<\/tbody>\n<\/table>\n<p>*Les destinations marqu\u00e9es comprennent une connexion de bus<\/p>\n<h3>Carte<\/h3>\n<ul>\n<li><a href=\"https:\/\/www.accesrail.com\/wp-content\/uploads\/2026\/03\/Geneva.jpg\" target=\"_blank\" rel=\"noopener noreferrer\">Carte de l'a\u00e9roport de Gen\u00e8ve<\/a><\/li>\n<li><a href=\"https:\/\/www.accesrail.com\/wp-content\/uploads\/2026\/03\/Zurich-Arp-ZRH.jpg\" target=\"_blank\" rel=\"noopener noreferrer\">Carte de l'a\u00e9roport de Zurich<\/a><\/li>\n<li><a href=\"https:\/\/www.accesrail.com\/wp-content\/uploads\/2026\/04\/SBB-Map-1-scaled.jpg\" target=\"_blank\" rel=\"noopener noreferrer\">Carte CFF<\/a><\/li>\n<\/ul>\n<p><img loading=\"lazy\" decoding=\"async\" class=\"alignnone wp-image-4185 size-full\" src=\"https:\/\/www.accesrail.com\/wp-content\/uploads\/2024\/12\/Seitenansicht-IC200-modernisiert-in-Landschaft.jpg\" alt=\"\" width=\"2078\" height=\"1385\" srcset=\"https:\/\/www.accesrail.com\/wp-content\/uploads\/2024\/12\/Seitenansicht-IC200-modernisiert-in-Landschaft.jpg 2078w, https:\/\/www.accesrail.com\/wp-content\/uploads\/2024\/12\/Seitenansicht-IC200-modernisiert-in-Landschaft-300x200.jpg 300w, https:\/\/www.accesrail.com\/wp-content\/uploads\/2024\/12\/Seitenansicht-IC200-modernisiert-in-Landschaft-1024x683.jpg 1024w, https:\/\/www.accesrail.com\/wp-content\/uploads\/2024\/12\/Seitenansicht-IC200-modernisiert-in-Landschaft-768x512.jpg 768w, https:\/\/www.accesrail.com\/wp-content\/uploads\/2024\/12\/Seitenansicht-IC200-modernisiert-in-Landschaft-1536x1024.jpg 1536w, https:\/\/www.accesrail.com\/wp-content\/uploads\/2024\/12\/Seitenansicht-IC200-modernisiert-in-Landschaft-2048x1365.jpg 2048w\" sizes=\"auto, (max-width: 2078px) 100vw, 2078px\" \/><\/p>\n<\/div>\n<div id=\"tab_1_2\" class=\"tab-pane fade\">\n<h3>Les billets CFF sont disponibles comme suit :<\/h3>\n<ul>\n<li class=\"notranslate\">Interline <a class=\"btn green-meadow\" style=\"cursor: default;\" href=\"#\" data-toggle=\"modal\">Interline<\/a> Autonome <a class=\"btn green-meadow\" style=\"cursor: default;\" href=\"#\" data-toggle=\"modal\">9B\/450<\/a><\/li>\n<\/ul>\n<p>Les ventes autonomes (billetterie sur plaque 9B) sont possibles sur ces march\u00e9s BSP\/ARC :<\/p>\n<ul>\n<li>ARC USA<\/li>\n<li>BSP Australie<\/li>\n<li>BSP Autriche<\/li>\n<li>BSP Belgique\/Pays-Bas\/Luxembourg<\/li>\n<li>BSP Canada<\/li>\n<li>BSP R\u00e9publique tch\u00e8que<\/li>\n<li>BSP Finlande<\/li>\n<li>BSP France<\/li>\n<li>BSP Allemagne<\/li>\n<li>BSP Hong Kong<\/li>\n<li>BSP Inde<\/li>\n<li>BSP Italie<\/li>\n<li>BSP Indon\u00e9sie<\/li>\n<li>BSP Japon<\/li>\n<li>BSP Macao<\/li>\n<li>BSP Malaisie<\/li>\n<li>BSP Mexique<\/li>\n<li>BSP Scandinavia - Ouvert en Su\u00e8de, au Danemark, en Estonie, en Lettonie et en Lituanie.<\/li>\n<li>BSP Singapour<\/li>\n<li>BSP Cor\u00e9e du Sud<\/li>\n<li>BSP Espagne<\/li>\n<li>BSP Suisse\/Liechtenstein<\/li>\n<li>BSP Ta\u00efwan<\/li>\n<li>BSP Tha\u00eflande<\/li>\n<li>BSP UK<\/li>\n<li>BSP Vietnam<\/li>\n<\/ul>\n<h3>Participation au SMD<\/h3>\n<ul class=\"notranslate\">\n<li>Abacus<\/li>\n<li>Amadeus<\/li>\n<li>Apollo<\/li>\n<li>Axess<\/li>\n<li>Galil\u00e9e<\/li>\n<li>Infini<\/li>\n<li>Sabre<\/li>\n<li>Sirena Travel<\/li>\n<li>SITA<\/li>\n<li>Ciel de voyage<\/li>\n<li>Topas<\/li>\n<li>Espace mondial de l'\u00e9ducation<\/li>\n<\/ul>\n<h3>\u00c9ligibilit\u00e9<\/h3>\n<ul>\n<li>Disponible dans le monde entier, y compris en Suisse.<\/li>\n<\/ul>\n<\/div>\n<div id=\"tab_1_3\" class=\"tab-pane fade\">\n<h3 class=\"notranslate\">Gamme de trains<\/h3>\n<ul>\n<li>Vols 9B 1315 - 1999<\/li>\n<\/ul>\n<h3>R\u00e9servation de cours<\/h3>\n<ul>\n<li>F : 1\u00e8re classe<\/li>\n<li>Y : \u00c9conomie<\/li>\n<\/ul>\n<h3>R\u00e9ductions<\/h3>\n<ul>\n<li>CHD : Enfants \u00e2g\u00e9s de 2 \u00e0 12 ans.<\/li>\n<li>INF : gratuit pour les enfants de moins de 2 ans si le nombre de places n'est pas n\u00e9cessaire.<\/li>\n<\/ul>\n<div class=\"gallery\">\n<p><img loading=\"lazy\" decoding=\"async\" src=\"\/wp-content\/uploads\/2023\/06\/Innenansicht-Zug-GTW-Seetal.-1.jpg\" alt=\"First\" width=\"600\" height=\"400\" \/><\/p>\n<div class=\"desc\">Premi\u00e8re classe<\/div>\n<\/div>\n<div class=\"gallery\">\n<p><img loading=\"lazy\" decoding=\"async\" src=\"\/wp-content\/uploads\/2023\/06\/Innenaufnahmen-Giruno-1.jpg\" alt=\"First\" width=\"600\" height=\"400\" \/><\/p>\n<div class=\"desc\">Premi\u00e8re classe<\/div>\n<\/div>\n<div class=\"gallery\">\n<p><img loading=\"lazy\" decoding=\"async\" src=\"\/wp-content\/uploads\/2023\/06\/Innenaufnahmen-Giruno-2.jpg\" alt=\"First\" width=\"600\" height=\"400\" \/><\/p>\n<div class=\"desc\">Classe \u00e9conomique<\/div>\n<\/div>\n<div class=\"gallery\">\n<p><img loading=\"lazy\" decoding=\"async\" src=\"\/wp-content\/uploads\/2023\/06\/ICN-innen-nach-Revision-3.jpg\" alt=\"First\" width=\"600\" height=\"400\" \/><\/p>\n<div class=\"desc\">Classe \u00e9conomique<\/div>\n<\/div>\n<p><img loading=\"lazy\" decoding=\"async\" class=\"alignleft size-full wp-image-2882\" src=\"\/wp-content\/uploads\/2020\/10\/image007.jpg\" alt=\"\" width=\"974\" height=\"360\" srcset=\"https:\/\/www.accesrail.com\/wp-content\/uploads\/2020\/10\/image007.jpg 974w, https:\/\/www.accesrail.com\/wp-content\/uploads\/2020\/10\/image007-300x111.jpg 300w, https:\/\/www.accesrail.com\/wp-content\/uploads\/2020\/10\/image007-768x284.jpg 768w\" sizes=\"auto, (max-width: 974px) 100vw, 974px\" \/><\/p>\n<h3>R\u00e9servation de PNR<\/h3>\n<p><img loading=\"lazy\" decoding=\"async\" class=\"alignleft size-full wp-image-2880\" src=\"\/wp-content\/uploads\/2020\/10\/image001.jpg\" alt=\"\" width=\"802\" height=\"212\" srcset=\"https:\/\/www.accesrail.com\/wp-content\/uploads\/2020\/10\/image001.jpg 802w, https:\/\/www.accesrail.com\/wp-content\/uploads\/2020\/10\/image001-300x79.jpg 300w, https:\/\/www.accesrail.com\/wp-content\/uploads\/2020\/10\/image001-768x203.jpg 768w\" sizes=\"auto, (max-width: 802px) 100vw, 802px\" \/><\/p>\n<h3>SSR CTCE<\/h3>\n<p>Lors de la d\u00e9livrance d'une plaque 9B\/450, veuillez utiliser le format \"SSR CTCE\" au moment de la r\u00e9servation afin de communiquer l'adresse \u00e9lectronique du PAX \u00e0 9B, de sorte que 9B puisse envoyer un courrier \u00e9lectronique 72 heures avant le d\u00e9part pour rappeler au passager qu'il doit se pr\u00e9senter \u00e0 l'enregistrement obligatoire le jour de son d\u00e9part. <a href=\"https:\/\/www.accesrail.com\/fr\/\">accesrail.com<\/a>.<\/p>\n<h3>Remboursements<\/h3>\n<ul>\n<li>Les demandes de remboursement doivent \u00eatre initi\u00e9es au point de vente.<\/li>\n<li>Selon la r\u00e8gle tarifaire<\/li>\n<\/ul>\n<p><strong>Annulation automatique de la r\u00e9servation :<\/strong> 36 heures avant le d\u00e9part.<\/p>\n<h3>Groupes<\/h3>\n<ul>\n<li>Les r\u00e9servations de groupe ne sont pas autoris\u00e9es.<\/li>\n<\/ul>\n<\/div>\n<div id=\"tab_1_4\" class=\"tab-pane fade\">\n<h3>Enregistrement<\/h3>\n<p>Les voyageurs doivent s'enregistrer pour recevoir leur document de voyage pour le segment ferroviaire. Dans les 72 heures pr\u00e9c\u00e9dant le d\u00e9part, les billets de train CFF peuvent \u00eatre retir\u00e9s au choix :<\/p>\n<ol>\n<li>Enregistrement en ligne sur <a href=\"https:\/\/check-in.accesrail.com\">check-in.accesrail.com<\/a> - Le passager peut choisir de recevoir son billet sous forme d'impression \u00e0 domicile, de solution ou de billet mobile.<\/li>\n<\/ol>\n<div class=\"portlet light\">\n<div class=\"portlet-title\">\n<div class=\"caption\"><i class=\"icon-pin font-yellow-crusta\"><\/i><span class=\"caption-subject bold font-yellow-casablanca uppercase\"> Enregistrement <\/span><\/div>\n<\/div>\n<div class=\"portlet-body\">\n<p><img decoding=\"async\" src=\"\/wp-content\/uploads\/2015\/12\/Check-in.png\" alt=\"\" width=\"50%\" align=\"left\" \/><\/p>\n<div class=\"mt-element-list\">\n<div class=\"mt-list-container list-default ext-1 group\">\n<div id=\"completed\" class=\"panel-collapse collapse in\">\n<ul>\n<li class=\"mt-list-item done\">\n<div class=\"list-icon-container\"><a><br \/>\n<i class=\"icon-check\" style=\"top: -20px;\"><\/i><br \/>\n<\/a><\/div>\n<div class=\"list-item-content\">\n<p>Visites de passagers <a href=\"https:\/\/check-in.accesrail.com\" target=\"_blank\" rel=\"noopener noreferrer\">check-in.accesrail.com<\/a> dans les 72 heures pr\u00e9c\u00e9dant le d\u00e9part.<\/p>\n<\/div>\n<\/li>\n<li class=\"mt-list-item done\">\n<div class=\"list-icon-container\"><a><br \/>\n<i class=\"icon-check\" style=\"top: -20px;\"><\/i><br \/>\n<\/a><\/div>\n<div class=\"list-item-content\">\n<p>Le passager saisit son nom et son pr\u00e9nom ainsi que l'un des \u00e9l\u00e9ments suivants : Localisateur PNR ou num\u00e9ro de billet \u00e9lectronique.<\/p>\n<\/div>\n<\/li>\n<li class=\"mt-list-item done\">\n<div class=\"list-icon-container\"><a><br \/>\n<i class=\"icon-check\" style=\"top: -20px;\"><\/i><br \/>\n<\/a><\/div>\n<div class=\"list-item-content\">\n<p>Le passager imprime le document de voyage ou le t\u00e9l\u00e9charge sur son appareil mobile, ce qui est n\u00e9cessaire pour l'embarquement, ou demande un billet mobile (aucune impression n'est n\u00e9cessaire).<\/p>\n<\/div>\n<\/li>\n<\/ul>\n<\/div>\n<\/div>\n<\/div>\n<p>&nbsp;<\/p>\n<\/div>\n<p>&nbsp;<\/p>\n<\/div>\n<h3>Documents de voyage<\/h3>\n<p><img loading=\"lazy\" decoding=\"async\" class=\"alignnone size-full wp-image-4559\" src=\"https:\/\/www.accesrail.com\/wp-content\/uploads\/2025\/08\/SBB_Ticket.png\" alt=\"\" width=\"755\" height=\"912\" srcset=\"https:\/\/www.accesrail.com\/wp-content\/uploads\/2025\/08\/SBB_Ticket.png 755w, https:\/\/www.accesrail.com\/wp-content\/uploads\/2025\/08\/SBB_Ticket-248x300.png 248w, https:\/\/www.accesrail.com\/wp-content\/uploads\/2025\/08\/SBB_Ticket-10x12.png 10w\" sizes=\"auto, (max-width: 755px) 100vw, 755px\" \/><\/p>\n<h3>Politique en mati\u00e8re de bagages<\/h3>\n<p>Pas de limitation de valises dans les trains CFF, les passagers peuvent apporter autant de valises qu'ils le souhaitent pour autant qu'ils puissent les porter.<\/p>\n<h3>Itin\u00e9raire pour les transferts a\u00e9roportuaires<\/h3>\n<ul>\n<li>Les a\u00e9roports de Gen\u00e8ve et de Zurich sont \u00e9quip\u00e9s d'une signalisation pour la direction entre les a\u00e9roports et les gares situ\u00e9es sous ou \u00e0 c\u00f4t\u00e9 de l'a\u00e9roport.<\/li>\n<li>A\u00e9roport de Gen\u00e8ve : L'a\u00e9roport est situ\u00e9 \u00e0 250 m\u00e8tres du terminal ferroviaire, via une passerelle couverte.<\/li>\n<li>A\u00e9roport de Zurich : La station est situ\u00e9e sous l'Airport Centre, au niveau le plus bas (02).<\/li>\n<\/ul>\n<p><img loading=\"lazy\" decoding=\"async\" class=\"alignright size-full wp-image-2812\" src=\"\/wp-content\/uploads\/2020\/08\/ecdvsw.jpg\" alt=\"\" width=\"534\" height=\"225\" srcset=\"https:\/\/www.accesrail.com\/wp-content\/uploads\/2020\/08\/ecdvsw.jpg 534w, https:\/\/www.accesrail.com\/wp-content\/uploads\/2020\/08\/ecdvsw-300x126.jpg 300w\" sizes=\"auto, (max-width: 534px) 100vw, 534px\" \/><\/p>\n<h3>Conditions de voyage<\/h3>\n<p>Le voyage est soumis aux conditions de transport des CFF.<\/p>\n<p>&nbsp;<\/p>\n<\/div>\n<div id=\"tab_1_5\" class=\"tab-pane fade\">\n<h3><\/h3>\n<ul>\n<li><a class=\"noslimstat\" href=\"#\" rel=\"nofollow\">T\u00e9l\u00e9charger le manuel de vente<\/a><\/li>\n<\/ul>\n<h3>FAQ<\/h3>\n<p><strong>Les r\u00e9servations de places sont-elles obligatoires ?<\/strong>Il n'est pas obligatoire de r\u00e9server des si\u00e8ges pour les CFF. Si le passager pr\u00e9f\u00e8re r\u00e9server un si\u00e8ge sp\u00e9cifique, il peut le faire \u00e0 la gare moyennant une somme modique.<\/p>\n<p><strong>En cas de retard de vol<\/strong>Les billets peuvent \u00eatre utilis\u00e9s sur tous les d\u00e9parts le jour de la validit\u00e9 et sont valables 3 jours \u00e0 partir de l'heure de d\u00e9part (les billets point \u00e0 point sont toujours valables de minuit \u00e0 5 heures du matin le 3\u00e8me jour (exemple : 01.01.2023 de 0h00 au 04.01.2023 05h00), soit au total 77 heures).<\/p>\n<\/div>\n<\/div>","protected":false},"excerpt":{"rendered":"<p>Product Information Availability Booking Information Check-in and Travel Sales Manual About SBB is the primary train operator in Switzerland, they offer efficient and on time travel with their national rail network. SBB\u2019s point to point tickets can be booked both as a stand-alone product and in connection with a flight (interline) as long as that [&hellip;]<\/p>\n","protected":false},"author":4,"featured_media":0,"parent":8,"menu_order":0,"comment_status":"closed","ping_status":"closed","template":"","meta":{"footnotes":""},"class_list":["post-2796","page","type-page","status-publish","hentry"],"_links":{"self":[{"href":"https:\/\/www.accesrail.com\/fr\/wp-json\/wp\/v2\/pages\/2796","targetHints":{"allow":["GET"]}}],"collection":[{"href":"https:\/\/www.accesrail.com\/fr\/wp-json\/wp\/v2\/pages"}],"about":[{"href":"https:\/\/www.accesrail.com\/fr\/wp-json\/wp\/v2\/types\/page"}],"author":[{"embeddable":true,"href":"https:\/\/www.accesrail.com\/fr\/wp-json\/wp\/v2\/users\/4"}],"replies":[{"embeddable":true,"href":"https:\/\/www.accesrail.com\/fr\/wp-json\/wp\/v2\/comments?post=2796"}],"version-history":[{"count":65,"href":"https:\/\/www.accesrail.com\/fr\/wp-json\/wp\/v2\/pages\/2796\/revisions"}],"predecessor-version":[{"id":4854,"href":"https:\/\/www.accesrail.com\/fr\/wp-json\/wp\/v2\/pages\/2796\/revisions\/4854"}],"up":[{"embeddable":true,"href":"https:\/\/www.accesrail.com\/fr\/wp-json\/wp\/v2\/pages\/8"}],"wp:attachment":[{"href":"https:\/\/www.accesrail.com\/fr\/wp-json\/wp\/v2\/media?parent=2796"}],"curies":[{"name":"wp","href":"https:\/\/api.w.org\/{rel}","templated":true}]}}