{"id":2890,"date":"2020-10-30T20:44:09","date_gmt":"2020-10-30T20:44:09","guid":{"rendered":"https:\/\/accesrail.com\/?page_id=2890"},"modified":"2024-05-28T16:38:24","modified_gmt":"2024-05-28T16:38:24","slug":"sbb","status":"publish","type":"page","link":"https:\/\/www.accesrail.com\/fr\/partners\/sbb\/","title":{"rendered":"CFF"},"content":{"rendered":"<h3><a href=\"https:\/\/accesrail.com\/wp-content\/uploads\/2020\/10\/SBB-Logo.png\"><img loading=\"lazy\" decoding=\"async\" class=\"alignleft size-medium wp-image-2891\" src=\"\/wp-content\/uploads\/2020\/10\/SBB-Logo-300x53.png\" alt=\"\" width=\"300\" height=\"53\" srcset=\"https:\/\/www.accesrail.com\/wp-content\/uploads\/2020\/10\/SBB-Logo-300x53.png 300w, https:\/\/www.accesrail.com\/wp-content\/uploads\/2020\/10\/SBB-Logo-768x136.png 768w, https:\/\/www.accesrail.com\/wp-content\/uploads\/2020\/10\/SBB-Logo.png 1024w\" sizes=\"auto, (max-width: 300px) 100vw, 300px\" \/><\/a><\/h3>\n<p>Chemins de fer f\u00e9d\u00e9raux suisses (allemand : Schweizerische Bundesbahnen, SBB ; fran\u00e7ais : Chemins de fer f\u00e9d\u00e9raux suisses, CFF ; italien : Ferrovie federali svizzere, FFS) est la soci\u00e9t\u00e9 nationale des chemins de fer suisses. Elle est g\u00e9n\u00e9ralement d\u00e9sign\u00e9e par les initiales de ses noms allemand, fran\u00e7ais et italien, soit comme CFF CFF FFS, soit s\u00e9par\u00e9ment. La version romanche de son nom, Viafiers federalas svizras, n'est pas utilis\u00e9e officiellement.<\/p>\n<p>Le r\u00e9seau de transports publics de pr\u00e8s de 30 000 km est mondialement connu pour ses horaires ponctuels, sa s\u00e9curit\u00e9, sa fr\u00e9quence d'utilisation, ses trains modernes et sa facilit\u00e9 de correspondance.<\/p>\n<h3>Produits<\/h3>\n<ul>\n<li><a class=\"notranslate\" title=\"Billets de train CFF\" href=\"https:\/\/www.accesrail.com\/fr\/products\/sbb-train-tickets\/\">Billets de train CFF<\/a><\/li>\n<\/ul>","protected":false},"excerpt":{"rendered":"<p>Swiss Federal Railways (German: Schweizerische Bundesbahnen, SBB; French: Chemins de fer f\u00e9d\u00e9raux suisses, CFF; Italian: Ferrovie federali svizzere, FFS) is the national railway company of Switzerland. It is usually referred to by the initials of its German, French, and Italian names, either as SBB CFF FFS, or used separately. The Romansh version of its name, [&hellip;]<\/p>\n","protected":false},"author":4,"featured_media":0,"parent":42,"menu_order":0,"comment_status":"closed","ping_status":"closed","template":"","meta":{"footnotes":""},"class_list":["post-2890","page","type-page","status-publish","hentry"],"_links":{"self":[{"href":"https:\/\/www.accesrail.com\/fr\/wp-json\/wp\/v2\/pages\/2890","targetHints":{"allow":["GET"]}}],"collection":[{"href":"https:\/\/www.accesrail.com\/fr\/wp-json\/wp\/v2\/pages"}],"about":[{"href":"https:\/\/www.accesrail.com\/fr\/wp-json\/wp\/v2\/types\/page"}],"author":[{"embeddable":true,"href":"https:\/\/www.accesrail.com\/fr\/wp-json\/wp\/v2\/users\/4"}],"replies":[{"embeddable":true,"href":"https:\/\/www.accesrail.com\/fr\/wp-json\/wp\/v2\/comments?post=2890"}],"version-history":[{"count":2,"href":"https:\/\/www.accesrail.com\/fr\/wp-json\/wp\/v2\/pages\/2890\/revisions"}],"predecessor-version":[{"id":3646,"href":"https:\/\/www.accesrail.com\/fr\/wp-json\/wp\/v2\/pages\/2890\/revisions\/3646"}],"up":[{"embeddable":true,"href":"https:\/\/www.accesrail.com\/fr\/wp-json\/wp\/v2\/pages\/42"}],"wp:attachment":[{"href":"https:\/\/www.accesrail.com\/fr\/wp-json\/wp\/v2\/media?parent=2890"}],"curies":[{"name":"wp","href":"https:\/\/api.w.org\/{rel}","templated":true}]}}