{"id":2960,"date":"2021-01-15T20:00:54","date_gmt":"2021-01-15T20:00:54","guid":{"rendered":"https:\/\/accesrail.com\/?page_id=2960"},"modified":"2021-02-16T18:06:17","modified_gmt":"2021-02-16T18:06:17","slug":"transpennine-express-tpe","status":"publish","type":"page","link":"https:\/\/www.accesrail.com\/fr\/partners\/transpennine-express-tpe\/","title":{"rendered":"TransPennine Express (TPE)"},"content":{"rendered":"<p dir=\"ltr\">\n<img decoding=\"async\" src=\"\/wp-content\/uploads\/2021\/01\/1200px-TransPennineExpress.svg_-300x149.png\" align=\"right\" width=\"300\" style=\"margin-left:30px;\" \/>TransPennine Express (TPE) est une compagnie ferroviaire britannique appartenant \u00e0 FirstGroup. Elle exploite des services ferroviaires r\u00e9gionaux et interurbains entre les principales villes du nord-ouest de l'Angleterre, du Yorkshire et du Humber, du nord-est de l'Angleterre et de l'\u00c9cosse.<\/p>\n<p dir=\"ltr\">TransPennine Express exploite tous ses services vers et \u00e0 travers Manchester en couvrant trois itin\u00e9raires principaux. Le service assure des liaisons ferroviaires avec les grandes villes telles qu'\u00c9dimbourg, Glasgow, Liverpool, Sheffield, York et Newcastle (un horaire r\u00e9duit est actuellement en vigueur en raison de Covid-19).<\/p>\n<p dir=\"ltr\">La TPE investit plus de 500 millions de livres sterling dans de nouveaux trains, de nouvelles lignes et de nouveaux produits qui rendront les voyages sur le r\u00e9seau plus faciles et plus inspirants.<\/p>\n<p dir=\"ltr\">Toutes les grandes visions ont besoin d'un plan - et TPE n'est pas diff\u00e9rente. Les TPE ont \u00e9labor\u00e9 un plan pour les guider dans la transformation de la franchise et l'am\u00e9lioration de la vie de chacun - clients, coll\u00e8gues, parties prenantes et toutes les communaut\u00e9s du Nord que nous connaissons et aimons.<\/p>\n<p dir=\"ltr\">Ce plan repose sur un engagement fort en mati\u00e8re de responsabilit\u00e9 d'entreprise et sur la volont\u00e9 d'\u00eatre le leader en mati\u00e8re de transport s\u00fbr, innovant, fiable et durable.<\/p>\n<p dir=\"ltr\">Nos investissements se concentrent sur l'exp\u00e9rience client, la transformation et la croissance, le personnel, le d\u00e9veloppement durable, la sant\u00e9 et la s\u00e9curit\u00e9, et la gestion d'entreprise. Pour en savoir plus, cliquez ici...<\/p>\n<p dir=\"ltr\">Des trains nouveaux et am\u00e9lior\u00e9s<\/p>\n<ul>\n<li>220 wagons de trains interurbains flambant neufs<\/li>\n<li>Les nouveaux wagons formeront le 72% de la flotte et circuleront \u00e0 des vitesses allant jusqu'\u00e0 125 miles par heure.<\/li>\n<li>Un investissement de plus de 31 millions de livres sterling pour moderniser la flotte existante, afin qu'elle ait l'air et la sensation d'\u00eatre flambant neuve.<\/li>\n<\/ul>\n<p dir=\"ltr\">Plus de si\u00e8ges<\/p>\n<ul>\n<li>13 millions de si\u00e8ges suppl\u00e9mentaires par an<\/li>\n<li>10 000 places suppl\u00e9mentaires le matin et le soir dans les principales villes du Nord<\/li>\n<p dir=\"ltr\">Des services nouveaux et am\u00e9lior\u00e9s<\/p>\n<ul>\n<li>Augmentation du nombre de services reliant les plus grandes villes du nord de l'Angleterre et de l'\u00c9cosse<\/li>\n<li>Nouvelles liaisons et am\u00e9lioration des liaisons existantes : Liverpool - \u00c9cosse et Manchester - Newcastle\/Edinburgh<\/li>\n<li>Plus de services le week-end<\/li>\n<\/ul>\n<p dir=\"ltr\">Investissement dans la technologie<\/p>\n<ul>\n<li>Wi-Fi gratuit dans tous les trains<\/li>\n<li>Syst\u00e8me de divertissement \u00e0 bord gratuit Exstream proposant des films, des \u00e9missions pour enfants, des informations, etc.<\/li>\n<li>Investissements importants dans la billetterie mobile et intelligente<\/li>\n<\/ul>\n<p dir=\"ltr\">TransPennine Express est une soci\u00e9t\u00e9 anonyme de FirstGroup. Le groupe est le principal op\u00e9rateur de transport au Royaume-Uni et en Am\u00e9rique du Nord, avec un chiffre d'affaires de plus de 5 milliards de livres par an, employant environ 115 000 personnes et transportant 2,2 milliards de passagers par an.<\/p>\n<p dir=\"ltr\">Outre TransPennine Express, FirstGroup exploite Great Western Railway, South Western Railway et Hull Trains.<\/p>\n<h3>Produits<\/h3>\n<ul>\n<li><a class=\"notranslate\" href=\"https:\/\/www.accesrail.com\/fr\/products\/transpennine-express\/\" title=\"TransPennine Express\">TransPennine Express<\/a><\/li>\n<\/ul>","protected":false},"excerpt":{"rendered":"<p>TransPennine Express&nbsp;(TPE)&nbsp;is a British&nbsp;train operating company owned by FirstGroup. It runs regional and&nbsp;intercity&nbsp;rail services between the major cities of&nbsp;North West England, Yorkshire and Humber, North East England&nbsp;and Scotland. TransPennine Express operates all its services to and through&nbsp;Manchester&nbsp;covering three main routes. The service provides rail links for major towns and cities such as&nbsp;Edinburgh,&nbsp;Glasgow,&nbsp;Liverpool,&nbsp;Sheffield,&nbsp;York,&nbsp;and Newcastle (a reduced [&hellip;]<\/p>\n","protected":false},"author":4,"featured_media":0,"parent":42,"menu_order":0,"comment_status":"closed","ping_status":"closed","template":"","meta":{"footnotes":""},"class_list":["post-2960","page","type-page","status-publish","hentry"],"_links":{"self":[{"href":"https:\/\/www.accesrail.com\/fr\/wp-json\/wp\/v2\/pages\/2960","targetHints":{"allow":["GET"]}}],"collection":[{"href":"https:\/\/www.accesrail.com\/fr\/wp-json\/wp\/v2\/pages"}],"about":[{"href":"https:\/\/www.accesrail.com\/fr\/wp-json\/wp\/v2\/types\/page"}],"author":[{"embeddable":true,"href":"https:\/\/www.accesrail.com\/fr\/wp-json\/wp\/v2\/users\/4"}],"replies":[{"embeddable":true,"href":"https:\/\/www.accesrail.com\/fr\/wp-json\/wp\/v2\/comments?post=2960"}],"version-history":[{"count":8,"href":"https:\/\/www.accesrail.com\/fr\/wp-json\/wp\/v2\/pages\/2960\/revisions"}],"predecessor-version":[{"id":3016,"href":"https:\/\/www.accesrail.com\/fr\/wp-json\/wp\/v2\/pages\/2960\/revisions\/3016"}],"up":[{"embeddable":true,"href":"https:\/\/www.accesrail.com\/fr\/wp-json\/wp\/v2\/pages\/42"}],"wp:attachment":[{"href":"https:\/\/www.accesrail.com\/fr\/wp-json\/wp\/v2\/media?parent=2960"}],"curies":[{"name":"wp","href":"https:\/\/api.w.org\/{rel}","templated":true}]}}