{"id":3257,"date":"2022-11-21T17:29:44","date_gmt":"2022-11-21T17:29:44","guid":{"rendered":"https:\/\/accesrail.com\/?page_id=3257"},"modified":"2022-11-21T17:29:44","modified_gmt":"2022-11-21T17:29:44","slug":"sncf","status":"publish","type":"page","link":"https:\/\/www.accesrail.com\/fr\/partners\/sncf\/","title":{"rendered":"SNCF"},"content":{"rendered":"<p><img decoding=\"async\" class=\"alignnone  size-full\" src=\"\/wp-content\/uploads\/2022\/11\/sncf_logo.png\" alt=\"SNCF\"  \/><\/a><\/p>\n<p>La SNCF est la soci\u00e9t\u00e9 nationale des chemins de fer fran\u00e7ais. Fond\u00e9e en 1938, elle assure le trafic ferroviaire national sur le r\u00e9seau fran\u00e7ais \u00e0 grande vitesse.<\/p>\n<h3>Produits<\/h3>\n<ul>\n<li><a class=\"notranslate\" href=\"https:\/\/www.accesrail.com\/fr\/products\/sncf\/\">Programme SNCF Train + Air<\/a><\/li>\n<\/ul>","protected":false},"excerpt":{"rendered":"<p>La SNCF est la soci\u00e9t\u00e9 nationale des chemins de fer fran\u00e7ais. Fond\u00e9e en 1938, elle assure le trafic ferroviaire national sur le r\u00e9seau fran\u00e7ais \u00e0 grande vitesse. Produits SNCF Train + Air Program<\/p>","protected":false},"author":4,"featured_media":0,"parent":42,"menu_order":0,"comment_status":"closed","ping_status":"closed","template":"","meta":{"footnotes":""},"class_list":["post-3257","page","type-page","status-publish","hentry"],"_links":{"self":[{"href":"https:\/\/www.accesrail.com\/fr\/wp-json\/wp\/v2\/pages\/3257","targetHints":{"allow":["GET"]}}],"collection":[{"href":"https:\/\/www.accesrail.com\/fr\/wp-json\/wp\/v2\/pages"}],"about":[{"href":"https:\/\/www.accesrail.com\/fr\/wp-json\/wp\/v2\/types\/page"}],"author":[{"embeddable":true,"href":"https:\/\/www.accesrail.com\/fr\/wp-json\/wp\/v2\/users\/4"}],"replies":[{"embeddable":true,"href":"https:\/\/www.accesrail.com\/fr\/wp-json\/wp\/v2\/comments?post=3257"}],"version-history":[{"count":1,"href":"https:\/\/www.accesrail.com\/fr\/wp-json\/wp\/v2\/pages\/3257\/revisions"}],"predecessor-version":[{"id":3258,"href":"https:\/\/www.accesrail.com\/fr\/wp-json\/wp\/v2\/pages\/3257\/revisions\/3258"}],"up":[{"embeddable":true,"href":"https:\/\/www.accesrail.com\/fr\/wp-json\/wp\/v2\/pages\/42"}],"wp:attachment":[{"href":"https:\/\/www.accesrail.com\/fr\/wp-json\/wp\/v2\/media?parent=3257"}],"curies":[{"name":"wp","href":"https:\/\/api.w.org\/{rel}","templated":true}]}}