{"id":3732,"date":"2024-09-17T14:44:55","date_gmt":"2024-09-17T14:44:55","guid":{"rendered":"https:\/\/www.accesrail.com\/?page_id=3732"},"modified":"2026-05-01T17:39:27","modified_gmt":"2026-05-01T17:39:27","slug":"airline-sales-manuals","status":"publish","type":"page","link":"https:\/\/www.accesrail.com\/fr\/airline-sales-manuals\/","title":{"rendered":"Manuels de vente des compagnies a\u00e9riennes"},"content":{"rendered":"<div class=\"row\">\n<p><!--\n\n\n<div class=\"col-md-9 col-sm-9\">\n\n--><\/p>\n<ul class=\"nav nav-tabs\">\n<li style=\"list-style-type: none;\">\n<ul class=\"nav nav-tabs\">\n<li class=\"active\"><a href=\"#tab_1\" data-toggle=\"tab\">L'Europe<\/a><\/li>\n<li><a href=\"#tab_2\" data-toggle=\"tab\">Asie<\/a><\/li>\n<li><a href=\"#tab_3\" data-toggle=\"tab\">Royaume-Uni<\/a><\/li>\n<li><a href=\"#tab_4\" data-toggle=\"tab\">Am\u00e9rique du Nord<\/a><\/li>\n<\/ul>\n<\/li>\n<\/ul>\n<p>Pour aider vos \u00e9quipes de vente et de service \u00e0 la client\u00e8le, nous proposons des manuels de vente d\u00e9taill\u00e9s sur les chemins de fer. Ces guides fournissent des informations essentielles sur nos partenaires ferroviaires, les proc\u00e9dures de billetterie et d'autres d\u00e9tails cl\u00e9s pour vous aider \u00e0 mieux servir vos passagers.<\/p>\n<p><!-- Tabs Content --><\/p>\n<div class=\"tab-content\">\n<p><!-- Tab 1 Content --><\/p>\n<div id=\"tab_1\" class=\"tab-pane fade in active\">\n<div style=\"display: flex; flex-wrap: wrap; gap: 20px; justify-content: space-between;\">\n<p><!-- SBB --><\/p>\n<div style=\"flex: 1 1 30%; box-sizing: border-box; border: 1px solid #ddd; border-radius: 8px; overflow: hidden; display: flex; flex-direction: column;\">\n<p><img decoding=\"async\" class=\"aligncenter\" style=\"width: 100%; height: 200px; object-fit: cover;\" src=\"\/wp-content\/uploads\/2020\/08\/sbb.jpg\" alt=\"SBB\" \/><\/p>\n<div style=\"display: flex; flex-direction: column; gap: 10px; padding: 10px;\"><a class=\"btn\" style=\"text-align: center; padding: 10px; background-color: #007bff; color: #fff; text-decoration: none; border-radius: 4px;\" href=\"https:\/\/www.accesrail.com\/wp-content\/uploads\/2025\/08\/SBB-Airline.pdf\" target=\"\u201d_blank\u201d\" rel=\"noopener\">Manuel de vente CFF<\/a><\/div>\n<\/div>\n<p><!-- \u00d6BB --><\/p>\n<div style=\"flex: 1 1 30%; box-sizing: border-box; border: 1px solid #ddd; border-radius: 8px; overflow: hidden; display: flex; flex-direction: column;\">\n<p><img decoding=\"async\" class=\"aligncenter\" style=\"width: 100%; height: 200px; object-fit: cover;\" src=\"\/wp-content\/uploads\/2015\/12\/Austria-OBB-2.jpg\" alt=\"OBB\" \/><\/p>\n<div style=\"display: flex; flex-direction: column; gap: 10px; padding: 10px;\"><a class=\"btn\" style=\"text-align: center; padding: 10px; background-color: #007bff; color: #fff; text-decoration: none; border-radius: 4px;\" href=\"https:\/\/www.accesrail.com\/wp-content\/uploads\/2024\/12\/OeBB-Airline-1.pdf\" target=\"\u201d_blank\u201d\" rel=\"noopener\">Manuel de vente de l'\u00d6BB<\/a><\/div>\n<\/div>\n<p><!-- Trenitalia --><\/p>\n<div style=\"flex: 1 1 30%; box-sizing: border-box; border: 1px solid #ddd; border-radius: 8px; overflow: hidden; display: flex; flex-direction: column;\">\n<p><img decoding=\"async\" class=\"aligncenter\" style=\"width: 100%; height: 200px; object-fit: cover;\" src=\"\/wp-content\/uploads\/2019\/03\/trenitalia-train-home-page.jpg\" alt=\"Trenitalia\" \/><\/p>\n<div style=\"display: flex; flex-direction: column; gap: 10px; padding: 10px;\"><a class=\"btn\" style=\"text-align: center; padding: 10px; background-color: #007bff; color: #fff; text-decoration: none; border-radius: 4px;\" href=\"https:\/\/www.accesrail.com\/wp-content\/uploads\/2025\/04\/Trenitalia-Airline-v.pdf\" target=\"\u201d_blank\u201d\" rel=\"noopener\">Manuel de vente Trenitalia<\/a><\/div>\n<\/div>\n<p><!-- Italo --><\/p>\n<div style=\"flex: 1 1 30%; box-sizing: border-box; border: 1px solid #ddd; border-radius: 8px; overflow: hidden; display: flex; flex-direction: column;\">\n<p><img decoding=\"async\" class=\"aligncenter\" style=\"width: 100%; height: 200px; object-fit: cover;\" src=\"\/wp-content\/uploads\/2026\/02\/italo-1-scaled.jpg\" alt=\"Italo\" \/><\/p>\n<div style=\"display: flex; flex-direction: column; gap: 10px; padding: 10px;\"><a class=\"btn\" style=\"text-align: center; padding: 10px; background-color: #007bff; color: #fff; text-decoration: none; border-radius: 4px;\" href=\"https:\/\/www.accesrail.com\/wp-content\/uploads\/2026\/04\/Italo-2026.pdf\" target=\"\u201d_blank\u201d\" rel=\"noopener\">Manuel de vente Italo<\/a><\/div>\n<\/div>\n<p><!-- Renfe --><\/p>\n<div style=\"flex: 1 1 30%; box-sizing: border-box; border: 1px solid #ddd; border-radius: 8px; overflow: hidden; display: flex; flex-direction: column;\">\n<p><img decoding=\"async\" class=\"aligncenter\" style=\"width: 100%; height: 200px; object-fit: cover;\" src=\"\/wp-content\/uploads\/2024\/07\/ranfe-.jpg\" alt=\"Renfe\" \/><\/p>\n<div style=\"display: flex; flex-direction: column; gap: 10px; padding: 10px;\"><a class=\"btn\" style=\"text-align: center; padding: 10px; background-color: #007bff; color: #fff; text-decoration: none; border-radius: 4px;\" href=\"https:\/\/www.accesrail.com\/wp-content\/uploads\/2024\/08\/Renfe-Airline.pdf\" target=\"\u201d_blank\u201d\" rel=\"noopener\">Manuel de vente Renfe<\/a><\/div>\n<\/div>\n<p><!-- VY --><\/p>\n<div style=\"flex: 1 1 30%; box-sizing: border-box; border: 1px solid #ddd; border-radius: 8px; overflow: hidden; display: flex; flex-direction: column;\">\n<p><img decoding=\"async\" class=\"aligncenter\" style=\"width: 100%; height: 200px; object-fit: cover;\" src=\"\/wp-content\/uploads\/2019\/06\/Vy-train.jpg\" alt=\"VY\" \/><\/p>\n<div style=\"display: flex; flex-direction: column; gap: 10px; padding: 10px;\"><a class=\"btn\" style=\"text-align: center; padding: 10px; background-color: #007bff; color: #fff; text-decoration: none; border-radius: 4px;\" href=\"https:\/\/www.accesrail.com\/fr\/products\/nsb\/\" target=\"\u201d_blank\u201d\" rel=\"noopener\">Manuel de vente VY<\/a><\/div>\n<\/div>\n<p><!-- SJ --><\/p>\n<div style=\"flex: 1 1 30%; box-sizing: border-box; border: 1px solid #ddd; border-radius: 8px; overflow: hidden; display: flex; flex-direction: column;\">\n<p><img decoding=\"async\" class=\"aligncenter\" style=\"width: 100%; height: 200px; object-fit: cover;\" src=\"\/wp-content\/uploads\/2015\/12\/Sweden-SJ-2.jpg\" alt=\"SJ\" \/><\/p>\n<div style=\"display: flex; flex-direction: column; gap: 10px; padding: 10px;\"><a class=\"btn\" style=\"text-align: center; padding: 10px; background-color: #007bff; color: #fff; text-decoration: none; border-radius: 4px;\" href=\"https:\/\/www.accesrail.com\/wp-content\/uploads\/2026\/05\/SJ-Airline-2026.pdf\" target=\"\u201d_blank\u201d\" rel=\"noopener\">Manuel de vente SJ<\/a><\/div>\n<\/div>\n<p><!-- SNCF --><\/p>\n<div style=\"flex: 1 1 30%; box-sizing: border-box; border: 1px solid #ddd; border-radius: 8px; overflow: hidden; display: flex; flex-direction: column;\">\n<p><img decoding=\"async\" class=\"aligncenter\" style=\"width: 100%; height: 200px; object-fit: cover;\" src=\"\/wp-content\/uploads\/2024\/07\/sncf.jpg\" alt=\"SNCF\" \/><\/p>\n<div style=\"display: flex; flex-direction: column; gap: 10px; padding: 10px;\"><a class=\"btn\" style=\"text-align: center; padding: 10px; background-color: #007bff; color: #fff; text-decoration: none; border-radius: 4px;\" href=\"https:\/\/www.accesrail.com\/wp-content\/uploads\/2025\/04\/SNCF-Airline-1.pdf\" target=\"\u201d_blank\u201d\" rel=\"noopener\">Manuel de vente de la SNCF<\/a><\/div>\n<\/div>\n<p><!-- Czech --><\/p>\n<div style=\"flex: 1 1 30%; box-sizing: border-box; border: 1px solid #ddd; border-radius: 8px; overflow: hidden; display: flex; flex-direction: column;\">\n<p><img decoding=\"async\" class=\"aligncenter\" style=\"width: 100%; height: 200px; object-fit: cover;\" src=\"\/wp-content\/uploads\/2024\/07\/czech.jpg\" alt=\"Czech\" \/><\/p>\n<div style=\"display: flex; flex-direction: column; gap: 10px; padding: 10px;\"><a class=\"btn\" style=\"text-align: center; padding: 10px; background-color: #007bff; color: #fff; text-decoration: none; border-radius: 4px;\" href=\"https:\/\/www.accesrail.com\/fr\/products\/czech-rail\/\" target=\"\u201d_blank\u201d\" rel=\"noopener\">Manuel de vente tch\u00e8que<\/a><\/div>\n<\/div>\n<p><!-- Eurostar --><\/p>\n<div style=\"flex: 1 1 30%; box-sizing: border-box; border: 1px solid #ddd; border-radius: 8px; overflow: hidden; display: flex; flex-direction: column;\">\n<p><img decoding=\"async\" class=\"aligncenter\" style=\"width: 100%; height: 200px; object-fit: cover;\" src=\"\/wp-content\/uploads\/2024\/07\/Eurostar-1-scaled.jpg\" alt=\"Eurostar\" \/><\/p>\n<div style=\"display: flex; flex-direction: column; gap: 10px; padding: 10px;\"><a class=\"btn\" style=\"text-align: center; padding: 10px; background-color: #007bff; color: #fff; text-decoration: none; border-radius: 4px;\" href=\"https:\/\/www.accesrail.com\/wp-content\/uploads\/2024\/08\/Eurostar-Airline.pdf\" target=\"\u201d_blank\u201d\" rel=\"noopener\">Manuel de vente Eurostar<\/a><\/div>\n<\/div>\n<p><!-- Bene --><\/p>\n<div style=\"flex: 1 1 30%; box-sizing: border-box; border: 1px solid #ddd; border-radius: 8px; overflow: hidden; display: flex; flex-direction: column;\">\n<p><img decoding=\"async\" class=\"aligncenter\" style=\"width: 100%; height: 200px; object-fit: cover;\" src=\"\/wp-content\/uploads\/2020\/11\/NSsncb-INtercity.jpeg\" alt=\"Bene\" \/><\/p>\n<div style=\"display: flex; flex-direction: column; gap: 10px; padding: 10px;\"><a class=\"btn\" style=\"text-align: center; padding: 10px; background-color: #007bff; color: #fff; text-decoration: none; border-radius: 4px;\" href=\"https:\/\/www.accesrail.com\/wp-content\/uploads\/2026\/02\/SNCB_26.pdf\" target=\"\u201d_blank\u201d\" rel=\"noopener\">Manuel de vente Bene<\/a><\/div>\n<\/div>\n<p><!-- Placeholder to fill the row --><\/p>\n<div style=\"flex: 1 1 30%; box-sizing: border-box; border: none; visibility: hidden;\"><\/div>\n<p><!-- Placeholder to fill the row --><\/p>\n<div style=\"flex: 1 1 30%; box-sizing: border-box; border: none; visibility: hidden;\"><\/div>\n<\/div>\n<\/div>\n<p><!-- Tab 2 Content --><\/p>\n<div id=\"tab_2\" class=\"tab-pane fade\">\n<div style=\"display: flex; flex-wrap: wrap; gap: 20px; justify-content: space-between;\">\n<p><!-- Korail --><\/p>\n<div style=\"flex: 1 1 30%; box-sizing: border-box; border: 1px solid #ddd; border-radius: 8px; overflow: hidden;\">\n<p><img decoding=\"async\" class=\"aligncenter\" style=\"width: 100%; height: auto;\" src=\"\/wp-content\/uploads\/2020\/06\/korail-1.jpg\" alt=\"Korail\" \/><\/p>\n<div style=\"display: flex; flex-direction: column; gap: 10px; padding: 10px;\"><a class=\"btn\" style=\"text-align: center; padding: 10px; background-color: #007bff; color: #fff; text-decoration: none; border-radius: 4px;\" href=\"https:\/\/www.accesrail.com\/wp-content\/uploads\/2025\/08\/Korail-Airline.pdf\" target=\"\u201d_blank\u201d\" rel=\"noopener\">Manuel de vente Korail<\/a><\/div>\n<\/div>\n<p><!-- Hong Kong Airport Direct --><\/p>\n<div style=\"flex: 1 1 30%; box-sizing: border-box; border: 1px solid #ddd; border-radius: 8px; overflow: hidden;\">\n<p><img decoding=\"async\" class=\"aligncenter\" style=\"width: 100%; height: auto;\" src=\"\/wp-content\/uploads\/2025\/08\/1-scaled-e1755115591595.jpeg\" alt=\"Hong Kong Airport Direct\" \/><\/p>\n<div style=\"display: flex; flex-direction: column; gap: 10px; padding: 10px;\"><a class=\"btn\" style=\"text-align: center; padding: 10px; background-color: #007bff; color: #fff; text-decoration: none; border-radius: 4px;\" href=\"https:\/\/www.accesrail.com\/wp-content\/uploads\/2025\/09\/HKAD-Airline-Sales-Manual.pdf\" target=\"\u201d_blank\u201d\" rel=\"noopener\">(NOUVEAU) HK Airport Direct<\/a><\/div>\n<\/div>\n<p><!-- Hokuriku Arch Pass --><\/p>\n<div style=\"flex: 1 1 30%; box-sizing: border-box; border: 1px solid #ddd; border-radius: 8px; overflow: hidden;\">\n<p><img decoding=\"async\" class=\"aligncenter\" style=\"width: 100%; height: auto;\" src=\"\/wp-content\/uploads\/2024\/07\/Untitled-design-1.jpg\" alt=\"Hokuriku Arch Pass\" \/><\/p>\n<div style=\"display: flex; flex-direction: column; gap: 10px; padding: 10px;\"><a class=\"btn\" style=\"text-align: center; padding: 10px; background-color: #007bff; color: #fff; text-decoration: none; border-radius: 4px;\" href=\"https:\/\/www.accesrail.com\/fr\/products\/hokuriku-arch-pass\/\" target=\"\u201d_blank\u201d\" rel=\"noopener\">Hokuriku Arch Pass (Non disponible)<\/a><\/div>\n<\/div>\n<p><!-- JR-EAST Passes --><\/p>\n<div style=\"flex: 1 1 30%; box-sizing: border-box; border: 1px solid #ddd; border-radius: 8px; overflow: hidden;\">\n<p><img decoding=\"async\" style=\"width: 100%; height: auto;\" src=\"\/wp-content\/uploads\/2024\/07\/jr-east.jpg\" alt=\"JR-EAST Passes\" \/><\/p>\n<div style=\"display: flex; flex-direction: column; gap: 10px; padding: 10px;\"><a class=\"btn\" style=\"text-align: center; padding: 10px; background-color: #007bff; color: #fff; text-decoration: none; border-radius: 4px;\" href=\"\/fr\/products\/jr-east-pass\/\" target=\"\u201d_blank\u201d\" rel=\"noopener\">Pass JR-EAST (non disponible)<\/a><\/div>\n<\/div>\n<p><!-- JR-WEST Haruka Ticket --><\/p>\n<div style=\"flex: 1 1 30%; box-sizing: border-box; border: 1px solid #ddd; border-radius: 8px; overflow: hidden;\">\n<p><img decoding=\"async\" style=\"width: 100%; height: auto;\" src=\"\/wp-content\/uploads\/2024\/07\/haruka.jpg\" alt=\"JR-WEST Haruka Ticket\" \/><\/p>\n<div style=\"display: flex; flex-direction: column; gap: 10px; padding: 10px;\"><a class=\"btn\" style=\"text-align: center; padding: 10px; background-color: #007bff; color: #fff; text-decoration: none; border-radius: 4px;\" href=\"\/fr\/products\/jr-west-haruka-ticket\/\" target=\"\u201d_blank\u201d\" rel=\"noopener\">JR-WEST Haruka Ticket (Non disponible)<\/a><\/div>\n<\/div>\n<p><!-- Kyushu Rail Passes --><\/p>\n<div style=\"flex: 1 1 30%; box-sizing: border-box; border: 1px solid #ddd; border-radius: 8px; overflow: hidden;\">\n<p><img decoding=\"async\" style=\"width: 100%; height: auto;\" src=\"\/wp-content\/uploads\/2015\/12\/Japan-Kyushu-2.jpg\" alt=\"Kyushu Rail Passes\" \/><\/p>\n<div style=\"display: flex; flex-direction: column; gap: 10px; padding: 10px;\"><a class=\"btn\" style=\"text-align: center; padding: 10px; background-color: #007bff; color: #fff; text-decoration: none; border-radius: 4px;\" href=\"\/fr\/products\/jr-kyushu-passes\/\" target=\"\u201d_blank\u201d\" rel=\"noopener\">Kyushu Rail Passes (Non disponible)<\/a><\/div>\n<\/div>\n<p><!-- Friendly Airport Limousine --><\/p>\n<div style=\"flex: 1 1 30%; box-sizing: border-box; border: 1px solid #ddd; border-radius: 8px; overflow: hidden;\">\n<p><img decoding=\"async\" style=\"width: 100%; height: auto;\" src=\"\/wp-content\/uploads\/2024\/07\/friendly-limo.jpg\" alt=\"Friendly Airport Limousine\" \/><\/p>\n<div style=\"display: flex; flex-direction: column; gap: 10px; padding: 10px;\"><a class=\"btn\" style=\"text-align: center; padding: 10px; background-color: #007bff; color: #fff; text-decoration: none; border-radius: 4px;\" href=\"\/fr\/products\/friendly-airport-limousine-fal\/\" target=\"\u201d_blank\u201d\" rel=\"noopener\">Manuel de vente Friendly Airport Limousine<\/a><\/div>\n<\/div>\n<p><!-- Placeholder to fill the row --><\/p>\n<div style=\"flex: 1 1 30%; box-sizing: border-box; border: none; visibility: hidden;\"><\/div>\n<p><!-- Placeholder to fill the row --><\/p>\n<div style=\"flex: 1 1 30%; box-sizing: border-box; border: none; visibility: hidden;\"><\/div>\n<\/div>\n<\/div>\n<div id=\"tab_3\" class=\"tab-pane fade\">\n<div style=\"display: flex; flex-wrap: wrap; gap: 20px; justify-content: space-between;\">\n<p><!-- Avanti West Coast --><\/p>\n<div style=\"flex: 1 1 30%; box-sizing: border-box; border: 1px solid #ddd; border-radius: 8px; overflow: hidden;\">\n<p><img decoding=\"async\" class=\"aligncenter\" style=\"width: 100%; height: auto;\" src=\"\/wp-content\/uploads\/2024\/07\/avanti.jpg\" alt=\"Avanti West Coast\" \/><\/p>\n<div style=\"display: flex; flex-direction: column; gap: 10px; padding: 10px;\"><a class=\"btn\" style=\"text-align: center; padding: 10px; background-color: #007bff; color: #fff; text-decoration: none; border-radius: 4px;\" href=\"https:\/\/www.accesrail.com\/wp-content\/uploads\/2024\/09\/Avanti-Airline.pdf\" target=\"\u201d_blank\u201d\" rel=\"noopener\">Manuel de vente Avanti C\u00f4te Ouest<\/a><\/div>\n<\/div>\n<p><!-- Great Western Railway --><\/p>\n<div style=\"flex: 1 1 30%; box-sizing: border-box; border: 1px solid #ddd; border-radius: 8px; overflow: &lt;!-- Tab 3 Content --&gt; hidden;\">\n<p><img decoding=\"async\" class=\"aligncenter\" style=\"width: 100%; height: auto;\" src=\"\/wp-content\/uploads\/2024\/07\/great-western.jpg\" alt=\"Great Western Railway\" \/><\/p>\n<div style=\"display: flex; flex-direction: column; gap: 10px; padding: 10px;\"><a class=\"btn\" style=\"text-align: center; padding: 10px; background-color: #007bff; color: #fff; text-decoration: none; border-radius: 4px;\" href=\"https:\/\/www.accesrail.com\/wp-content\/uploads\/2025\/12\/GWR-Airline.pdf\" target=\"\u201d_blank\u201d\" rel=\"noopener\">Manuel de vente de la Great Western Railway<\/a><\/div>\n<\/div>\n<p><!-- LNER --><\/p>\n<div style=\"flex: 1 1 30%; box-sizing: border-box; border: 1px solid #ddd; border-radius: 8px; overflow: hidden;\">\n<p><img decoding=\"async\" class=\"aligncenter\" style=\"width: 100%; height: auto;\" src=\"\/wp-content\/uploads\/2024\/07\/lner.jpg\" alt=\"LNER\" \/><\/p>\n<div style=\"display: flex; flex-direction: column; gap: 10px; padding: 10px;\"><a class=\"btn\" style=\"text-align: center; padding: 10px; background-color: #007bff; color: #fff; text-decoration: none; border-radius: 4px;\" href=\"https:\/\/www.accesrail.com\/wp-content\/uploads\/2024\/09\/LNER-Airline-1.pdf\" target=\"\u201d_blank\u201d\" rel=\"noopener\">Manuel de vente LNER<\/a><\/div>\n<\/div>\n<p><!-- National Express --><\/p>\n<div style=\"flex: 1 1 30%; box-sizing: border-box; border: 1px solid #ddd; border-radius: 8px; overflow: hidden;\">\n<p><img decoding=\"async\" class=\"aligncenter\" style=\"width: 100%; height: auto;\" src=\"\/wp-content\/uploads\/2024\/07\/national-express.jpg\" alt=\"National Express\" \/><\/p>\n<div style=\"display: flex; flex-direction: column; gap: 10px; padding: 10px;\"><a class=\"btn\" style=\"text-align: center; padding: 10px; background-color: #007bff; color: #fff; text-decoration: none; border-radius: 4px;\" href=\"https:\/\/www.accesrail.com\/wp-content\/uploads\/2025\/07\/National-Expess-Airline.pdf\" target=\"\u201d_blank\u201d\" rel=\"noopener\">Manuel de vente National Express<\/a><\/div>\n<\/div>\n<p><!-- TransPennine Express --><\/p>\n<div style=\"flex: 1 1 30%; box-sizing: border-box; border: 1px solid #ddd; border-radius: 8px; overflow: hidden;\">\n<p><img decoding=\"async\" class=\"aligncenter\" style=\"width: 100%; height: auto;\" src=\"\/wp-content\/uploads\/2024\/07\/tpe.jpg\" alt=\"TransPennine Express\" \/><\/p>\n<div style=\"display: flex; flex-direction: column; gap: 10px; padding: 10px;\"><a class=\"btn\" style=\"text-align: center; padding: 10px; background-color: #007bff; color: #fff; text-decoration: none; border-radius: 4px;\" href=\"https:\/\/www.accesrail.com\/wp-content\/uploads\/2025\/07\/TPE-Airline_2.pdf\" target=\"\u201d_blank\u201d\" rel=\"noopener\">Manuel de vente du TransPennine Express<\/a><\/div>\n<\/div>\n<p><!-- Placeholder to fill the row --><\/p>\n<div style=\"flex: 1 1 30%; box-sizing: border-box; border: none; visibility: hidden;\"><\/div>\n<\/div>\n<\/div>\n<p><!-- Tab 4 Content --><\/p>\n<div id=\"tab_4\" class=\"tab-pane fade\">\n<div style=\"display: flex; flex-wrap: wrap; gap: 20px; justify-content: space-between;\">\n<p><!-- VIA Rail --><\/p>\n<div style=\"flex: 1 1 30%; box-sizing: border-box; border: 1px solid #ddd; border-radius: 8px; overflow: hidden; display: flex; flex-direction: column;\">\n<p><img decoding=\"async\" class=\"aligncenter\" style=\"width: 100%; height: 200px; object-fit: cover;\" src=\"\/wp-content\/uploads\/2024\/07\/via-rail-1.jpg\" alt=\"VIA Rail\" \/><\/p>\n<div style=\"display: flex; flex-direction: column; gap: 10px; padding: 10px;\"><a class=\"btn\" style=\"text-align: center; padding: 10px; background-color: #007bff; color: #fff; text-decoration: none; border-radius: 4px;\" href=\"https:\/\/www.accesrail.com\/wp-content\/uploads\/2026\/03\/Via-Rail-Airline-2026.pdf\" target=\"\u201d_blank\u201d\" rel=\"noopener\">Manuel de vente de VIA Rail<\/a><\/div>\n<\/div>\n<p><!-- Brightline Trains --><\/p>\n<div style=\"flex: 1 1 30%; box-sizing: border-box; border: 1px solid #ddd; border-radius: 8px; overflow: hidden; display: flex; flex-direction: column;\">\n<p><img decoding=\"async\" class=\"aligncenter\" style=\"width: 100%; height: 200px; object-fit: cover;\" src=\"\/wp-content\/uploads\/2024\/07\/brightline.jpg\" alt=\"Brightline Trains\" \/><\/p>\n<div style=\"display: flex; flex-direction: column; gap: 10px; padding: 10px;\"><a class=\"btn\" style=\"text-align: center; padding: 10px; background-color: #007bff; color: #fff; text-decoration: none; border-radius: 4px;\" href=\"https:\/\/www.accesrail.com\/wp-content\/uploads\/2025\/12\/Brightline-Airline.pdf\" target=\"\u201d_blank\u201d\" rel=\"noopener\">Manuel de vente des trains Brightline<\/a><\/div>\n<\/div>\n<p><!-- Michigan Flyer --><\/p>\n<div style=\"flex: 1 1 30%; box-sizing: border-box; border: 1px solid #ddd; border-radius: 8px; overflow: hidden; display: flex; flex-direction: column;\">\n<p><img decoding=\"async\" class=\"aligncenter\" style=\"width: 100%; height: 200px; object-fit: cover;\" src=\"\/wp-content\/uploads\/2015\/12\/USA_Michigan-flyer-2.jpg\" alt=\"Michigan Flyer\" \/><\/p>\n<div style=\"display: flex; flex-direction: column; gap: 10px; padding: 10px;\"><a class=\"btn\" style=\"text-align: center; padding: 10px; background-color: #007bff; color: #fff; text-decoration: none; border-radius: 4px;\" href=\"https:\/\/www.accesrail.com\/wp-content\/uploads\/2025\/11\/Michigan-Flyer-Airline.pdf\" target=\"\u201d_blank\u201d\" rel=\"noopener\">Manuel de vente Michigan Flyer\u00a0<\/a><\/div>\n<\/div>\n<\/div>\n<\/div>\n<\/div>\n<\/div>","protected":false},"excerpt":{"rendered":"<p>Europe Asia United Kingdom North America To support your sales and customer service teams, we offer detailed railway sales manuals. These guides provide essential information about our rail partners, ticketing procedures, and other key details to help you better serve your passengers. SBB Sales Manual \u00d6BB Sales Manual Trenitalia Sales Manual Italo Sales Manual Renfe [&hellip;]<\/p>\n","protected":false},"author":5,"featured_media":0,"parent":0,"menu_order":0,"comment_status":"closed","ping_status":"closed","template":"","meta":{"footnotes":""},"class_list":["post-3732","page","type-page","status-publish","hentry"],"_links":{"self":[{"href":"https:\/\/www.accesrail.com\/fr\/wp-json\/wp\/v2\/pages\/3732","targetHints":{"allow":["GET"]}}],"collection":[{"href":"https:\/\/www.accesrail.com\/fr\/wp-json\/wp\/v2\/pages"}],"about":[{"href":"https:\/\/www.accesrail.com\/fr\/wp-json\/wp\/v2\/types\/page"}],"author":[{"embeddable":true,"href":"https:\/\/www.accesrail.com\/fr\/wp-json\/wp\/v2\/users\/5"}],"replies":[{"embeddable":true,"href":"https:\/\/www.accesrail.com\/fr\/wp-json\/wp\/v2\/comments?post=3732"}],"version-history":[{"count":319,"href":"https:\/\/www.accesrail.com\/fr\/wp-json\/wp\/v2\/pages\/3732\/revisions"}],"predecessor-version":[{"id":4715,"href":"https:\/\/www.accesrail.com\/fr\/wp-json\/wp\/v2\/pages\/3732\/revisions\/4715"}],"wp:attachment":[{"href":"https:\/\/www.accesrail.com\/fr\/wp-json\/wp\/v2\/media?parent=3732"}],"curies":[{"name":"wp","href":"https:\/\/api.w.org\/{rel}","templated":true}]}}