{"id":4031,"date":"2024-08-26T19:00:09","date_gmt":"2024-08-26T19:00:09","guid":{"rendered":"https:\/\/www.accesrail.com\/?page_id=4031"},"modified":"2024-08-26T19:00:32","modified_gmt":"2024-08-26T19:00:32","slug":"brightline","status":"publish","type":"page","link":"https:\/\/www.accesrail.com\/fr\/partners\/brightline\/","title":{"rendered":"Brightline"},"content":{"rendered":"<p><img loading=\"lazy\" decoding=\"async\" class=\"alignright size-medium wp-image-2586\" src=\"\/wp-content\/uploads\/2024\/08\/JPG-Brightline-Logo-Charcoal-Yellow-2.png\" alt=\"\" width=\"300\" height=\"206\" \/><\/p>\n<p>Brightline est une compagnie de trains interurbains \u00e0 grande vitesse qui relie Miami \u00e0 Orlando. Brightline a \u00e9t\u00e9 lanc\u00e9e par All Aboard Florida, une filiale de Florida East Coast Industries. Ses services sont bas\u00e9s sur la qualit\u00e9, la durabilit\u00e9 et la relance du transport ferroviaire de passagers aux \u00c9tats-Unis.<\/p>\n<p>Brightline offre une option de voyage rapide, efficace et confortable entre les grandes villes. Brightline propose des trains entre l'a\u00e9roport d'Orlando et les grandes villes comme Miami, Fort Lauderdale, West Palm Beach et Boca Raton.<\/p>\n<h3>Produits<\/h3>\n<ul>\n<li><a class=\"notranslate\" href=\"https:\/\/www.accesrail.com\/fr\/products\/brightline-trains-e-tickets\/\">Trains Brightline<\/a><\/li>\n<\/ul>","protected":false},"excerpt":{"rendered":"<p>Brightline is a high-speed intercity train company that runs between Miami and Orlando. Brightline was launched by All Aboard Florida, a subsidiary of Florida East Coast Industries. Its services are based on quality, sustainability, and reviving great passenger rail travel in the U.S.A. Brightline provides a fast, efficient, and comfortable travel option between major cities. [&hellip;]<\/p>\n","protected":false},"author":5,"featured_media":0,"parent":42,"menu_order":0,"comment_status":"closed","ping_status":"closed","template":"","meta":{"footnotes":""},"class_list":["post-4031","page","type-page","status-publish","hentry"],"_links":{"self":[{"href":"https:\/\/www.accesrail.com\/fr\/wp-json\/wp\/v2\/pages\/4031","targetHints":{"allow":["GET"]}}],"collection":[{"href":"https:\/\/www.accesrail.com\/fr\/wp-json\/wp\/v2\/pages"}],"about":[{"href":"https:\/\/www.accesrail.com\/fr\/wp-json\/wp\/v2\/types\/page"}],"author":[{"embeddable":true,"href":"https:\/\/www.accesrail.com\/fr\/wp-json\/wp\/v2\/users\/5"}],"replies":[{"embeddable":true,"href":"https:\/\/www.accesrail.com\/fr\/wp-json\/wp\/v2\/comments?post=4031"}],"version-history":[{"count":2,"href":"https:\/\/www.accesrail.com\/fr\/wp-json\/wp\/v2\/pages\/4031\/revisions"}],"predecessor-version":[{"id":4035,"href":"https:\/\/www.accesrail.com\/fr\/wp-json\/wp\/v2\/pages\/4031\/revisions\/4035"}],"up":[{"embeddable":true,"href":"https:\/\/www.accesrail.com\/fr\/wp-json\/wp\/v2\/pages\/42"}],"wp:attachment":[{"href":"https:\/\/www.accesrail.com\/fr\/wp-json\/wp\/v2\/media?parent=4031"}],"curies":[{"name":"wp","href":"https:\/\/api.w.org\/{rel}","templated":true}]}}