{"id":42,"date":"2015-12-22T19:46:30","date_gmt":"2015-12-22T19:46:30","guid":{"rendered":"http:\/\/test.accesrail.com\/?page_id=42"},"modified":"2024-07-30T13:27:59","modified_gmt":"2024-07-30T13:27:59","slug":"partners","status":"publish","type":"page","link":"https:\/\/www.accesrail.com\/fr\/partners\/","title":{"rendered":"Partenaires"},"content":{"rendered":"<h2>AccesRail - un monde d'opportunit\u00e9s pour les agences de voyage<\/h2>\n<p>AccesRail est une alliance de soci\u00e9t\u00e9s ferroviaires cr\u00e9\u00e9e pour fournir aux chemins de fer une interface avec les soci\u00e9t\u00e9s GDS utilisant les syst\u00e8mes standard des compagnies a\u00e9riennes. En outre, AccesRail fournit aux agents de voyage agr\u00e9\u00e9s par l'IATA une m\u00e9thode conviviale pour vendre des billets de train.<\/p>\n<p>- <a href=\"#1\">Qu'est-ce que la solution AccesRail ?<\/a><br \/>\n- <a href=\"#2\">Pourquoi AccesRail a-t-il \u00e9t\u00e9 d\u00e9velopp\u00e9 ?<\/a><br \/>\n- <a href=\"#3\">Contexte<\/a><br \/>\n- <a href=\"#4\">Unir les forces pour r\u00e9duire les co\u00fbts<\/a><br \/>\n- <a href=\"#5\">AccesRail en bref<\/a><\/p>\n<h3><a title=\"1\" name=\"1\"><\/a>Qu'est-ce que la solution AccesRail ?<\/h3>\n<p>La solution d'AccesRail distribue des produits ferroviaires aux agents de voyage sur un syst\u00e8me qui leur est familier. Ils utilisent les m\u00eames \u00e9crans primaires et les m\u00eames commandes que pour la r\u00e9servation de billets d'avion.<\/p>\n<p>En bref :<\/p>\n<ul>\n<li>Nous agissons comme une compagnie a\u00e9rienne<\/li>\n<li>Nous utilisons les m\u00eames syst\u00e8mes que les compagnies a\u00e9riennes<\/li>\n<\/ul>\n<h3><a title=\"2\" name=\"2\"><\/a>Pourquoi AccesRail a-t-il \u00e9t\u00e9 d\u00e9velopp\u00e9 ?<\/h3>\n<p>AccesRail a \u00e9t\u00e9 d\u00e9velopp\u00e9 en r\u00e9ponse \u00e0 la n\u00e9cessit\u00e9 d'accro\u00eetre la distribution des produits ferroviaires parmi les agences de voyage au niveau national et international. Il s'agit donc de produire :<\/p>\n<ul>\n<li>Augmentation des recettes<\/li>\n<li>R\u00e9duction des co\u00fbts du syst\u00e8me<\/li>\n<li>Am\u00e9lioration de la tr\u00e9sorerie<\/li>\n<\/ul>\n<h3><a title=\"3\" name=\"3\"><\/a>Contexte<\/h3>\n<ul>\n<li>Le canal de distribution le plus important de l'industrie du voyage est celui des compagnies a\u00e9riennes, avec une port\u00e9e internationale de plus de 150 000 agences de voyage par l'interm\u00e9diaire des GDS. M\u00eame si certains GDS proposent des applications ferroviaires sur \u00e9cran secondaire, la r\u00e9alit\u00e9 est que les agents de voyage n'ont pas acc\u00e8s au rail de la m\u00eame mani\u00e8re qu'ils ont acc\u00e8s \u00e0 l'a\u00e9rien et que plus de 90% de leurs ventes restent des ventes a\u00e9riennes. Dans ce contexte, il y avait une opportunit\u00e9 d'int\u00e9grer le rail sur les \u00e9crans principaux des GDS comme moyen d'augmenter de mani\u00e8re significative la distribution du rail non seulement au niveau national mais aussi au niveau international. Mais les GDS ont \u00e9t\u00e9 d\u00e9velopp\u00e9s par les compagnies a\u00e9riennes pour les compagnies a\u00e9riennes et l'interface n'a pas \u00e9t\u00e9 con\u00e7ue pour les chemins de fer.<\/li>\n<li>AccesRail a d\u00e9velopp\u00e9 l'interface n\u00e9cessaire entre les syst\u00e8mes des compagnies a\u00e9riennes et les syst\u00e8mes ferroviaires. Cette soci\u00e9t\u00e9 a \u00e9t\u00e9 constitu\u00e9e en octobre 1998 pour assurer l'interface avec les GDS et les agences de voyage agr\u00e9\u00e9es par l'IATA.<\/li>\n<li>Le personnel d'AccesRail, compos\u00e9 de v\u00e9t\u00e9rans de l'industrie, a r\u00e9alis\u00e9 cette int\u00e9gration similaire pour VIA Rail au Canada, Swedish Rail (SJ), Norwegian Rail (NSB) et BritRail.<\/li>\n<\/ul>\n<h3><a title=\"4\" name=\"4\"><\/a>Unir les forces pour r\u00e9duire les co\u00fbts<\/h3>\n<ul>\n<li>Le concept AccesRail permet aux compagnies ferroviaires de compenser les co\u00fbts \u00e9normes de connexion aux syst\u00e8mes GDS et les co\u00fbts d'adh\u00e9sion et de r\u00e8glement par l'interm\u00e9diaire des diff\u00e9rents BSP de l'IATA.<\/li>\n<\/ul>\n<h3><a title=\"5\" name=\"5\"><\/a>AccesRail en bref<\/h3>\n<p>AccesRail est une alliance de compagnies ferroviaires pour :<\/p>\n<ul>\n<li>Augmentation de la distribution des produits ferroviaires parmi les agences de voyage<\/li>\n<li>Partage des co\u00fbts de maintenance et de d\u00e9veloppement des syst\u00e8mes et processus requis<\/li>\n<\/ul>\n<p style=\"line-height: 1.5;\">Les partenaires d'AccesRail b\u00e9n\u00e9ficient d'une distribution et d'une billetterie \u00e9lectronique de type compagnie a\u00e9rienne sur tous les \u00e9crans primaires du GDS, ce qui leur permet de b\u00e9n\u00e9ficier d'une distribution et d'une billetterie \u00e9lectronique de type compagnie a\u00e9rienne :<\/p>\n<ul>\n<li style=\"line-height: 1.5;\">Ouvrir des possibilit\u00e9s de vente au sein du r\u00e9seau mondial des 110 000 agences de voyage IATA qui r\u00e9servent r\u00e9guli\u00e8rement sur le GDS.<\/li>\n<li style=\"line-height: 1.5;\">Offrir des voyages intermodaux de bout en bout (air et rail) sur le m\u00eame billet, ce qui ouvre de nouvelles perspectives commerciales.<\/li>\n<li style=\"line-height: 1.5;\">L'\u00e9largissement de la distribution gr\u00e2ce \u00e0 nos accords interlignes avec plus de 100 compagnies a\u00e9riennes, ce qui permet \u00e9galement d'acc\u00e9der aux billetteries et aux centres d'appel des compagnies a\u00e9riennes.<\/li>\n<li style=\"line-height: 1.5;\">Fournir un syst\u00e8me de distribution enti\u00e8rement int\u00e9gr\u00e9 sans investissement en capital.<\/li>\n<\/ul>\n<p><span style=\"line-height: 1.5;\">AccesRail agit comme une compagnie a\u00e9rienne et dispose donc de son propre syst\u00e8me :<\/span><\/p>\n<ul>\n<li>Code de transporteur IATA - \"9B\"<\/li>\n<li>Code comptable des compagnies a\u00e9riennes - \"450\"<\/li>\n<\/ul>\n<p>Les chemins de fer AccesRail comprennent ces partenaires :<\/p>\n<ul>\n<li><a class=\"notranslate\" href=\"https:\/\/www.accesrail.com\/fr\/products\/bene-netherlands-belgium\/\" data-cke-saved-href=\"https:\/\/accesrail.com\/products\/bene-netherlands-belgium\/\">BeNe - Belgique<\/a><\/li>\n<li><a href=\"https:\/\/www.accesrail.com\/fr\/partners\/db-deutsche-bahn\/\" data-cke-saved-href=\"https:\/\/accesrail.com\/partners\/db-deutsche-bahn\/\">DB - Deutsche Bahn<\/a><\/li>\n<li><a href=\"https:\/\/www.accesrail.com\/fr\/partners\/ejr-east-japan-rail\/\" data-cke-saved-href=\"https:\/\/accesrail.com\/partners\/ejr-east-japan-rail\/\">EJR - East Japan Rail Company<\/a><\/li>\n<li><a href=\"https:\/\/www.accesrail.com\/fr\/partners\/friendly-airport-limousine-fal\/\" data-cke-saved-href=\"https:\/\/accesrail.com\/partners\/friendly-airport-limousine-fal\/\">Friendly Airport Limousine (FAL)<\/a><\/li>\n<li><a href=\"https:\/\/www.accesrail.com\/fr\/partners\/great-western-railway\/\" data-cke-saved-href=\"https:\/\/accesrail.com\/partners\/great-western-railway\/\">Great Western Rail - Royaume-Uni<\/a><\/li>\n<li><a href=\"https:\/\/www.accesrail.com\/fr\/partners\/jr-kyushu\/\" data-cke-saved-href=\"https:\/\/accesrail.com\/partners\/jr-kyushu\/\">JR Kyushu - Japon<\/a><\/li>\n<li><a href=\"https:\/\/www.accesrail.com\/fr\/partners\/jr-west-haruka-ticket\/\" data-cke-saved-href=\"https:\/\/accesrail.com\/partners\/jr-west-haruka-ticket\/\">JR West - Japon<\/a><\/li>\n<li><a href=\"https:\/\/www.accesrail.com\/fr\/partners\/michigan-flyer\/\" data-cke-saved-href=\"https:\/\/accesrail.com\/partners\/michigan-flyer\/\">Michigan Flyer - \u00c9tats-Unis<\/a><\/li>\n<li><a href=\"https:\/\/www.accesrail.com\/fr\/partners\/national-express\/\" data-cke-saved-href=\"https:\/\/accesrail.com\/partners\/national-express\/\">National Express - Royaume-Uni<\/a><\/li>\n<li><a href=\"https:\/\/www.accesrail.com\/fr\/partners\/ns-dutch-railways\/\" data-cke-saved-href=\"https:\/\/accesrail.com\/partners\/ns-dutch-railways\/\">NS - Chemin de fer n\u00e9erlandais<\/a><\/li>\n<li><a href=\"https:\/\/www.accesrail.com\/fr\/partners\/ntvitalo\/\" data-cke-saved-href=\"https:\/\/accesrail.com\/partners\/ntvitalo\/\">NTV\/Italo - Chemins de fer italiens<\/a><\/li>\n<li><a href=\"https:\/\/www.accesrail.com\/fr\/partners\/obb-personenverkehr-ag-austria\/\" data-cke-saved-href=\"https:\/\/accesrail.com\/partners\/obb-personenverkehr-ag-austria\/\">\u00d6BB - Chemins de fer autrichiens<\/a><\/li>\n<li><a href=\"https:\/\/www.accesrail.com\/fr\/partners\/renfe\/\" data-cke-saved-href=\"https:\/\/accesrail.com\/partners\/renfe\/\">Renfe - Espagne<\/a><\/li>\n<li><a href=\"https:\/\/www.accesrail.com\/fr\/partners\/sj-sweden\/\" data-cke-saved-href=\"https:\/\/accesrail.com\/partners\/sj-sweden\/\">SJ - Chemins de fer su\u00e9dois<\/a><\/li>\n<li><a href=\"https:\/\/www.accesrail.com\/fr\/partners\/sncb-belgian-railways\/\" data-cke-saved-href=\"https:\/\/accesrail.com\/partners\/sncb-belgian-railways\/\">SNCB - Chemins de fer belges<\/a><\/li>\n<li><a href=\"https:\/\/www.accesrail.com\/fr\/partners\/thalys\/\" data-cke-saved-href=\"https:\/\/accesrail.com\/partners\/thalys\/\">Eurostar - Pays-Bas, Belgique<\/a><\/li>\n<li><a href=\"https:\/\/www.accesrail.com\/fr\/partners\/trenitalia\/\" data-cke-saved-href=\"https:\/\/accesrail.com\/partners\/thalys\/\">Trenitalia - Italie<\/a><\/li>\n<li><a href=\"https:\/\/www.accesrail.com\/fr\/partners\/via-rail-canada\/\" data-cke-saved-href=\"https:\/\/accesrail.com\/partners\/via-rail-canada\/\">VIA Rail - Canada<\/a><\/li>\n<li><a href=\"https:\/\/www.accesrail.com\/fr\/partners\/virgin-trains-east-coast\/\" data-cke-saved-href=\"https:\/\/accesrail.com\/partners\/virgin-trains-east-coast\/\">Virgin Trains East Coast - Royaume-Uni<\/a><\/li>\n<li><a href=\"https:\/\/www.accesrail.com\/fr\/partners\/virgin-trains-west-coast\/\" data-cke-saved-href=\"https:\/\/accesrail.com\/partners\/virgin-trains-west-coast\/\">Virgin Trains West Coast - Royaume-Uni<\/a><\/li>\n<\/ul>","protected":false},"excerpt":{"rendered":"<p>AccesRail &#8211; opening a world of opportunities with Travel Agencies AccesRail is an alliance of railway companies created to provide railways with an interface to the GDS companies using standard airline systems. In addition, AccesRail provides IATA licensed travel agents with a user-friendly method of selling rail. &#8211; What is the AccesRail Solution? &#8211; Why [&hellip;]<\/p>\n","protected":false},"author":4,"featured_media":0,"parent":0,"menu_order":0,"comment_status":"closed","ping_status":"closed","template":"","meta":{"footnotes":""},"class_list":["post-42","page","type-page","status-publish","hentry"],"_links":{"self":[{"href":"https:\/\/www.accesrail.com\/fr\/wp-json\/wp\/v2\/pages\/42","targetHints":{"allow":["GET"]}}],"collection":[{"href":"https:\/\/www.accesrail.com\/fr\/wp-json\/wp\/v2\/pages"}],"about":[{"href":"https:\/\/www.accesrail.com\/fr\/wp-json\/wp\/v2\/types\/page"}],"author":[{"embeddable":true,"href":"https:\/\/www.accesrail.com\/fr\/wp-json\/wp\/v2\/users\/4"}],"replies":[{"embeddable":true,"href":"https:\/\/www.accesrail.com\/fr\/wp-json\/wp\/v2\/comments?post=42"}],"version-history":[{"count":20,"href":"https:\/\/www.accesrail.com\/fr\/wp-json\/wp\/v2\/pages\/42\/revisions"}],"predecessor-version":[{"id":3729,"href":"https:\/\/www.accesrail.com\/fr\/wp-json\/wp\/v2\/pages\/42\/revisions\/3729"}],"wp:attachment":[{"href":"https:\/\/www.accesrail.com\/fr\/wp-json\/wp\/v2\/media?parent=42"}],"curies":[{"name":"wp","href":"https:\/\/api.w.org\/{rel}","templated":true}]}}