{"id":44,"date":"2015-12-22T19:50:24","date_gmt":"2015-12-22T19:50:24","guid":{"rendered":"http:\/\/test.accesrail.com\/?page_id=44"},"modified":"2019-10-03T20:40:56","modified_gmt":"2019-10-03T20:40:56","slug":"atoc-association-of-train-operating-companies","status":"publish","type":"page","link":"https:\/\/www.accesrail.com\/fr\/partners\/atoc-association-of-train-operating-companies\/","title":{"rendered":"ATOC - Association of Train Operating Companies (Association des compagnies ferroviaires)"},"content":{"rendered":"<h3><img loading=\"lazy\" decoding=\"async\" class=\"alignnone wp-image-511 size-medium\" src=\"\/wp-content\/uploads\/2015\/12\/atoc_logo-300x109.png\" alt=\"atoc_logo\" width=\"300\" height=\"109\" srcset=\"https:\/\/www.accesrail.com\/wp-content\/uploads\/2015\/12\/atoc_logo-300x109.png 300w, https:\/\/www.accesrail.com\/wp-content\/uploads\/2015\/12\/atoc_logo.jpg 337w\" sizes=\"auto, (max-width: 300px) 100vw, 300px\" \/><\/h3>\n<h3>Qu'est-ce qu'ATOC ?<\/h3>\n<p>L'Association of Train Operating Companies est une association sans personnalit\u00e9 morale d\u00e9tenue par ses membres. Elle a \u00e9t\u00e9 cr\u00e9\u00e9e par les entreprises ferroviaires constitu\u00e9es lors de la privatisation des chemins de fer en vertu de la loi sur les chemins de fer de 1993. En plus d'\u00eatre la voix officielle de l'industrie du transport ferroviaire de passagers, elle fournit \u00e0 ses membres une s\u00e9rie de services qui leur permettent de se conformer aux conditions impos\u00e9es dans leurs accords de franchise et leurs licences d'exploitation. Elle g\u00e8re notamment un certain nombre de \"r\u00e9gimes\" obligatoires visant \u00e0 prot\u00e9ger et \u00e0 promouvoir les avantages d'un r\u00e9seau ferroviaire national.<\/p>\n<p><strong>Ils couvrent<\/strong><\/p>\n<ul>\n<li>Billetterie et r\u00e8glement des recettes entre les exploitants<\/li>\n<li>Le service de renseignements des chemins de fer nationaux<\/li>\n<li>Les relations avec le London Regional Transport<\/li>\n<li>Cartes ferroviaires<\/li>\n<li>Relations avec les voyagistes<\/li>\n<li>Produits internationaux, tels que Inter-rail et BritRail<\/li>\n<li>Voyage du personnel La philosophie de l'ATOC repose sur l'objectif collectif de ses membres d'\u00eatre une industrie dynamique, r\u00e9pondant aux besoins de ses clients, tout en jouant un r\u00f4le central au c\u0153ur d'un r\u00e9seau de transport int\u00e9gr\u00e9.<\/li>\n<\/ul>\n<h3>Ce que fait ATOC<\/h3>\n<p><strong>Les principales activit\u00e9s d'ATOC sont les suivantes<\/strong><\/p>\n<ul>\n<li>Facilitation, pour aider les membres \u00e0 travailler ensemble afin de respecter leurs obligations et de promouvoir l'utilisation des services de transport de passagers.<\/li>\n<li>Aider les membres \u00e0 coop\u00e9rer pour d\u00e9velopper des produits et g\u00e9rer des projets qui profitent aux passagers, pour promouvoir les avantages du r\u00e9seau ferroviaire et pour partager les meilleures pratiques.<\/li>\n<li>Communiquer avec les gouvernements, les organismes publics, les institutions europ\u00e9ennes et autres autorit\u00e9s, les m\u00e9dias et les groupes d'int\u00e9r\u00eat au nom des membres.<br \/>\nSuivre la l\u00e9gislation susceptible d'affecter le secteur et y apporter une r\u00e9ponse constructive.<\/li>\n<li>G\u00e9rer les recettes provenant de la vente de billets et veiller \u00e0 ce qu'elles soient r\u00e9parties de mani\u00e8re appropri\u00e9e, non seulement entre les membres de l'ATOC, mais aussi avec des tiers, y compris d'autres op\u00e9rateurs de transport.<\/li>\n<li>Fournir des informations par le biais de documents imprim\u00e9s et \u00e9lectroniques, de conf\u00e9rences, de r\u00e9unions et de s\u00e9minaires sur les questions relatives \u00e0 l'industrie du transport ferroviaire de passagers, et collecter, analyser et diffuser des donn\u00e9es pertinentes. Ses activit\u00e9s sont g\u00e9r\u00e9es par quatre soci\u00e9t\u00e9s : ATOC Limited, qui fournit la plupart de ses services, emploie le personnel et agit en tant qu'agent pour de nombreux programmes ; Rail Settlement Plan Limited, qui g\u00e8re les recettes ; Rail Staff Travel Limited, qui g\u00e8re les voyages du personnel, et NRES Limited, qui fournit des informations au public.<\/li>\n<\/ul>\n<p><strong>Les membres :<\/strong><\/p>\n<ul>\n<li>Abellio Greater Anglia<\/li>\n<li>Arriva Trains Wales<\/li>\n<li>c2c Rail<\/li>\n<li>Dormant cal\u00e9donien<\/li>\n<li>Chemins de fer de Chiltern<\/li>\n<li>CrossCountry<\/li>\n<li>EMR<\/li>\n<li>Eurostar (Royaume-Uni)<\/li>\n<li>First Hull Trains<\/li>\n<li>Premier TransPennine Express<\/li>\n<li>Grand Central<\/li>\n<li>Grand Nord<\/li>\n<li>Chemin de fer du Grand Ouest<\/li>\n<li>Heathrow Express<\/li>\n<li>Londres Midland<\/li>\n<li>M\u00e9tro de Londres<\/li>\n<li>MerseyRail<\/li>\n<li>Nord<\/li>\n<li>ScotRail<\/li>\n<li>Sud-est<\/li>\n<li>Sud<\/li>\n<li>Trains du Sud-Ouest<\/li>\n<li>Thameslink<\/li>\n<li>Virgin Trains<\/li>\n<li>Virgin Trains East Coast<\/li>\n<\/ul>","protected":false},"excerpt":{"rendered":"<p>What is ATOC? The Association of Train Operating Companies is an unincorporated association owned by its members. It was set up by the train operatingcompanies formed during the privatisation of the railways under the Railways Act 1993. As well as being the official voice of the passenger rail industry, it also provides its members with [&hellip;]<\/p>\n","protected":false},"author":4,"featured_media":0,"parent":42,"menu_order":0,"comment_status":"closed","ping_status":"closed","template":"","meta":{"footnotes":""},"class_list":["post-44","page","type-page","status-publish","hentry"],"_links":{"self":[{"href":"https:\/\/www.accesrail.com\/fr\/wp-json\/wp\/v2\/pages\/44","targetHints":{"allow":["GET"]}}],"collection":[{"href":"https:\/\/www.accesrail.com\/fr\/wp-json\/wp\/v2\/pages"}],"about":[{"href":"https:\/\/www.accesrail.com\/fr\/wp-json\/wp\/v2\/types\/page"}],"author":[{"embeddable":true,"href":"https:\/\/www.accesrail.com\/fr\/wp-json\/wp\/v2\/users\/4"}],"replies":[{"embeddable":true,"href":"https:\/\/www.accesrail.com\/fr\/wp-json\/wp\/v2\/comments?post=44"}],"version-history":[{"count":4,"href":"https:\/\/www.accesrail.com\/fr\/wp-json\/wp\/v2\/pages\/44\/revisions"}],"predecessor-version":[{"id":2491,"href":"https:\/\/www.accesrail.com\/fr\/wp-json\/wp\/v2\/pages\/44\/revisions\/2491"}],"up":[{"embeddable":true,"href":"https:\/\/www.accesrail.com\/fr\/wp-json\/wp\/v2\/pages\/42"}],"wp:attachment":[{"href":"https:\/\/www.accesrail.com\/fr\/wp-json\/wp\/v2\/media?parent=44"}],"curies":[{"name":"wp","href":"https:\/\/api.w.org\/{rel}","templated":true}]}}