{"id":4515,"date":"2025-09-02T18:30:17","date_gmt":"2025-09-02T18:30:17","guid":{"rendered":"https:\/\/www.accesrail.com\/?page_id=4515"},"modified":"2026-03-02T15:13:37","modified_gmt":"2026-03-02T15:13:37","slug":"hk-airport-direct","status":"publish","type":"page","link":"https:\/\/www.accesrail.com\/fr\/products\/hk-airport-direct\/","title":{"rendered":"HK Airport Direct (HKAD)"},"content":{"rendered":"<div class=\"row\">\n<div class=\"col-md-12 col-sm-12\">\n<ul class=\"nav nav-tabs\">\n<li class=\"active\"><a href=\"#tab_1_1\" data-toggle=\"tab\">Informations sur le produit<\/a><\/li>\n<li><a href=\"#tab_1_2\" data-toggle=\"tab\">Disponibilit\u00e9<\/a><\/li>\n<li><a href=\"#tab_1_3\" data-toggle=\"tab\">Informations sur les r\u00e9servations<\/a><\/li>\n<li><a href=\"#tab_1_4\" data-toggle=\"tab\">Enregistrement et voyage<\/a><\/li>\n<li><a href=\"#tab_1_5\" data-toggle=\"tab\">FAQ<\/a><\/li>\n<li><a href=\"#tab_1_6\" data-toggle=\"tab\">Manuel de vente<\/a><\/li>\n<\/ul>\n<div class=\"tab-content\">\n<p><!-- Product Information --><\/p>\n<div id=\"tab_1_1\" class=\"tab-pane fade active in\">\n<div style=\"clear: both; text-align: right;\"><a href=\"https:\/\/www.accesrail.com\/fr\/partners\/HK Airport Direct\/\"><br \/>\n<img loading=\"lazy\" decoding=\"async\" class=\"wp-image-2364 size-full alignnone\" src=\"https:\/\/www.accesrail.com\/wp-content\/uploads\/2025\/09\/\u6a5f\u6fb3Logo.png\" alt=\"HK Airport Direct Logo\" width=\"363\" height=\"43\" \/><br \/>\n<\/a><\/div>\n<h3>A propos de<\/h3>\n<p>HK Airport Direct Bus propose des services quotidiens reliant l'a\u00e9roport international de Hong Kong (HKG) et Macao (HKM) via le pont Hong Kong-Zhuhai-Macao. Sp\u00e9cialis\u00e9 dans les voyages transfrontaliers, il assure une liaison rapide, confortable et pratique entre deux destinations dynamiques, garantissant un voyage sans encombre du d\u00e9but \u00e0 la fin.<\/p>\n<h3>Destinations<\/h3>\n<p>HK Airport Direct propose des segments \u00e0 destination et en provenance de l'a\u00e9roport international de Hong Kong et de Macao.<\/p>\n<p><img loading=\"lazy\" decoding=\"async\" style=\"display: block; margin: auto; border: 2px solid #000;\" src=\"https:\/\/www.accesrail.com\/wp-content\/uploads\/2025\/08\/1-scaled-e1755115591595.jpeg\" alt=\"HK Airport Direct Bus\" width=\"694\" height=\"365\" \/><\/p>\n<\/div>\n<p><!--Availability--><\/p>\n<div id=\"tab_1_2\" class=\"tab-pane fade\">\n<h3>Les billets directs pour l'a\u00e9roport de HK sont disponibles comme suit :<\/h3>\n<ul>\n<li>Interline <a class=\"btn green-meadow\" style=\"cursor: default;\" href=\"#\" data-toggle=\"modal\">Interline<\/a><\/li>\n<\/ul>\n<h3>Participation au SMD<\/h3>\n<ul class=\"notranslate\">\n<li>Abacus<\/li>\n<li>Apollo<\/li>\n<li>Axess<\/li>\n<li>Galil\u00e9e<\/li>\n<li>Infini<\/li>\n<li>Sabre<\/li>\n<li>Sirena Travel<\/li>\n<li>SITA<\/li>\n<li>Ciel de voyage<\/li>\n<li>Topas<\/li>\n<li>Espace mondial de l'\u00e9ducation<\/li>\n<\/ul>\n<h3>\u00c9ligibilit\u00e9<\/h3>\n<ul>\n<li>Disponible dans le monde entier.<\/li>\n<\/ul>\n<\/div>\n<p><!-- Booking Information --><\/p>\n<div id=\"tab_1_3\" class=\"tab-pane fade\">\n<h3 class=\"notranslate\">Gamme de trains<\/h3>\n<ul>\n<li>9B 9850-9890<\/li>\n<\/ul>\n<h3>R\u00e9servation de cours<\/h3>\n<ul>\n<li>Y : Classe standard<\/li>\n<\/ul>\n<h3>Annulation automatique de la r\u00e9servation<\/h3>\n<ul>\n<li>Si la r\u00e9servation n'est pas enregistr\u00e9e 7 jours avant le d\u00e9part, la r\u00e9servation sera automatiquement annul\u00e9e.<\/li>\n<\/ul>\n<h3>P\u00e9riode de validit\u00e9<\/h3>\n<ul>\n<li>Le bon d'\u00e9change (lettre de confirmation de r\u00e9servation en ligne) est valable \u00e0 la date et \u00e0 l'heure indiqu\u00e9es.<\/li>\n<\/ul>\n<h3>Retards<\/h3>\n<ul>\n<li>En cas de retard de vol ou de correspondance manqu\u00e9e, \u00e0 l'arriv\u00e9e \u00e0 l'a\u00e9roport, HK Airport Direct accueillera le passager dans le prochain bus disponible.<\/li>\n<\/ul>\n<h3>R\u00e9ductions<\/h3>\n<ul>\n<li>Tarifs enfants disponibles<\/li>\n<\/ul>\n<h3>GDS : affichage des disponibilit\u00e9s et r\u00e9servation de PNR<\/h3>\n<p><strong><span style=\"text-decoration: underline;\">Amadeus : Affichage de la disponibilit\u00e9<\/span><\/strong><\/p>\n<p><img loading=\"lazy\" decoding=\"async\" class=\"alignnone wp-image-4302\" src=\"https:\/\/www.accesrail.com\/wp-content\/uploads\/2025\/09\/GDS_HKAD.png\" alt=\"\" width=\"847\" height=\"306\" \/><\/p>\n<p><strong><span style=\"text-decoration: underline;\">Amadeus : R\u00e9servation PNR<\/span><\/strong><\/p>\n<p><img loading=\"lazy\" decoding=\"async\" class=\"alignnone wp-image-4302\" src=\"https:\/\/www.accesrail.com\/wp-content\/uploads\/2025\/09\/GDS_HKAD2.png\" alt=\"\" width=\"847\" height=\"306\" \/><\/p>\n<p><!-- Sample GDS Screenshots (commented out)\n<img loading=\"lazy\" decoding=\"async\" class=\"alignnone wp-image-4302\" src=\"...\" alt=\"\" width=\"847\" height=\"306\" \/>\n<img loading=\"lazy\" decoding=\"async\" class=\"alignnone wp-image-4301\" src=\"...\" alt=\"\" width=\"738\" height=\"189\" \/>\n<strong><span style=\"text-decoration: underline;\">Sabre<\/span><\/strong>\n<img loading=\"lazy\" decoding=\"async\" class=\"alignnone wp-image-4303\" src=\"...\" alt=\"\" width=\"823\" height=\"371\" \/>\n<img loading=\"lazy\" decoding=\"async\" class=\"alignnone wp-image-4304\" src=\"...\" alt=\"\" width=\"723\" height=\"284\" \/>\n--><\/p>\n<h3>Remboursements<\/h3>\n<ul>\n<li>Avant le d\u00e9part : Les passagers doivent contacter leur point de vente.<\/li>\n<li>Apr\u00e8s le d\u00e9part ou apr\u00e8s l'enregistrement : Non remboursable<\/li>\n<\/ul>\n<\/div>\n<p><!-- Check-in and Travel --><\/p>\n<div id=\"tab_1_4\" class=\"tab-pane fade\">\n<h3>Enregistrement<\/h3>\n<p>Au plus t\u00f4t 72 heures avant le d\u00e9part du train, le passager doit s'enregistrer \u00e0 l'adresse suivante <a href=\"https:\/\/check-in.accesrail.com\" target=\"_blank\" rel=\"noopener noreferrer\">check-in.accesrail.com<\/a> pour imprimer ou t\u00e9l\u00e9charger leur bon d'\u00e9change, qui comprend leur r\u00e9servation de place.<\/p>\n<div class=\"portlet light\">\n<div class=\"portlet-title\">\n<div class=\"caption\"><i class=\"icon-pin font-yellow-crusta\"><\/i><br \/>\n<span class=\"caption-subject bold font-yellow-casablanca uppercase\"> Enregistrement <\/span><\/div>\n<\/div>\n<div class=\"portlet-body\">\n<p><img decoding=\"async\" src=\"\/wp-content\/uploads\/2015\/12\/Check-in.png\" alt=\"Check-in process\" width=\"50%\" align=\"left\" \/><\/p>\n<div class=\"mt-element-list\">\n<div class=\"mt-list-container list-default ext-1 group\">\n<div id=\"completed\" class=\"panel-collapse collapse in\">\n<ul>\n<li class=\"mt-list-item done\">\n<div class=\"list-icon-container\"><\/div>\n<div class=\"list-item-content\">Visites de passagers <a href=\"https:\/\/check-in.accesrail.com\" target=\"_blank\" rel=\"noopener noreferrer\">check-in.accesrail.com <\/a> dans les 72 heures pr\u00e9c\u00e9dant le d\u00e9part.<\/div>\n<\/li>\n<li class=\"mt-list-item done\">\n<div class=\"list-icon-container\"><\/div>\n<div class=\"list-item-content\">Le passager saisit son nom et son pr\u00e9nom, ainsi que le num\u00e9ro du PNR Locator ou du billet \u00e9lectronique.<\/div>\n<\/li>\n<li class=\"mt-list-item done\">\n<div class=\"list-icon-container\"><\/div>\n<div class=\"list-item-content\">Le passager imprime le document de voyage n\u00e9cessaire \u00e0 l'embarquement.<\/div>\n<\/li>\n<\/ul>\n<\/div>\n<\/div>\n<\/div>\n<\/div>\n<\/div>\n<h3><\/h3>\n<h3>Lettre de confirmation de r\u00e9servation en ligne<\/h3>\n<ul>\n<li>Les passagers doivent effectuer l'enregistrement au moins 72 heures avant le d\u00e9part.<\/li>\n<li>Apr\u00e8s l'enregistrement, ils peuvent t\u00e9l\u00e9charger le document de voyage (lettre de confirmation de r\u00e9servation).<\/li>\n<li>Ce document et le passeport doivent \u00eatre pr\u00e9sent\u00e9s au comptoir de service de l'a\u00e9roport de HK (HK ou Macao) pour recevoir le billet d'embarquement.<\/li>\n<li>Une pi\u00e8ce d'identit\u00e9 valide du passager est exig\u00e9e \u00e0 l'\u00e9change.<\/li>\n<\/ul>\n<p>Exemple de document :<\/p>\n<p><!--<img loading=\"lazy\" decoding=\"async\" src=\"https:\/\/www.accesrail.com\/wp-content\/uploads\/2025\/09\/hkad_bcl.png\" alt=\"Sample Online Booking Confirmation Letter\" width=\"624\" height=\"329\" style=\"display:block; margin:auto; border:2px solid #000;\" \/>--><\/p>\n<p><img loading=\"lazy\" decoding=\"async\" class=\"size-full wp-image-2354 aligncenter\" style=\"display: block; margin: auto; border: 2px solid #000;\" src=\"https:\/\/www.accesrail.com\/wp-content\/uploads\/2025\/09\/hkad_bcl.png\" alt=\"\" width=\"624\" height=\"329\" \/><\/p>\n<h3>Bureau de service direct de l'a\u00e9roport de HK<\/h3>\n<ul>\n<li><strong>Hong Kong :<\/strong> Terminal 1, niveau 5 (zone de transfert E2), compteurs 38-40.<br \/>\n(Remarque : les passagers ne doivent pas passer par les services d'immigration de HK).<\/li>\n<li><strong>Macao :<\/strong> Comptoir C323A-D, C101B, C102-3, HZMB Macau Port Passenger Clearance Building.<br \/>\nLes clients doivent arriver \u226530 minutes avant le d\u00e9part du bus.<\/li>\n<\/ul>\n<h3>\u00c0 quoi ressemblera votre voyage ?<\/h3>\n<p>Veuillez consulter ces vid\u00e9os pour mieux comprendre comment voyager entre l'a\u00e9roport international de Hong Kong et Macao dans les deux sens.<\/p>\n<p><strong>Anglais<\/strong><\/p>\n<ul>\n<li><a href=\"https:\/\/www.accesrail.com\/wp-content\/uploads\/2025\/09\/VideoHK_Mac-English.mp4\" target=\"_blank\" rel=\"noopener\">De Hong Kong \u00e0 Macao (anglais)<\/a><\/li>\n<li><a href=\"https:\/\/www.accesrail.com\/wp-content\/uploads\/2025\/09\/VideoMac_HK-English.mp4\" target=\"_blank\" rel=\"noopener\">De Macao \u00e0 Hong Kong (anglais)<\/a><\/li>\n<\/ul>\n<p><strong>Chinois<\/strong><\/p>\n<ul>\n<li><a href=\"https:\/\/www.accesrail.com\/wp-content\/uploads\/2025\/09\/VideoHK_Mac-Chinese.mp4\" target=\"_blank\" rel=\"noopener\">De Hong Kong \u00e0 Macao (chinois)<\/a><\/li>\n<li><a href=\"https:\/\/www.accesrail.com\/wp-content\/uploads\/2025\/09\/VideoMac_HK-Chinese.mp4\" target=\"_blank\" rel=\"noopener\">De Macao \u00e0 Hong Kong (chinois)<\/a><\/li>\n<\/ul>\n<\/div>\n<p><!-- FAQs --><\/p>\n<div id=\"tab_1_5\" class=\"tab-pane fade\">\n<h3>FAQ<\/h3>\n<ol>\n<li><strong>Les passagers doivent-ils s'enregistrer ?<\/strong><br \/>\nOui, les passagers doivent s'enregistrer pour r\u00e9cup\u00e9rer leur lettre de confirmation de r\u00e9servation.<\/li>\n<li><strong>L'a\u00e9roport de HK est-il desservi par un ferry ou un bus ?<\/strong><br \/>\nHK Airport Direct est un service de bus.<\/li>\n<li><strong>\u00c0 quelle heure dois-je arriver \u00e0 la gare routi\u00e8re de Macao ?<\/strong><br \/>\nAu moins 30 minutes avant le d\u00e9part.<\/li>\n<\/ol>\n<\/div>\n<p><!-- Sales Manual --><\/p>\n<div id=\"tab_1_6\" class=\"tab-pane fade\">\n<h3>Manuel de vente<\/h3>\n<ul>\n<li><a class=\"noslimstat\" href=\"#\" rel=\"nofollow\" onclick=\"window.print(); return false;\">T\u00e9l\u00e9charger le manuel de vente<\/a><\/li>\n<\/ul>\n<\/div>\n<\/div>\n<\/div>\n<\/div>","protected":false},"excerpt":{"rendered":"<p>Product Information Availability Booking Information Check-in and Travel FAQs Sales Manual About HK Airport Direct Bus offers daily services connecting Hong Kong International Airport (HKG) and Macau (HKM) via the Hong Kong\u2013Zhuhai\u2013Macao Bridge. Specializing in cross-boundary travel, it provides a fast, comfortable, and convenient link between two vibrant destinations, ensuring a smooth journey from start [&hellip;]<\/p>\n","protected":false},"author":6,"featured_media":0,"parent":8,"menu_order":0,"comment_status":"closed","ping_status":"closed","template":"","meta":{"footnotes":""},"class_list":["post-4515","page","type-page","status-publish","hentry"],"_links":{"self":[{"href":"https:\/\/www.accesrail.com\/fr\/wp-json\/wp\/v2\/pages\/4515","targetHints":{"allow":["GET"]}}],"collection":[{"href":"https:\/\/www.accesrail.com\/fr\/wp-json\/wp\/v2\/pages"}],"about":[{"href":"https:\/\/www.accesrail.com\/fr\/wp-json\/wp\/v2\/types\/page"}],"author":[{"embeddable":true,"href":"https:\/\/www.accesrail.com\/fr\/wp-json\/wp\/v2\/users\/6"}],"replies":[{"embeddable":true,"href":"https:\/\/www.accesrail.com\/fr\/wp-json\/wp\/v2\/comments?post=4515"}],"version-history":[{"count":68,"href":"https:\/\/www.accesrail.com\/fr\/wp-json\/wp\/v2\/pages\/4515\/revisions"}],"predecessor-version":[{"id":4774,"href":"https:\/\/www.accesrail.com\/fr\/wp-json\/wp\/v2\/pages\/4515\/revisions\/4774"}],"up":[{"embeddable":true,"href":"https:\/\/www.accesrail.com\/fr\/wp-json\/wp\/v2\/pages\/8"}],"wp:attachment":[{"href":"https:\/\/www.accesrail.com\/fr\/wp-json\/wp\/v2\/media?parent=4515"}],"curies":[{"name":"wp","href":"https:\/\/api.w.org\/{rel}","templated":true}]}}