{"id":4758,"date":"2026-02-26T14:46:32","date_gmt":"2026-02-26T14:46:32","guid":{"rendered":"https:\/\/www.accesrail.com\/?page_id=4758"},"modified":"2026-04-20T14:23:32","modified_gmt":"2026-04-20T14:23:32","slug":"italo","status":"publish","type":"page","link":"https:\/\/www.accesrail.com\/fr\/products\/italo\/","title":{"rendered":"Italo"},"content":{"rendered":"<div style=\"background-color: #e8f5e9; color: #2e4d2f; padding: 18px 25px; text-align: center; font-size: 22px; font-weight: 600; border-radius: 6px; margin: 20px 0; box-shadow: 0 4px 8px rgba(0,0,0,0.05);\">Printemps 2026<\/div>\n<div class=\"row\">\n<p><!--\n\n\n<div class=\"col-md-9 col-sm-9\">\n\n--><\/p>\n<ul class=\"nav nav-tabs\">\n<li class=\"active\"><a href=\"#tab_1_1\" data-toggle=\"tab\">Informations sur le produit<\/a><\/li>\n<li class=\"\"><a href=\"#tab_1_2\" data-toggle=\"tab\">Disponibilit\u00e9<\/a><\/li>\n<li class=\"\"><a href=\"#tab_1_3\" data-toggle=\"tab\">Informations sur les r\u00e9servations<\/a><\/li>\n<li class=\"\"><a href=\"#tab_1_4\" data-toggle=\"tab\">Enregistrement et voyage<\/a><\/li>\n<li class=\"\"><a href=\"#tab_1_5\" data-toggle=\"tab\">Manuel de vente<\/a><\/li>\n<\/ul>\n<div class=\"tab-content\">\n<div id=\"tab_1_1\" class=\"tab-pane fade active in\">\n<div style=\"clear: both; text-align: right;\"><img loading=\"lazy\" decoding=\"async\" class=\"alignnone wp-image-4760\" src=\"https:\/\/www.accesrail.com\/wp-content\/uploads\/2026\/02\/italo_logo-1.png\" alt=\"\" width=\"180\" height=\"90\" srcset=\"https:\/\/www.accesrail.com\/wp-content\/uploads\/2026\/02\/italo_logo-1.png 900w, https:\/\/www.accesrail.com\/wp-content\/uploads\/2026\/02\/italo_logo-1-300x150.png 300w, https:\/\/www.accesrail.com\/wp-content\/uploads\/2026\/02\/italo_logo-1-768x384.png 768w, https:\/\/www.accesrail.com\/wp-content\/uploads\/2026\/02\/italo_logo-1-18x9.png 18w\" sizes=\"auto, (max-width: 180px) 100vw, 180px\" \/><\/div>\n<h3>A propos de<\/h3>\n<p>Italo est le premier op\u00e9rateur priv\u00e9 de trains \u00e0 grande vitesse en Italie, offrant des services ferroviaires rapides, confortables et durables entre les principales villes du pays. Connu pour son innovation et son exp\u00e9rience client, Italo joue un r\u00f4le cl\u00e9 dans l'avancement du transport ferroviaire moderne \u00e0 travers l'Italie.<\/p>\n<div><b>Arriv\u00e9e \u00e0 l'a\u00e9roport de Fiumicino (FCO) :\u00a0<\/b><\/div>\n<p>Une partie de ce billet interop\u00e9rable comprend un billet Leonardo Express pour permettre aux passagers de voyager entre l'a\u00e9roport de Fiumicino (FCO) et la gare de Roma Termini. Le passager doit changer de train \u00e0 la gare de Roma Termini.<\/p>\n<p><img loading=\"lazy\" decoding=\"async\" class=\"alignnone wp-image-4816\" src=\"https:\/\/www.accesrail.com\/wp-content\/uploads\/2026\/04\/Italy-Transfer-Diagram-Rome-scaled.jpg\" alt=\"\" width=\"933\" height=\"373\" srcset=\"https:\/\/www.accesrail.com\/wp-content\/uploads\/2026\/04\/Italy-Transfer-Diagram-Rome-scaled.jpg 2560w, https:\/\/www.accesrail.com\/wp-content\/uploads\/2026\/04\/Italy-Transfer-Diagram-Rome-300x120.jpg 300w, https:\/\/www.accesrail.com\/wp-content\/uploads\/2026\/04\/Italy-Transfer-Diagram-Rome-1024x410.jpg 1024w, https:\/\/www.accesrail.com\/wp-content\/uploads\/2026\/04\/Italy-Transfer-Diagram-Rome-768x307.jpg 768w, https:\/\/www.accesrail.com\/wp-content\/uploads\/2026\/04\/Italy-Transfer-Diagram-Rome-1536x614.jpg 1536w, https:\/\/www.accesrail.com\/wp-content\/uploads\/2026\/04\/Italy-Transfer-Diagram-Rome-2048x819.jpg 2048w, https:\/\/www.accesrail.com\/wp-content\/uploads\/2026\/04\/Italy-Transfer-Diagram-Rome-18x7.jpg 18w\" sizes=\"auto, (max-width: 933px) 100vw, 933px\" \/><\/p>\n<div>\n<div><b>Arriv\u00e9e \u00e0 l'a\u00e9roport de Milan Malpensa (MXP) :\u00a0<\/b><\/div>\n<p>Une partie de ce billet interop\u00e9rable comprend un billet Malpensa Express pour permettre aux passagers de voyager entre l'a\u00e9roport Malpensa (MXP) et la gare centrale de Milan. Le passager doit changer de train \u00e0 la gare de Milano Centrale.<\/p>\n<p><img loading=\"lazy\" decoding=\"async\" class=\"alignnone wp-image-4817\" src=\"https:\/\/www.accesrail.com\/wp-content\/uploads\/2026\/04\/Italy-Transfer-Diagram-Milan-scaled.jpg\" alt=\"\" width=\"928\" height=\"371\" srcset=\"https:\/\/www.accesrail.com\/wp-content\/uploads\/2026\/04\/Italy-Transfer-Diagram-Milan-scaled.jpg 2560w, https:\/\/www.accesrail.com\/wp-content\/uploads\/2026\/04\/Italy-Transfer-Diagram-Milan-300x120.jpg 300w, https:\/\/www.accesrail.com\/wp-content\/uploads\/2026\/04\/Italy-Transfer-Diagram-Milan-1024x410.jpg 1024w, https:\/\/www.accesrail.com\/wp-content\/uploads\/2026\/04\/Italy-Transfer-Diagram-Milan-768x307.jpg 768w, https:\/\/www.accesrail.com\/wp-content\/uploads\/2026\/04\/Italy-Transfer-Diagram-Milan-1536x614.jpg 1536w, https:\/\/www.accesrail.com\/wp-content\/uploads\/2026\/04\/Italy-Transfer-Diagram-Milan-2048x819.jpg 2048w, https:\/\/www.accesrail.com\/wp-content\/uploads\/2026\/04\/Italy-Transfer-Diagram-Milan-18x7.jpg 18w\" sizes=\"auto, (max-width: 928px) 100vw, 928px\" \/><\/p>\n<\/div>\n<h3>Destinations<\/h3>\n<p>Les destinations suivantes sont disponibles avec des services directs :<\/p>\n<table class=\"table table-striped table-bordered table-hover\">\n<tbody>\n<tr>\n<td><strong>Nom de la STATION<\/strong><\/td>\n<td><strong>Code STATION<\/strong><\/td>\n<td><strong>A\u00e9roport de MALPENSA<\/strong><\/td>\n<td><strong>Gare de Milan-Centrale<\/strong><\/td>\n<td><strong>A\u00e9roport de FUMICINO<\/strong><\/td>\n<td><strong>ROMA Gare Termini<\/strong><\/td>\n<\/tr>\n<tr>\n<td>Bologne<\/td>\n<td>IBT<\/td>\n<td>\u2714<\/td>\n<td>\u2714<\/td>\n<td>\u2714<\/td>\n<td>\u2714<\/td>\n<\/tr>\n<tr>\n<td>Florence (Santa Maria Novella)<\/td>\n<td>ZMS<\/td>\n<td>\u2714<\/td>\n<td>\u2714<\/td>\n<td>\u2714<\/td>\n<td>\u2714<\/td>\n<\/tr>\n<tr>\n<td>Naples<\/td>\n<td>INP<\/td>\n<td>\u2714<\/td>\n<td>\u2714<\/td>\n<td>\u2714<\/td>\n<td>\u2714<\/td>\n<\/tr>\n<tr>\n<td>Rome (Termini)<\/td>\n<td>XRJ<\/td>\n<td>\u2714<\/td>\n<td>\u2714<\/td>\n<td><\/td>\n<td><\/td>\n<\/tr>\n<tr>\n<td>Milan (Centrale)<\/td>\n<td>XIK<\/td>\n<td><\/td>\n<td><\/td>\n<td>\u2714<\/td>\n<td>\u2714<\/td>\n<\/tr>\n<tr>\n<td>Turin<\/td>\n<td>TPY<\/td>\n<td>\u2714<\/td>\n<td>\u2714<\/td>\n<td>\u2714<\/td>\n<td>\u2714<\/td>\n<\/tr>\n<tr>\n<td>Venise (Sainte-Lucie)<\/td>\n<td>XVQ<\/td>\n<td>\u2714<\/td>\n<td>\u2714<\/td>\n<td>\u2714<\/td>\n<td>\u2714<\/td>\n<\/tr>\n<tr>\n<td>V\u00e9rone<\/td>\n<td>XIX<\/td>\n<td>\u2714<\/td>\n<td>\u2714<\/td>\n<td>\u2714<\/td>\n<td>\u2714<\/td>\n<\/tr>\n<tr>\n<td>Salerno<\/td>\n<td>ISR<\/td>\n<td><\/td>\n<td><\/td>\n<td>\u2714<\/td>\n<td>\u2714<\/td>\n<\/tr>\n<tr>\n<td>Padoue<\/td>\n<td>QPA<\/td>\n<td><\/td>\n<td><\/td>\n<td>\u2714<\/td>\n<td>\u2714<\/td>\n<\/tr>\n<\/tbody>\n<\/table>\n<div><\/div>\n<div><img loading=\"lazy\" decoding=\"async\" class=\"alignleft\" style=\"max-width: 100%; height: auto;\" src=\"https:\/\/www.accesrail.com\/wp-content\/uploads\/2026\/02\/italo-1-scaled.jpg\" alt=\"\" width=\"861\" height=\"447\" \/><\/div>\n<p>&nbsp;<\/p>\n<h3>Carte<\/h3>\n<ul>\n<li><a href=\"https:\/\/www.accesrail.com\/wp-content\/uploads\/2026\/04\/Italo-Map-1-scaled.jpg\" target=\"_blank\" rel=\"noopener noreferrer\">Voir la carte<\/a><\/li>\n<\/ul>\n<\/div>\n<div id=\"tab_1_2\" class=\"tab-pane fade\">\n<h3>Les billets Italo sont disponibles comme suit :<\/h3>\n<ul>\n<li>Interline <a class=\"btn green-meadow\" style=\"cursor: default;\" href=\"#\" data-toggle=\"modal\">Interline<\/a> Autonome <a class=\"btn green-meadow\" style=\"cursor: default;\" href=\"#\" data-toggle=\"modal\">9B\/450<\/a><\/li>\n<\/ul>\n<h3 class=\"notranslate\">Les ventes autonomes (billetterie sur plaque 9B) sont possibles sur ces march\u00e9s BSP\/ARC :<\/h3>\n<ul>\n<li>ARC USA<\/li>\n<li>BSP Australie<\/li>\n<li>BSP Autriche<\/li>\n<li>BSP Belgique\/Pays-Bas\/Luxembourg<\/li>\n<li>BSP Canada<\/li>\n<li>BSP R\u00e9publique tch\u00e8que<\/li>\n<li>BSP Finlande<\/li>\n<li>BSP France<\/li>\n<li>BSP Allemagne<\/li>\n<li>BSP Hong Kong<\/li>\n<li>BSP Inde<\/li>\n<li>BSP Indon\u00e9sie<\/li>\n<li>BSP Japon<\/li>\n<li>BSP Macao<\/li>\n<li>BSP Malaisie<\/li>\n<li>BSP Mexique<\/li>\n<li>BSP Scandinavia - Ouvert en Su\u00e8de, au Danemark, en Estonie, en Lettonie et en Lituanie.<\/li>\n<li>BSP Singapour<\/li>\n<li>BSP Cor\u00e9e du Sud<\/li>\n<li>BSP Espagne<\/li>\n<li>BSP Suisse\/Liechtenstein<\/li>\n<li>BSP Ta\u00efwan<\/li>\n<li>BSP Tha\u00eflande<\/li>\n<li>BSP UK<\/li>\n<li>BSP Vietnam<\/li>\n<\/ul>\n<h3>Participation au SMD<\/h3>\n<ul class=\"notranslate\">\n<li>Abacus<\/li>\n<li>Amadeus<\/li>\n<li>Apollo<\/li>\n<li>Axess<\/li>\n<li>Galil\u00e9e<\/li>\n<li>Infini<\/li>\n<li>Sabre<\/li>\n<li>Sirena Travel<\/li>\n<li>SITA<\/li>\n<li>Ciel de voyage<\/li>\n<li>Topas<\/li>\n<li>Espace mondial de l'\u00e9ducation<\/li>\n<\/ul>\n<h3>\u00c9ligibilit\u00e9<\/h3>\n<ul>\n<li>Disponible dans le monde entier.<\/li>\n<\/ul>\n<\/div>\n<div id=\"tab_1_3\" class=\"tab-pane fade\">\n<h3 class=\"notranslate\">Gamme de trains<\/h3>\n<ul>\n<li>9B 8500-8899<\/li>\n<\/ul>\n<h3>R\u00e9servation de cours<\/h3>\n<table class=\"table table-striped table-bordered table-hover\">\n<thead>\n<tr>\n<th>9B RBD<\/th>\n<th>Cours d'italien<\/th>\n<\/tr>\n<\/thead>\n<tbody>\n<tr>\n<td>D<\/td>\n<td>Membre du bureau<\/td>\n<\/tr>\n<tr>\n<td>Y<\/td>\n<td>Prima Business<\/td>\n<\/tr>\n<\/tbody>\n<\/table>\n<h3>Annulation automatique de la r\u00e9servation<\/h3>\n<ul>\n<li>Jusqu'\u00e0 36 heures avant le d\u00e9part. Aucune r\u00e9servation 2 heures avant le d\u00e9part.<\/li>\n<\/ul>\n<h3>R\u00e9ductions<\/h3>\n<ul>\n<li>Les b\u00e9b\u00e9s et les enfants \u00e2g\u00e9s de 0 \u00e0 6 ans voyagent gratuitement (sans leur propre si\u00e8ge).<\/li>\n<\/ul>\n<h3>Affichage de la disponibilit\u00e9 du GDS<\/h3>\n<p>&nbsp;<\/p>\n<h3>R\u00e9servation de PNR<\/h3>\n<p>&nbsp;<\/p>\n<h3>SSR CTCE<\/h3>\n<p>Lors de la d\u00e9livrance d'une plaque 9B\/450, veuillez utiliser le format \"SSR CTCE\" au moment de la r\u00e9servation afin de communiquer l'adresse \u00e9lectronique du PAX \u00e0 9B, de sorte que 9B puisse envoyer un courrier \u00e9lectronique 72 heures avant le d\u00e9part pour rappeler au passager qu'il doit se pr\u00e9senter \u00e0 l'enregistrement obligatoire le jour de son d\u00e9part. <a href=\"https:\/\/www.accesrail.com\/fr\/\">accesrail.com<\/a>.<\/p>\n<h3>Remboursements<\/h3>\n<p>Jusqu'au point de vente et conform\u00e9ment aux r\u00e8gles tarifaires.<\/p>\n<h3>\u00c9ligibilit\u00e9<\/h3>\n<p>Les b\u00e9b\u00e9s de 2 ans et moins voyagent gratuitement sans billet si aucun si\u00e8ge n'est requis. L'enfant doit \u00eatre accompagn\u00e9 d'un adulte dans le m\u00eame compartiment pour tous les services.<br \/>\nLe tarif enfant n'est pas disponible.<\/p>\n<ul>\n<li>Tarif adulte uniquement.<\/li>\n<li>Aucune r\u00e9duction applicable pour le personnel de compagnie a\u00e9rienne.<\/li>\n<li>Les remboursements sont conformes aux r\u00e8gles tarifaires des compagnies a\u00e9riennes.<\/li>\n<\/ul>\n<h3>Groupes<\/h3>\n<p>Pour les r\u00e9servations de groupe : Jusqu'\u00e0 9 passagers avec des noms uniques par PNR lors de la r\u00e9servation avec 9B AccesRail. Exemple : Un groupe de 20 personnes sera r\u00e9serv\u00e9 sur trois PNR diff\u00e9rents (PNR 1 : 9 passagers, PNR 2 : 9 passagers, PNR 3 : 2 passagers).<\/p>\n<\/div>\n<div id=\"tab_1_4\" class=\"tab-pane fade\">\n<h3>Enregistrement<\/h3>\n<p>Au plus t\u00f4t 72 heures avant le d\u00e9part du train, le passager devra s'enregistrer \u00e0 l'adresse suivante <a href=\"https:\/\/www.accesrail.com\/fr\/\" target=\"_blank\" rel=\"noopener noreferrer\">www.accesrail.com<\/a> pour imprimer ou t\u00e9l\u00e9charger leur carte d'embarquement Italo sur leur t\u00e9l\u00e9phone portable, qui comprend leur r\u00e9servation de si\u00e8ge.<\/p>\n<div class=\"portlet light\">\n<div class=\"portlet-title\">\n<div class=\"caption\"><span class=\"caption-subject bold font-yellow-casablanca uppercase\"> Enregistrement <\/span><\/div>\n<\/div>\n<div class=\"portlet-body\">\n<p><img decoding=\"async\" src=\"\/wp-content\/uploads\/2015\/12\/Check-in.png\" alt=\"\" width=\"50%\" align=\"left\" \/><\/p>\n<div class=\"mt-element-list\">\n<div class=\"mt-list-container list-default ext-1 group\">\n<div id=\"completed\" class=\"panel-collapse collapse in\">\n<ul>\n<li class=\"mt-list-item done\">\n<div class=\"list-icon-container\"><\/div>\n<div class=\"list-item-content\">\n<p>Visites de passagers <a href=\"https:\/\/check-in.accesrail.com\" target=\"_blank\" rel=\"noopener noreferrer\">check-in.accesrail.com<\/a> dans les 72 heures pr\u00e9c\u00e9dant le d\u00e9part.<\/p>\n<\/div>\n<\/li>\n<li class=\"mt-list-item done\">\n<div class=\"list-icon-container\"><\/div>\n<div class=\"list-item-content\">\n<p>Le passager saisit son nom et son pr\u00e9nom ainsi que l'un des \u00e9l\u00e9ments suivants : Localisateur PNR ou num\u00e9ro de billet \u00e9lectronique.<\/p>\n<\/div>\n<\/li>\n<li class=\"mt-list-item done\">\n<div class=\"list-icon-container\"><\/div>\n<div class=\"list-item-content\">\n<p>Le passager imprime le document de voyage ou t\u00e9l\u00e9charge le billet \u00e9lectronique sur son t\u00e9l\u00e9phone portable, ce qui est n\u00e9cessaire pour l'embarquement.<\/p>\n<\/div>\n<\/li>\n<\/ul>\n<\/div>\n<\/div>\n<\/div>\n<p>&nbsp;<\/p>\n<\/div>\n<\/div>\n<h3>Document de voyage<\/h3>\n<p>Les documents de voyage d\u00e9livr\u00e9s pour un service direct comprennent un document de voyage Italo, comme indiqu\u00e9 ci-dessous.<br \/>\n<img loading=\"lazy\" decoding=\"async\" class=\"alignnone wp-image-4820 size-full\" src=\"https:\/\/www.accesrail.com\/wp-content\/uploads\/2026\/04\/Italo-Sample-ticket.png\" alt=\"\" width=\"762\" height=\"851\" srcset=\"https:\/\/www.accesrail.com\/wp-content\/uploads\/2026\/04\/Italo-Sample-ticket.png 762w, https:\/\/www.accesrail.com\/wp-content\/uploads\/2026\/04\/Italo-Sample-ticket-269x300.png 269w, https:\/\/www.accesrail.com\/wp-content\/uploads\/2026\/04\/Italo-Sample-ticket-11x12.png 11w\" sizes=\"auto, (max-width: 762px) 100vw, 762px\" \/><\/p>\n<p>&nbsp;<\/p>\n<h3>P\u00e9riode de validit\u00e9<\/h3>\n<ul>\n<li>Heure de d\u00e9part pr\u00e9vue du train (indiqu\u00e9e sur la carte d'embarquement).<\/li>\n<\/ul>\n<h3>Politique en mati\u00e8re de bagages<\/h3>\n<p>Les r\u00e8gles d'Italo concernant les bagages s'appliquent. Il incombe au passager de r\u00e9cup\u00e9rer ses bagages enregistr\u00e9s \u00e0 l'a\u00e9roport et de les transporter jusqu'\u00e0 son train, et inversement. Le client est responsable de ses propres bagages pendant le voyage en train.<\/p>\n<h3>Transferts depuis l'a\u00e9roport<\/h3>\n<p>Les r\u00e9servations au d\u00e9part de l'a\u00e9roport de Fiumicino vers des destinations autres que celles b\u00e9n\u00e9ficiant d'une connexion directe n\u00e9cessiteront un changement de train \u00e0 Rome Termini. Le service Leonardo Express entre l'a\u00e9roport de Rome Fiumicino et Rome Termini sera r\u00e9serv\u00e9 en m\u00eame temps que le service de correspondance et le passager recevra deux billets, un pour le service Leonardo et un pour le service \u00e0 grande vitesse au d\u00e9part de Rome Termini.<\/p>\n<p><strong>Comment acc\u00e9der au train Leonardo Express \u00e0 l'a\u00e9roport de Fiumicino :<\/strong><\/p>\n<ul>\n<li>Le train Leonardo Express Airport est le moyen le plus rapide et le plus fiable pour se rendre \u00e0 la gare Termini de Rome. La gare se trouve \u00e0 5-10 minutes de marche de chaque terminal et est clairement indiqu\u00e9e par des panneaux bleus indiquant la pr\u00e9sence d'un train.<\/li>\n<li>Le billet imprim\u00e9 \u00e0 domicile est d\u00e9j\u00e0 valid\u00e9 et est valable 24 heures \u00e0 compter de l'heure de d\u00e9part indiqu\u00e9e sur le billet.<br \/>\nUtiliser le code-barres du billet Leonardo Express pour acc\u00e9der au quai de l'a\u00e9roport de Fiumicino.<\/li>\n<li>Le Leonardo Express part toutes les 15 minutes avec un temps de trajet de 32 minutes.<\/li>\n<li>Depuis l'a\u00e9roport de Fiumicino, le premier train part \u00e0 6h23 et le dernier \u00e0 23h23.<\/li>\n<\/ul>\n<p><img loading=\"lazy\" decoding=\"async\" class=\"alignnone size-full wp-image-2263\" src=\"\/wp-content\/uploads\/2019\/03\/Trenitalia_Treminal_Airport.png\" alt=\"\" width=\"624\" height=\"441\" srcset=\"https:\/\/www.accesrail.com\/wp-content\/uploads\/2019\/03\/Trenitalia_Treminal_Airport.png 624w, https:\/\/www.accesrail.com\/wp-content\/uploads\/2019\/03\/Trenitalia_Treminal_Airport-300x212.png 300w\" sizes=\"auto, (max-width: 624px) 100vw, 624px\" \/><\/p>\n<p>Les r\u00e9servations au d\u00e9part de l'a\u00e9roport de Malpensa vers des destinations autres que les destinations avec connexion directe n\u00e9cessiteront un changement de train \u00e0 Rome Termini. Le service Malpensa Express entre l'a\u00e9roport Malpensa et Milano Centrale sera r\u00e9serv\u00e9 en m\u00eame temps que le service de correspondance et le passager recevra deux billets, un pour le service Malpensa Express et un pour le service \u00e0 grande vitesse au d\u00e9part de Milano Centrale.<\/p>\n<p><strong>Comment acc\u00e9der au train Malpensa Express \u00e0 l'a\u00e9roport de Malpensa :<\/strong><\/p>\n<ul>\n<li>Le Malpensa Express est le moyen le plus rapide et le plus fiable pour se rendre \u00e0 la gare centrale de Milan. La gare se trouve \u00e0 5-10 minutes de marche du terminal T1 ou T2 et est clairement signal\u00e9e par des panneaux a\u00e9riens indiquant la pr\u00e9sence d'un train.<\/li>\n<li>Le billet imprim\u00e9 \u00e0 domicile est d\u00e9j\u00e0 valid\u00e9 et est valable 24 heures \u00e0 compter de l'heure de d\u00e9part indiqu\u00e9e sur le billet.<br \/>\nUtiliser le code-barres du billet Malpensa Express pour acc\u00e9der au quai de Milano Centrale ou de Malpensa Airport.<\/li>\n<li>Le Malpensa Express part toutes les 30 minutes avec un temps de trajet de 52 minutes.<\/li>\n<li>Depuis l'a\u00e9roport de Malpensa, le premier train part \u00e0 5h37 et le dernier \u00e0 23h25.<\/li>\n<\/ul>\n<p>Les trains de l'a\u00e9roport de Milan Malpensa \u00e0 Milan Centrale couvrent les 25 miles (40 km) du trajet en 52 minutes en moyenne avec nos partenaires de voyage comme Malpensa Express ou Trenord. Normalement, 32 trains circulent chaque jour, y compris les services directs disponibles.<\/p>\n<ul>\n<li><strong>De Milano Centrale \u00e0 MXP T1-T2<\/strong>Le Malpensa Express circule de 5h25 \u00e0 23h25 toutes les 30 minutes, avec des arr\u00eats interm\u00e9diaires \u00e0 Milano Porta Garibaldi, Milano Bovisa Politecnico, Saronno, Rescaldina, Castellanza, Busto Arsizio, et Ferno\/Lonate P.<\/li>\n<li><strong>De MXP T1-T2 \u00e0 Milano Centrale<\/strong>Le Malpensa Express circule de 5h37 \u00e0 22h37 toutes les 30 minutes, avec des arr\u00eats interm\u00e9diaires \u00e0 Ferno\/Lonate P., Busto Arsizio, Castellanza, Rescaldina, Saronno, Milano Bovisa Politecnico, Milano Porta Garibaldi.<\/li>\n<\/ul>\n<p><img loading=\"lazy\" decoding=\"async\" class=\"alignnone size-full wp-image-2263\" src=\"\/wp-content\/uploads\/2023\/05\/malpensa1.png\" alt=\"\" width=\"624\" height=\"441\" \/><br \/>\n<img loading=\"lazy\" decoding=\"async\" class=\"alignnone size-full wp-image-2263\" src=\"\/wp-content\/uploads\/2023\/05\/malpensa2.gif\" alt=\"\" width=\"624\" height=\"441\" \/><\/p>\n<p><span style=\"font: italic bold;\">Note : Il est de votre responsabilit\u00e9 de pr\u00e9voir suffisamment de temps pour assurer la correspondance avec votre vol ou votre train de d\u00e9part.<\/span><\/p>\n<h3>Conditions g\u00e9n\u00e9rales d'utilisation<\/h3>\n<p>Les conditions de voyage sont toujours celles du transporteur (ferroviaire\/a\u00e9rien) sur lequel le client voyage. Pour plus d'informations, veuillez consulter https:\/\/www.italotreno.com\/en\/copyright-legal-notes<\/p>\n<\/div>\n<div id=\"tab_1_5\" class=\"tab-pane fade\">\n<h3><\/h3>\n<ul>\n<li style=\"list-style-type: none;\">\n<ul>\n<li><a class=\"noslimstat\" href=\"#\" rel=\"nofollow\">T\u00e9l\u00e9charger le manuel de vente<\/a><\/li>\n<\/ul>\n<\/li>\n<\/ul>\n<h3>FAQ<\/h3>\n<p><strong>Que se passe-t-il si le passager manque sa correspondance ?<\/strong><\/p>\n<p>Si un passager en correspondance manque sa correspondance avec le service Italo, le billet restera valide sur un service ult\u00e9rieur et l'attribution des places sera effectu\u00e9e par le chef de bord.<\/p>\n<\/div>\n<\/div>\n<\/div>","protected":false},"excerpt":{"rendered":"<p>Coming Spring 2026 Product Information Availability Booking Information Check-in and Travel Sales Manual About Italo is Italy\u2019s premier private high-speed rail operator, delivering fast, comfortable, and sustainable rail services between Italy\u2019s major cities. Known for its innovation and customer experience, Italo plays a key role in advancing modern rail travel across Italy. Arriving at Fiumicino [&hellip;]<\/p>\n","protected":false},"author":5,"featured_media":0,"parent":8,"menu_order":0,"comment_status":"closed","ping_status":"closed","template":"","meta":{"footnotes":""},"class_list":["post-4758","page","type-page","status-publish","hentry"],"_links":{"self":[{"href":"https:\/\/www.accesrail.com\/fr\/wp-json\/wp\/v2\/pages\/4758","targetHints":{"allow":["GET"]}}],"collection":[{"href":"https:\/\/www.accesrail.com\/fr\/wp-json\/wp\/v2\/pages"}],"about":[{"href":"https:\/\/www.accesrail.com\/fr\/wp-json\/wp\/v2\/types\/page"}],"author":[{"embeddable":true,"href":"https:\/\/www.accesrail.com\/fr\/wp-json\/wp\/v2\/users\/5"}],"replies":[{"embeddable":true,"href":"https:\/\/www.accesrail.com\/fr\/wp-json\/wp\/v2\/comments?post=4758"}],"version-history":[{"count":33,"href":"https:\/\/www.accesrail.com\/fr\/wp-json\/wp\/v2\/pages\/4758\/revisions"}],"predecessor-version":[{"id":4841,"href":"https:\/\/www.accesrail.com\/fr\/wp-json\/wp\/v2\/pages\/4758\/revisions\/4841"}],"up":[{"embeddable":true,"href":"https:\/\/www.accesrail.com\/fr\/wp-json\/wp\/v2\/pages\/8"}],"wp:attachment":[{"href":"https:\/\/www.accesrail.com\/fr\/wp-json\/wp\/v2\/media?parent=4758"}],"curies":[{"name":"wp","href":"https:\/\/api.w.org\/{rel}","templated":true}]}}