{"id":48,"date":"2015-12-22T19:54:54","date_gmt":"2015-12-22T19:54:54","guid":{"rendered":"http:\/\/test.accesrail.com\/?page_id=48"},"modified":"2019-02-26T20:41:04","modified_gmt":"2019-02-26T20:41:04","slug":"ejr-east-japan-rail","status":"publish","type":"page","link":"https:\/\/www.accesrail.com\/fr\/partners\/ejr-east-japan-rail\/","title":{"rendered":"EJR - East Japan Rail"},"content":{"rendered":"<p><img loading=\"lazy\" decoding=\"async\" src=\"\/wp-content\/uploads\/2019\/02\/JR-EAST-logo-1-300x214.jpg\" alt=\"\" width=\"300\" height=\"214\" class=\"alignnone size-medium wp-image-2192\" \/><\/p>\n<p>S'\u00e9tendant sur 750 km du nord au sud, l'est du Japon offre un vaste \u00e9ventail de destinations fascinantes qui attirent des visiteurs du monde entier. Que vous souhaitiez visiter des temples, des sanctuaires et des b\u00e2timents historiques ou profiter de vues imprenables sur la campagne, les nombreux sites du patrimoine mondial de l'est du Japon ne manqueront pas de s\u00e9duire n'importe quel voyageur. Laissez-vous guider par JR EAST pour explorer le meilleur de l'est du Japon gr\u00e2ce \u00e0 son pass flexible de 5 jours. Le JR East Flexi Pass comprend l'acc\u00e8s au Shinkansen, aux trains express et aux trains locaux sur les lignes JR EAST.<\/p>\n<h3>Produits<\/h3>\n<ul>\n<li><a class=\"notranslate\" href=\"https:\/\/www.accesrail.com\/fr\/products\/jr-east-pass\/\">Pass JR-EAST<\/a><\/li>\n<li><a class=\"notranslate\" href=\"https:\/\/www.accesrail.com\/fr\/products\/hokuriku-arch-pass\/\">Col de l'arche de Hokuriku<\/a><\/li>\n<\/ul>","protected":false},"excerpt":{"rendered":"<p>Extending 750km from north to south, East Japan offers a vast array of fascinating destinations that attract visitors from around the Globe. Whether you\u2019re looking to visit temples, shrines and historic buildings or enjoy breathtaking views of the countryside, East Japan\u2019s many World Heritage sites are sure to entice any traveler. Let JR EAST be [&hellip;]<\/p>\n","protected":false},"author":4,"featured_media":0,"parent":42,"menu_order":0,"comment_status":"closed","ping_status":"closed","template":"","meta":{"footnotes":""},"class_list":["post-48","page","type-page","status-publish","hentry"],"_links":{"self":[{"href":"https:\/\/www.accesrail.com\/fr\/wp-json\/wp\/v2\/pages\/48","targetHints":{"allow":["GET"]}}],"collection":[{"href":"https:\/\/www.accesrail.com\/fr\/wp-json\/wp\/v2\/pages"}],"about":[{"href":"https:\/\/www.accesrail.com\/fr\/wp-json\/wp\/v2\/types\/page"}],"author":[{"embeddable":true,"href":"https:\/\/www.accesrail.com\/fr\/wp-json\/wp\/v2\/users\/4"}],"replies":[{"embeddable":true,"href":"https:\/\/www.accesrail.com\/fr\/wp-json\/wp\/v2\/comments?post=48"}],"version-history":[{"count":8,"href":"https:\/\/www.accesrail.com\/fr\/wp-json\/wp\/v2\/pages\/48\/revisions"}],"predecessor-version":[{"id":2193,"href":"https:\/\/www.accesrail.com\/fr\/wp-json\/wp\/v2\/pages\/48\/revisions\/2193"}],"up":[{"embeddable":true,"href":"https:\/\/www.accesrail.com\/fr\/wp-json\/wp\/v2\/pages\/42"}],"wp:attachment":[{"href":"https:\/\/www.accesrail.com\/fr\/wp-json\/wp\/v2\/media?parent=48"}],"curies":[{"name":"wp","href":"https:\/\/api.w.org\/{rel}","templated":true}]}}