{"id":50,"date":"2015-12-22T19:55:31","date_gmt":"2015-12-22T19:55:31","guid":{"rendered":"http:\/\/test.accesrail.com\/?page_id=50"},"modified":"2016-05-16T20:53:49","modified_gmt":"2016-05-16T20:53:49","slug":"jr-kyushu","status":"publish","type":"page","link":"https:\/\/www.accesrail.com\/fr\/partners\/jr-kyushu\/","title":{"rendered":"JR Kyushu"},"content":{"rendered":"<p><img loading=\"lazy\" decoding=\"async\" class=\"alignnone wp-image-513 size-full\" src=\"\/wp-content\/uploads\/2015\/12\/JR_Kyushu_logo.png\" alt=\"JR_Kyushu_logo\" width=\"207\" height=\"138\" \/><\/p>\n<p>La Kyushu Railway Company fournit des services ferroviaires sur la troisi\u00e8me plus grande \u00eele du Japon : l'\u00eele de Kyushu. En 2011, la Kyushu Railway Company a r\u00e9pertori\u00e9 les activit\u00e9s de 22 lignes sur une distance de 2 273 kilom\u00e8tres. La r\u00e9gion compte de nombreuses destinations touristiques telles que les stations thermales de Beppu, le mont Aso dans la pr\u00e9fecture de Kumamoto et le Sakurajima, le volcan actif de Kagoshima.<\/p>\n<p>Le Kyushu Rail Pass permet de voyager dans toute la r\u00e9gion de Kyushu ou dans une r\u00e9gion s\u00e9lectionn\u00e9e du nord de Kyushu. Disponible pour 3 ou 5 jours cons\u00e9cutifs, le Kyushu Rail Pass est le billet id\u00e9al pour visiter Kyushu et voyager. L'utilisation de ce pass permet aux passagers de monter \u00e0 bord du Kyushu Shinkansen et des trains express Sonic aussi souvent qu'ils le souhaitent pendant la dur\u00e9e de validit\u00e9 du pass.<\/p>\n<p>La Kyushu Railway Company offre un certain nombre de services dans le secteur des transports, notamment des services de transport ferroviaire de passagers et de marchandises, des services de ferry et des services d'autobus. En outre, la Kyushu Railway Company investit dans un large \u00e9ventail d'entreprises compl\u00e9mentaires li\u00e9es aux secteurs de l'industrie et du voyage.<\/p>\n<h3>Produits<\/h3>\n<ul>\n<li><a class=\"notranslate\" href=\"https:\/\/www.accesrail.com\/fr\/products\/jr-kyushu-pass\/\">JR Kyushu Pass<\/a><\/li>\n<\/ul>","protected":false},"excerpt":{"rendered":"<p>The Kyushu Railway Company provides rail service on Japan\u2019s third largest island: the island of Kyushu. In 2011, the Kyushu Railway Company listed operations on 22 lines over a distance of 2,273 Kilometers. The region features many sightseeing destinations such as Beppu&#8217;s hot spring resorts, Mt. Aso in Kumamoto Prefecture, and Sakurajima, the active volcano [&hellip;]<\/p>\n","protected":false},"author":4,"featured_media":0,"parent":42,"menu_order":0,"comment_status":"closed","ping_status":"closed","template":"","meta":{"footnotes":""},"class_list":["post-50","page","type-page","status-publish","hentry"],"_links":{"self":[{"href":"https:\/\/www.accesrail.com\/fr\/wp-json\/wp\/v2\/pages\/50","targetHints":{"allow":["GET"]}}],"collection":[{"href":"https:\/\/www.accesrail.com\/fr\/wp-json\/wp\/v2\/pages"}],"about":[{"href":"https:\/\/www.accesrail.com\/fr\/wp-json\/wp\/v2\/types\/page"}],"author":[{"embeddable":true,"href":"https:\/\/www.accesrail.com\/fr\/wp-json\/wp\/v2\/users\/4"}],"replies":[{"embeddable":true,"href":"https:\/\/www.accesrail.com\/fr\/wp-json\/wp\/v2\/comments?post=50"}],"version-history":[{"count":4,"href":"https:\/\/www.accesrail.com\/fr\/wp-json\/wp\/v2\/pages\/50\/revisions"}],"predecessor-version":[{"id":787,"href":"https:\/\/www.accesrail.com\/fr\/wp-json\/wp\/v2\/pages\/50\/revisions\/787"}],"up":[{"embeddable":true,"href":"https:\/\/www.accesrail.com\/fr\/wp-json\/wp\/v2\/pages\/42"}],"wp:attachment":[{"href":"https:\/\/www.accesrail.com\/fr\/wp-json\/wp\/v2\/media?parent=50"}],"curies":[{"name":"wp","href":"https:\/\/api.w.org\/{rel}","templated":true}]}}