{"id":52,"date":"2015-12-22T19:56:53","date_gmt":"2015-12-22T19:56:53","guid":{"rendered":"http:\/\/test.accesrail.com\/?page_id=52"},"modified":"2025-02-25T17:15:40","modified_gmt":"2025-02-25T17:15:40","slug":"michigan-flyer","status":"publish","type":"page","link":"https:\/\/www.accesrail.com\/fr\/partners\/michigan-flyer\/","title":{"rendered":"D\u00e9pliant du Michigan"},"content":{"rendered":"<p><img loading=\"lazy\" decoding=\"async\" class=\"alignnone wp-image-2273 size-full\" src=\"\/wp-content\/uploads\/2019\/03\/michiganFlyer-logo.png\" alt=\"MichiganFlyers_logo\" width=\"321\" height=\"93\" srcset=\"https:\/\/www.accesrail.com\/wp-content\/uploads\/2019\/03\/michiganFlyer-logo.png 321w, https:\/\/www.accesrail.com\/wp-content\/uploads\/2019\/03\/michiganFlyer-logo-300x87.png 300w\" sizes=\"auto, (max-width: 321px) 100vw, 321px\" \/><\/p>\n<p>Michigan Flyer Motorcoach Service est votre liaison de luxe avec l'a\u00e9roport m\u00e9tropolitain de D\u00e9troit.<br \/>\nMichigan Flyer offre des connexions sans faille, un service abordable et l'internet sans fil gratuit.<\/p>\n<p>Le Michigan Flyer fonctionne sept jours sur sept, y compris les jours f\u00e9ri\u00e9s. Veuillez r\u00e9server \u00e0 l'avance<br \/>\npour les jours f\u00e9ri\u00e9s.  Les autocars accessibles en fauteuil roulant doivent \u00eatre r\u00e9serv\u00e9s 24 heures \u00e0 l'avance.<\/p>\n<p>Il y a 4 lieux de prise en charge et de d\u00e9pose au choix :<\/p>\n<p>Marriott <b>East Lansing <\/b>se trouve \u00e0 l'University Place Marriott, \u00e0 un p\u00e2t\u00e9 de maisons au nord du campus de l'universit\u00e9 d'\u00c9tat du Michigan.<\/p>\n<p>Adresse :<br \/>\n333 Albert Avenue (\u00e0 l'angle de la rue Charles)<br \/>\nEast Lansing, MI 48823<\/p>\n<p>Le Flyer prend et d\u00e9pose ses passagers directement sous la passerelle de l'avenue Albert. Cherchez les panneaux Michigan Flyer. L'autocar part d'East Lansing \u00e0 destination de l'a\u00e9roport m\u00e9tropolitain de Detroit tous les jours, y compris les jours f\u00e9ri\u00e9s.<\/p>\n<p><b>A\u00e9roport de D\u00e9troit <\/b><\/p>\n<p><b>Terminal McNamara<\/b><\/p>\n<p>Le terminal McNamara de Detroit accueille les compagnies a\u00e9riennes suivantes : Northwest Airlines et ses partenaires SkyTeam Air France, Delta Air Lines et KLM Royal Dutch Airlines.<\/p>\n<p><b>Terminal Nord<\/b><\/p>\n<p>Le terminal nord de Detroit accueille les compagnies suivantes : Air Canada, American Airlines, AirTran Airways, Continental Airlines, Frontier Airlines, Jet Blue, Lufthansa German Airlines, Royal Jordanian Airlines, Southwest Airlines, Spirit Airlines, United Airlines, US Airways, USA 3000, et des compagnies charter.<\/p>\n<p>Pour plus d'informations, veuillez contacter Michigan Flyer au 517-333-0400.<\/p>\n<h3>Produits<\/h3>\n<ul>\n<li><a class=\"notranslate\" href=\"https:\/\/www.accesrail.com\/fr\/products\/michigan-flyer\/\">D\u00e9pliant du Michigan<\/a><\/li>\n<\/ul>","protected":false},"excerpt":{"rendered":"<p>Michigan Flyer Motorcoach Service is your luxury connection to Detroit Metro Airport Michigan Flyer offers seamless connections, affordable service and free wireless internet. Michigan Flyer operates seven days a week, including holidays. Please book in advance for\u00a0peak holiday travel dates.\u00a0 Wheelchair access coaches require 24 hour advance reservations. There are 4 pick up and drop [&hellip;]<\/p>\n","protected":false},"author":4,"featured_media":0,"parent":42,"menu_order":0,"comment_status":"closed","ping_status":"closed","template":"","meta":{"footnotes":""},"class_list":["post-52","page","type-page","status-publish","hentry"],"_links":{"self":[{"href":"https:\/\/www.accesrail.com\/fr\/wp-json\/wp\/v2\/pages\/52","targetHints":{"allow":["GET"]}}],"collection":[{"href":"https:\/\/www.accesrail.com\/fr\/wp-json\/wp\/v2\/pages"}],"about":[{"href":"https:\/\/www.accesrail.com\/fr\/wp-json\/wp\/v2\/types\/page"}],"author":[{"embeddable":true,"href":"https:\/\/www.accesrail.com\/fr\/wp-json\/wp\/v2\/users\/4"}],"replies":[{"embeddable":true,"href":"https:\/\/www.accesrail.com\/fr\/wp-json\/wp\/v2\/comments?post=52"}],"version-history":[{"count":13,"href":"https:\/\/www.accesrail.com\/fr\/wp-json\/wp\/v2\/pages\/52\/revisions"}],"predecessor-version":[{"id":4270,"href":"https:\/\/www.accesrail.com\/fr\/wp-json\/wp\/v2\/pages\/52\/revisions\/4270"}],"up":[{"embeddable":true,"href":"https:\/\/www.accesrail.com\/fr\/wp-json\/wp\/v2\/pages\/42"}],"wp:attachment":[{"href":"https:\/\/www.accesrail.com\/fr\/wp-json\/wp\/v2\/media?parent=52"}],"curies":[{"name":"wp","href":"https:\/\/api.w.org\/{rel}","templated":true}]}}