{"id":54,"date":"2015-12-22T19:57:36","date_gmt":"2015-12-22T19:57:36","guid":{"rendered":"http:\/\/test.accesrail.com\/?page_id=54"},"modified":"2020-08-28T15:14:09","modified_gmt":"2020-08-28T15:14:09","slug":"national-express","status":"publish","type":"page","link":"https:\/\/www.accesrail.com\/fr\/partners\/national-express\/","title":{"rendered":"National Express"},"content":{"rendered":"<p><img loading=\"lazy\" decoding=\"async\" class=\"alignnone wp-image-285 size-full\" src=\"\/wp-content\/uploads\/2016\/02\/NationalExpress_logo.png\" alt=\"NationalExpress_logo\" width=\"257\" height=\"36\" \/><\/p>\n<p>National Express est l'op\u00e9rateur du r\u00e9seau national d'autocars au Royaume-Uni, offrant \u00e0 tous des voyages accessibles et d'un bon rapport qualit\u00e9-prix. Il exploite le premier r\u00e9seau national d'autocars r\u00e9guliers du Royaume-Uni et le plus grand d'Europe. National Express fait circuler 500 autocars par jour, desservant environ 1 000 destinations nationales.<\/p>\n<h3>Produits<\/h3>\n<ul>\n<li><a class=\"notranslate\" href=\"https:\/\/www.accesrail.com\/fr\/products\/national-express\/\">National Express<\/a><\/li>\n<\/ul>","protected":false},"excerpt":{"rendered":"<p>National Express est l'op\u00e9rateur du r\u00e9seau national d'autocars au Royaume-Uni, offrant \u00e0 tous des voyages accessibles et d'un bon rapport qualit\u00e9-prix. Il exploite le premier r\u00e9seau national d'autocars r\u00e9guliers du Royaume-Uni et le plus grand d'Europe. National Express fait circuler 500 autocars par jour, desservant environ 1 000 destinations nationales. Produits National Express<\/p>","protected":false},"author":4,"featured_media":0,"parent":42,"menu_order":0,"comment_status":"closed","ping_status":"closed","template":"","meta":{"footnotes":""},"class_list":["post-54","page","type-page","status-publish","hentry"],"_links":{"self":[{"href":"https:\/\/www.accesrail.com\/fr\/wp-json\/wp\/v2\/pages\/54","targetHints":{"allow":["GET"]}}],"collection":[{"href":"https:\/\/www.accesrail.com\/fr\/wp-json\/wp\/v2\/pages"}],"about":[{"href":"https:\/\/www.accesrail.com\/fr\/wp-json\/wp\/v2\/types\/page"}],"author":[{"embeddable":true,"href":"https:\/\/www.accesrail.com\/fr\/wp-json\/wp\/v2\/users\/4"}],"replies":[{"embeddable":true,"href":"https:\/\/www.accesrail.com\/fr\/wp-json\/wp\/v2\/comments?post=54"}],"version-history":[{"count":7,"href":"https:\/\/www.accesrail.com\/fr\/wp-json\/wp\/v2\/pages\/54\/revisions"}],"predecessor-version":[{"id":2871,"href":"https:\/\/www.accesrail.com\/fr\/wp-json\/wp\/v2\/pages\/54\/revisions\/2871"}],"up":[{"embeddable":true,"href":"https:\/\/www.accesrail.com\/fr\/wp-json\/wp\/v2\/pages\/42"}],"wp:attachment":[{"href":"https:\/\/www.accesrail.com\/fr\/wp-json\/wp\/v2\/media?parent=54"}],"curies":[{"name":"wp","href":"https:\/\/api.w.org\/{rel}","templated":true}]}}