{"id":56,"date":"2015-12-22T19:58:04","date_gmt":"2015-12-22T19:58:04","guid":{"rendered":"http:\/\/test.accesrail.com\/?page_id=56"},"modified":"2016-04-28T19:45:22","modified_gmt":"2016-04-28T19:45:22","slug":"ns-dutch-railways","status":"publish","type":"page","link":"https:\/\/www.accesrail.com\/fr\/partners\/ns-dutch-railways\/","title":{"rendered":"NS - Chemins de fer n\u00e9erlandais"},"content":{"rendered":"<p><img loading=\"lazy\" decoding=\"async\" class=\"alignnone wp-image-531 size-full\" src=\"\/wp-content\/uploads\/2015\/12\/ns_logo.png\" alt=\"ns_logo\" width=\"247\" height=\"129\" \/><\/p>\n<p>NS offre un service fiable aux passagers, des trains et des bus confortables, des gares et des zones de gare dynamiques et de nombreux services pour un voyage agr\u00e9able d'une porte \u00e0 l'autre. Plus de 32 000 employ\u00e9s unissent leurs efforts autour de la mission de fournir des transports et des services s\u00fbrs, ponctuels et confortables.<\/p>\n<p>La NS op\u00e8re dans le domaine du transport de passagers et dans le d\u00e9veloppement et l'exploitation de plates-formes, le transport de passagers repr\u00e9sentant plus de 85% de son activit\u00e9. Les NS transportent 1,1 million de passagers chaque jour, avec 4 800 trains programm\u00e9s.<\/p>","protected":false},"excerpt":{"rendered":"<p>NS provides reliable passenger service, comfortable trains and buses, vibrant stations and station areas and plenty of services for an enjoyable journey from door to door. Over 32,000 employees combine their efforts around the mission of providing safe, punctual and comfortable transport and services. NS operates in both passenger and in hub development and operation, [&hellip;]<\/p>\n","protected":false},"author":4,"featured_media":0,"parent":42,"menu_order":0,"comment_status":"closed","ping_status":"closed","template":"","meta":{"footnotes":""},"class_list":["post-56","page","type-page","status-publish","hentry"],"_links":{"self":[{"href":"https:\/\/www.accesrail.com\/fr\/wp-json\/wp\/v2\/pages\/56","targetHints":{"allow":["GET"]}}],"collection":[{"href":"https:\/\/www.accesrail.com\/fr\/wp-json\/wp\/v2\/pages"}],"about":[{"href":"https:\/\/www.accesrail.com\/fr\/wp-json\/wp\/v2\/types\/page"}],"author":[{"embeddable":true,"href":"https:\/\/www.accesrail.com\/fr\/wp-json\/wp\/v2\/users\/4"}],"replies":[{"embeddable":true,"href":"https:\/\/www.accesrail.com\/fr\/wp-json\/wp\/v2\/comments?post=56"}],"version-history":[{"count":4,"href":"https:\/\/www.accesrail.com\/fr\/wp-json\/wp\/v2\/pages\/56\/revisions"}],"predecessor-version":[{"id":548,"href":"https:\/\/www.accesrail.com\/fr\/wp-json\/wp\/v2\/pages\/56\/revisions\/548"}],"up":[{"embeddable":true,"href":"https:\/\/www.accesrail.com\/fr\/wp-json\/wp\/v2\/pages\/42"}],"wp:attachment":[{"href":"https:\/\/www.accesrail.com\/fr\/wp-json\/wp\/v2\/media?parent=56"}],"curies":[{"name":"wp","href":"https:\/\/api.w.org\/{rel}","templated":true}]}}