{"id":58,"date":"2015-12-22T20:05:16","date_gmt":"2015-12-22T20:05:16","guid":{"rendered":"http:\/\/test.accesrail.com\/?page_id=58"},"modified":"2016-05-16T20:44:00","modified_gmt":"2016-05-16T20:44:00","slug":"obb-personenverkehr-ag-austria","status":"publish","type":"page","link":"https:\/\/www.accesrail.com\/fr\/partners\/obb-personenverkehr-ag-austria\/","title":{"rendered":"\u00d6BB - Personenverkehr AG - Autriche"},"content":{"rendered":"<p><img loading=\"lazy\" decoding=\"async\" class=\"alignnone wp-image-460 size-full\" src=\"\/wp-content\/uploads\/2015\/12\/logo-oebb.png\" alt=\"logo-oebb\" width=\"150\" height=\"50\" \/><\/p>\n<p>\u00d6BB Personenverkehr AG, la division voyageurs des chemins de fer autrichiens, est une filiale 100% de \u00d6BB Holding AG, une soci\u00e9t\u00e9 anonyme d\u00e9tenue \u00e0 100 % par le gouvernement autrichien.<\/p>\n<p>\u00d6BB Personenverkehr AG est le premier op\u00e9rateur ferroviaire autrichien pour le transport de passagers. Il fournit un r\u00e9seau dense de services ferroviaires de haute qualit\u00e9, y compris \u00e0 grande vitesse, dans tout le pays.<\/p>\n<p>Les trains longue distance (railjet, ICE, EuroCity, trains InterCity, trains EuroNight) desservent les grandes villes autrichiennes et les principaux centres touristiques et \u00e9conomiques toutes les heures ou toutes les deux heures. Entre Vienne et Salzbourg, il y a deux trains par heure. Les lignes internationales longue distance relient les principales villes autrichiennes \u00e0 tous les pays voisins d'Europe centrale. La plupart des lignes internationales fonctionnent toutes les deux heures.<\/p>\n<p>Liaisons directes et temps de trajet sur les principales routes nationales et internationales d'Autriche au d\u00e9part et \u00e0 destination de Vienne (lignes rouges).<\/p>\n<p>Depuis d\u00e9cembre 2014, la nouvelle liaison avec l'a\u00e9roport international de Vienne offre aux passagers a\u00e9riens un acc\u00e8s direct au r\u00e9seau ferroviaire autrichien \u00e0 grande vitesse. Les services r\u00e9gionaux et suburbains de \u00d6BB Personenverkehr AG compl\u00e8tent l'offre de transport ferroviaire dans tout le pays.<\/p>\n<p><strong>Chiffres cl\u00e9s :<\/strong><\/p>\n<ul>\n<li>4 200 trains de passagers quotidiens, dont 280 services longue distance<\/li>\n<li>235 millions de passagers ferroviaires par an<\/li>\n<li>Ponctualit\u00e9 : 96,7%, trains longue distance : 87%<\/li>\n<li>Satisfaction de la client\u00e8le : 2,0 = bonne<\/li>\n<li>&gt;1.000 stations desservies<\/li>\n<li>Salons pour les passagers de 1\u00e8re classe dans 8 grandes gares *<\/li>\n<\/ul>\n<p>* Wien Hbf, Wien Westbf, Wien Meidling, Linz Hbf, Salzburg Hbf, Innsbruck Hbf, Graz Hbf, Klagenfurt Hbf<\/p>\n<p>Au cours des derni\u00e8res ann\u00e9es, la soci\u00e9t\u00e9 \u00d6BB Infrasturktur AG a modernis\u00e9 les gares afin d'am\u00e9liorer les installations et les services, notamment les syst\u00e8mes d'information dynamique des passagers et l'acc\u00e8s sans barri\u00e8res aux gares et aux quais. Les principales gares sont \u00e9quip\u00e9es de boutiques, de points d'information, de personnel de s\u00e9curit\u00e9 et d'une connexion Wi-Fi gratuite (Wi-Fi : d\u00e9ploiement en cours).<\/p>\n<p><a href=\"http:\/\/www.oebb.at\" target=\"_blank\">www.oebb.at<\/a><\/p>\n<h3>Produits<\/h3>\n<ul>\n<li><a class=\"notranslate\" href=\"https:\/\/www.accesrail.com\/fr\/products\/obb-tickets\/\">Billets OBB<\/a><\/li>\n<\/ul>","protected":false},"excerpt":{"rendered":"<p>\u00d6BB Personenverkehr AG, the passengers division of Austria&#8217;s state railway, is a 100% subsidiary of \u00d6BB Holding AG, a public limited company, fully owned by the Austrian government. \u00d6BB Personenverkehr AG is Austria&#8217;s leading passenger rail-operator, providing a dense network of high-quality, including high-speed, rail-services throughout the country. Long-distance-trains (railjet, ICE, EuroCity, InterCity-trains, EuroNight-trains) are [&hellip;]<\/p>\n","protected":false},"author":4,"featured_media":0,"parent":42,"menu_order":0,"comment_status":"closed","ping_status":"closed","template":"","meta":{"footnotes":""},"class_list":["post-58","page","type-page","status-publish","hentry"],"_links":{"self":[{"href":"https:\/\/www.accesrail.com\/fr\/wp-json\/wp\/v2\/pages\/58","targetHints":{"allow":["GET"]}}],"collection":[{"href":"https:\/\/www.accesrail.com\/fr\/wp-json\/wp\/v2\/pages"}],"about":[{"href":"https:\/\/www.accesrail.com\/fr\/wp-json\/wp\/v2\/types\/page"}],"author":[{"embeddable":true,"href":"https:\/\/www.accesrail.com\/fr\/wp-json\/wp\/v2\/users\/4"}],"replies":[{"embeddable":true,"href":"https:\/\/www.accesrail.com\/fr\/wp-json\/wp\/v2\/comments?post=58"}],"version-history":[{"count":5,"href":"https:\/\/www.accesrail.com\/fr\/wp-json\/wp\/v2\/pages\/58\/revisions"}],"predecessor-version":[{"id":783,"href":"https:\/\/www.accesrail.com\/fr\/wp-json\/wp\/v2\/pages\/58\/revisions\/783"}],"up":[{"embeddable":true,"href":"https:\/\/www.accesrail.com\/fr\/wp-json\/wp\/v2\/pages\/42"}],"wp:attachment":[{"href":"https:\/\/www.accesrail.com\/fr\/wp-json\/wp\/v2\/media?parent=58"}],"curies":[{"name":"wp","href":"https:\/\/api.w.org\/{rel}","templated":true}]}}