{"id":60,"date":"2015-12-22T20:05:55","date_gmt":"2015-12-22T20:05:55","guid":{"rendered":"http:\/\/test.accesrail.com\/?page_id=60"},"modified":"2016-05-16T20:42:20","modified_gmt":"2016-05-16T20:42:20","slug":"renfe","status":"publish","type":"page","link":"https:\/\/www.accesrail.com\/fr\/partners\/renfe\/","title":{"rendered":"Renfe"},"content":{"rendered":"<p><img loading=\"lazy\" decoding=\"async\" class=\"alignnone wp-image-515 size-full\" src=\"\/wp-content\/uploads\/2015\/12\/renfe_logo.png\" alt=\"renfe_logo\" width=\"249\" height=\"95\" \/><\/p>\n<p>Renfe est un op\u00e9rateur public de transport ferroviaire de passagers et de marchandises supervis\u00e9 par le minist\u00e8re espagnol du d\u00e9veloppement. Renfe fournit des services s\u00fbrs de transport de passagers et de marchandises en Espagne. Ses services sont bas\u00e9s sur la qualit\u00e9, l'efficacit\u00e9, la rentabilit\u00e9 et l'innovation.<\/p>\n<p>Renfe exploite les trains \u00e0 grande vitesse AVE, qui peuvent atteindre une vitesse de 350 km\/h, ce qui en fait l'un des trains les plus rapides au monde. Outre le transport interurbain, Renfe exploite \u00e9galement des trains de banlieue dans onze zones m\u00e9tropolitaines, notamment dans des villes populaires telles que Madrid et Barcelone.<\/p>\n<h3>Produits<\/h3>\n<ul>\n<li><a class=\"notranslate\" href=\"https:\/\/www.accesrail.com\/fr\/products\/renfe\/\">Billets \u00e9lectroniques Renfe<\/a><\/li>\n<\/ul>","protected":false},"excerpt":{"rendered":"<p>Renfe is a state-owned passenger and freight rail transport operator overseen by the Spanish Ministry of Development. Renfe provides safe passenger and freight transport services in Spain. Its services are based on quality, efficiency, profitability and innovation. Renfe operates the AVE high speed trains, which can achieve speeds of up to 350 km\/h, placing these [&hellip;]<\/p>\n","protected":false},"author":4,"featured_media":0,"parent":42,"menu_order":0,"comment_status":"closed","ping_status":"closed","template":"","meta":{"footnotes":""},"class_list":["post-60","page","type-page","status-publish","hentry"],"_links":{"self":[{"href":"https:\/\/www.accesrail.com\/fr\/wp-json\/wp\/v2\/pages\/60","targetHints":{"allow":["GET"]}}],"collection":[{"href":"https:\/\/www.accesrail.com\/fr\/wp-json\/wp\/v2\/pages"}],"about":[{"href":"https:\/\/www.accesrail.com\/fr\/wp-json\/wp\/v2\/types\/page"}],"author":[{"embeddable":true,"href":"https:\/\/www.accesrail.com\/fr\/wp-json\/wp\/v2\/users\/4"}],"replies":[{"embeddable":true,"href":"https:\/\/www.accesrail.com\/fr\/wp-json\/wp\/v2\/comments?post=60"}],"version-history":[{"count":4,"href":"https:\/\/www.accesrail.com\/fr\/wp-json\/wp\/v2\/pages\/60\/revisions"}],"predecessor-version":[{"id":779,"href":"https:\/\/www.accesrail.com\/fr\/wp-json\/wp\/v2\/pages\/60\/revisions\/779"}],"up":[{"embeddable":true,"href":"https:\/\/www.accesrail.com\/fr\/wp-json\/wp\/v2\/pages\/42"}],"wp:attachment":[{"href":"https:\/\/www.accesrail.com\/fr\/wp-json\/wp\/v2\/media?parent=60"}],"curies":[{"name":"wp","href":"https:\/\/api.w.org\/{rel}","templated":true}]}}