{"id":62,"date":"2015-12-22T20:06:40","date_gmt":"2015-12-22T20:06:40","guid":{"rendered":"http:\/\/test.accesrail.com\/?page_id=62"},"modified":"2016-05-16T20:41:21","modified_gmt":"2016-05-16T20:41:21","slug":"sj-sweden","status":"publish","type":"page","link":"https:\/\/www.accesrail.com\/fr\/partners\/sj-sweden\/","title":{"rendered":"SJ - Su\u00e8de"},"content":{"rendered":"<p><img loading=\"lazy\" decoding=\"async\" class=\"alignnone wp-image-516 size-full\" src=\"\/wp-content\/uploads\/2015\/12\/SJ_logo.png\" alt=\"SJ_logo\" width=\"182\" height=\"125\" \/><\/p>\n<p>SJ est le plus grand op\u00e9rateur ferroviaire de Su\u00e8de, produisant 55% ou tous les services ferroviaires en Su\u00e8de. Son r\u00e9seau ferroviaire pour le transport de passagers s'\u00e9tend de Narvik, au nord, \u00e0 Copenhague, au sud, plus un train de nuit pour Berlin. Environ 100 000 voyages sont effectu\u00e9s chaque jour sur les services de SJ. SJ propose des voyages respectueux de l'environnement puisqu'elle porte l'\u00e9colabel <i>Un bon choix environnemental<\/i>Le r\u00e9seau ferroviaire su\u00e9dois utilise 100 % d'\u00e9lectricit\u00e9 renouvelable provenant de sources hydro\u00e9lectriques et \u00e9oliennes pour faire circuler ses trains en Su\u00e8de. Le r\u00e9seau ferroviaire s'\u00e9tend sur 11 900 km de voies exploit\u00e9es, dont 2 700 km de voies doubles et multiples. Environ 9 800 km de voies sont \u00e9lectrifi\u00e9es.<\/p>\n<h3>Produits<\/h3>\n<ul>\n<li><a class=\"notranslate\" href=\"https:\/\/www.accesrail.com\/fr\/products\/sj-swedish-rail\/\">SJ Swedish Rail<\/a><\/li>\n<\/ul>","protected":false},"excerpt":{"rendered":"<p>SJ is the largest train operator in Sweden prodiving 55% or all train services in Sweden. Its railway for passenger traffic extends from Narvik, in the north, to Copenhagen in the south, plus a night train to Berlin. Approximately 100,000 journeys take place on SJ services every day. SJ offers eco-friendly travel as it carries [&hellip;]<\/p>\n","protected":false},"author":4,"featured_media":0,"parent":42,"menu_order":0,"comment_status":"closed","ping_status":"closed","template":"","meta":{"footnotes":""},"class_list":["post-62","page","type-page","status-publish","hentry"],"_links":{"self":[{"href":"https:\/\/www.accesrail.com\/fr\/wp-json\/wp\/v2\/pages\/62","targetHints":{"allow":["GET"]}}],"collection":[{"href":"https:\/\/www.accesrail.com\/fr\/wp-json\/wp\/v2\/pages"}],"about":[{"href":"https:\/\/www.accesrail.com\/fr\/wp-json\/wp\/v2\/types\/page"}],"author":[{"embeddable":true,"href":"https:\/\/www.accesrail.com\/fr\/wp-json\/wp\/v2\/users\/4"}],"replies":[{"embeddable":true,"href":"https:\/\/www.accesrail.com\/fr\/wp-json\/wp\/v2\/comments?post=62"}],"version-history":[{"count":4,"href":"https:\/\/www.accesrail.com\/fr\/wp-json\/wp\/v2\/pages\/62\/revisions"}],"predecessor-version":[{"id":778,"href":"https:\/\/www.accesrail.com\/fr\/wp-json\/wp\/v2\/pages\/62\/revisions\/778"}],"up":[{"embeddable":true,"href":"https:\/\/www.accesrail.com\/fr\/wp-json\/wp\/v2\/pages\/42"}],"wp:attachment":[{"href":"https:\/\/www.accesrail.com\/fr\/wp-json\/wp\/v2\/media?parent=62"}],"curies":[{"name":"wp","href":"https:\/\/api.w.org\/{rel}","templated":true}]}}