{"id":624,"date":"2016-05-04T13:16:29","date_gmt":"2016-05-04T13:16:29","guid":{"rendered":"http:\/\/test.accesrail.com\/?page_id=624"},"modified":"2023-03-13T19:54:25","modified_gmt":"2023-03-13T19:54:25","slug":"jr-west-haruka-ticket","status":"publish","type":"page","link":"https:\/\/www.accesrail.com\/fr\/products\/jr-west-haruka-ticket\/","title":{"rendered":"Billet JR-WEST Haruka"},"content":{"rendered":"<div style=\"background:lightyellow; padding:10px; border:1px solid lightblue;\">\nLe produit est actuellement suspendu\n<\/div>\n<p><\/p>\n<ul class=\"nav nav-tabs\">\n<li class=\"active\"><a href=\"#tab_1_1\" data-toggle=\"tab\">Informations sur le produit<\/a><\/li>\n<li class=\"\"><a href=\"#tab_1_2\" data-toggle=\"tab\">Disponibilit\u00e9<\/a><\/li>\n<li class=\"\"><a href=\"#tab_1_3\" data-toggle=\"tab\">Informations sur les r\u00e9servations<\/a><\/li>\n<li class=\"\"><a href=\"#tab_1_4\" data-toggle=\"tab\">Enregistrement et voyage<\/a><\/li>\n<li class=\"\"><a href=\"#tab_1_5\" data-toggle=\"tab\">Manuel de vente<\/a><\/li>\n<\/ul>\n<div class=\"tab-content\">\n<div id=\"tab_1_1\" class=\"tab-pane fade active in\">\n<div style=\"clear: both; text-align: right;\"><img loading=\"lazy\" decoding=\"async\" class=\"alignnone wp-image-601 size-full\" src=\"\/wp-content\/uploads\/2016\/05\/JR_west_logo_product.png\" width=\"79\" height=\"57\" \/><\/div>\n<h3>A propos de<\/h3>\n<p>Le billet Haruka, propos\u00e9 par JR-WEST (WEST JAPAN RAILWAY COMPANY), est un billet point \u00e0 point \u00e0 bord du train express limit\u00e9 Haruka entre la gare de l'a\u00e9roport du Kansai et la gare de Kyoto. Il n'est actuellement vendu qu'en liaison avec un vol de Japan Airlines (JL). Depuis la gare de l'a\u00e9roport du Kansai, il faut environ 75 minutes pour se rendre \u00e0 Kyoto. Soixante trains (30 allers-retours) circulent chaque jour.<\/p>\n<h3>Destinations<\/h3>\n<ul>\n<li>Gare de l'a\u00e9roport de Kansai<\/li>\n<li>Gare de Kyoto<\/li>\n<\/ul>\n<p><img loading=\"lazy\" decoding=\"async\" src=\"\/wp-content\/uploads\/2021\/05\/Haruka.jpg\" alt=\"\" width=\"1024\" height=\"683\" class=\"alignnone size-full wp-image-3118\" srcset=\"https:\/\/www.accesrail.com\/wp-content\/uploads\/2021\/05\/Haruka.jpg 1024w, https:\/\/www.accesrail.com\/wp-content\/uploads\/2021\/05\/Haruka-300x200.jpg 300w, https:\/\/www.accesrail.com\/wp-content\/uploads\/2021\/05\/Haruka-768x512.jpg 768w\" sizes=\"auto, (max-width: 1024px) 100vw, 1024px\" \/><br \/>\n2021 SANRIO CO., LTD. APPROVAL NO. L627309<\/p>\n<\/div>\n<div id=\"tab_1_2\" class=\"tab-pane fade\">\n<h3>Les billets JR-WEST HARUKA sont disponibles comme suit :<\/h3>\n<ul>\n<li>Interligne : <a class=\"btn green-meadow\" href=\"#\" data-toggle=\"modal\" style=\"cursor:default\">Interline<\/a><\/li>\n<\/ul>\n<h3>Participation au SMD<\/h3>\n<ul class=\"notranslate\">\n<li>Abacus<\/li>\n<li>Amadeus<\/li>\n<li>Apollo<\/li>\n<li>Axess<\/li>\n<li>Galil\u00e9e<\/li>\n<li>Sabre Infini<\/li>\n<li>Sirena Travel<\/li>\n<li>SITA<\/li>\n<li>Ciel de voyage<\/li>\n<li>Topas<\/li>\n<li>Espace mondial de l'\u00e9ducation<\/li>\n<\/ul>\n<h3>\u00c9ligibilit\u00e9<\/h3>\n<ul>\n<li>Uniquement disponible pour les agences de voyage de la zone TC1 (Am\u00e9rique du Nord\/Sud\/Centrale)<\/li>\n<li>Doit \u00eatre vendu en liaison avec un vol JL et faire l'objet d'une immatriculation JL (JL- 131).<\/li>\n<\/ul>\n<\/div>\n<div id=\"tab_1_3\" class=\"tab-pane fade\">\n<h3 class=\"notranslate\">Gamme de trains<\/h3>\n<ul>\n<li>9B vol 9970-9979<\/li>\n<\/ul>\n<h3>R\u00e9servation de cours<\/h3>\n<ul>\n<li>Y - Classe standard \/ \"Classe ordinaire\".<\/li>\n<\/ul>\n<h3>R\u00e9ductions<\/h3>\n<ul>\n<li>B\u00e9b\u00e9 et enfant gratuit (0-5 ans), Enfant 50% sur le tarif adulte (6-11 ans)<\/li>\n<\/ul>\n<h3>Affichage de la disponibilit\u00e9 du GDS<\/h3>\n<p>L'image ci-dessous identifie les vols en train disponibles r\u00e9servables avec le produit JR-WEST Haruka :<\/p>\n<p><img loading=\"lazy\" decoding=\"async\" class=\"alignnone wp-image-627 size-full\" src=\"\/wp-content\/uploads\/2016\/05\/Haruka_availability.jpg\" width=\"682\" height=\"138\" srcset=\"https:\/\/www.accesrail.com\/wp-content\/uploads\/2016\/05\/Haruka_availability.jpg 682w, https:\/\/www.accesrail.com\/wp-content\/uploads\/2016\/05\/Haruka_availability-300x61.jpg 300w\" sizes=\"auto, (max-width: 682px) 100vw, 682px\" \/><\/p>\n<h3>R\u00e9servation de PNR<\/h3>\n<p>L'image ci-dessous repr\u00e9sente un PNR r\u00e9serv\u00e9 sur le GDS par un agent de voyage ou un agent de billetterie d'une compagnie a\u00e9rienne (ATO).<\/p>\n<p><img loading=\"lazy\" decoding=\"async\" class=\"alignnone wp-image-628 size-full\" src=\"\/wp-content\/uploads\/2016\/05\/Haruka_PNR.jpg\" width=\"596\" height=\"248\" srcset=\"https:\/\/www.accesrail.com\/wp-content\/uploads\/2016\/05\/Haruka_PNR.jpg 596w, https:\/\/www.accesrail.com\/wp-content\/uploads\/2016\/05\/Haruka_PNR-300x125.jpg 300w\" sizes=\"auto, (max-width: 596px) 100vw, 596px\" \/><\/p>\n<h3>SSR CTCE<\/h3>\n<p>Lors de la d\u00e9livrance d'une plaque 9B\/450, veuillez utiliser le format \"SSR CTCE\" au moment de la r\u00e9servation afin de communiquer l'adresse \u00e9lectronique du PAX \u00e0 9B, de sorte que 9B puisse envoyer un courrier \u00e9lectronique 72 heures avant le d\u00e9part pour rappeler au passager qu'il doit se pr\u00e9senter \u00e0 l'enregistrement obligatoire le jour de son d\u00e9part. <a href=\"https:\/\/www.accesrail.com\/fr\/\">accesrail.com<\/a>.<\/p>\n<h3>Remboursements<\/h3>\n<ul>\n<li>Selon les r\u00e8gles tarifaires.<\/li>\n<\/ul>\n<\/div>\n<div id=\"tab_1_4\" class=\"tab-pane fade\">\n<h3>Enregistrement<\/h3>\n<p>Un num\u00e9ro de prise en charge sera g\u00e9n\u00e9r\u00e9 par direction. Cela signifie que, pour un voyage aller-retour, le voyageur recevra deux num\u00e9ros de prise en charge. Comme indiqu\u00e9 au cours de la proc\u00e9dure de r\u00e9servation, le passager ne peut s'enregistrer que sur les sites suivants <a href=\"https:\/\/check-in.accesrail.com\" target=\"_blank\" rel=\"noopener noreferrer\">check-in.accesrail.com<\/a> dans les 72 heures suivant la date de leur voyage.<\/p>\n<p>Le passager saisit son nom et son pr\u00e9nom ainsi que l'une des informations suivantes :<\/p>\n<ul>\n<li>Num\u00e9ro de billet \u00e9lectronique de la compagnie a\u00e9rienne (13 chiffres)<\/li>\n<li>Localisateur de PNR des compagnies a\u00e9riennes<\/li>\n<\/ul>\n<div class=\"portlet light\">\n<div class=\"portlet-title\">\n<div class=\"caption\"><span class=\"caption-subject bold font-yellow-casablanca uppercase\"> Enregistrement <\/span><\/div>\n<\/div>\n<div class=\"portlet-body\">\n<p><img decoding=\"async\" src=\"\/wp-content\/uploads\/2015\/12\/Check-in.png\" alt=\"\" width=\"50%\" align=\"left\" \/><\/p>\n<div class=\"mt-element-list\">\n<div class=\"mt-list-container list-default ext-1 group\">\n<div id=\"completed\" class=\"panel-collapse collapse in\">\n<ul>\n<li class=\"mt-list-item done\">\n<div class=\"list-icon-container\"><\/div>\n<div class=\"list-item-content\">\n<p>Visites de passagers <a href=\"https:\/\/check-in.accesrail.com\" target=\"_blank\" rel=\"noopener noreferrer\">check-in.accesrail.com<\/a> dans les 72 heures pr\u00e9c\u00e9dant le d\u00e9part.<\/p>\n<\/div>\n<\/li>\n<li class=\"mt-list-item done\">\n<div class=\"list-icon-container\"><\/div>\n<div class=\"list-item-content\">\n<p>Le passager saisit son nom et son pr\u00e9nom ainsi que l'un des \u00e9l\u00e9ments suivants : Localisateur PNR ou num\u00e9ro de billet \u00e9lectronique.<\/p>\n<\/div>\n<\/li>\n<li class=\"mt-list-item done\">\n<div class=\"list-icon-container\"><\/div>\n<div class=\"list-item-content\">\n<p>Le passager imprime le document de voyage, qui est exig\u00e9 pour l'embarquement.<\/p>\n<\/div>\n<\/li>\n<\/ul>\n<\/div>\n<p>&nbsp;\n<\/p><\/div>\n<\/div>\n<p>&nbsp;<\/p>\n<\/div>\n<\/div>\n<p>&nbsp;<\/p>\n<p>&nbsp;<\/p>\n<h3>Documents de voyage<\/h3>\n<p>Voir un exemple de carte d'embarquement :<br \/>\n<img loading=\"lazy\" decoding=\"async\" src=\"\/wp-content\/uploads\/2016\/05\/Boarding-pass-2-915x1024.jpg\" alt=\"\" width=\"640\" height=\"716\" class=\"alignnone size-large wp-image-630\" srcset=\"https:\/\/www.accesrail.com\/wp-content\/uploads\/2016\/05\/Boarding-pass-2-915x1024.jpg 915w, https:\/\/www.accesrail.com\/wp-content\/uploads\/2016\/05\/Boarding-pass-2-268x300.jpg 268w, https:\/\/www.accesrail.com\/wp-content\/uploads\/2016\/05\/Boarding-pass-2-768x859.jpg 768w, https:\/\/www.accesrail.com\/wp-content\/uploads\/2016\/05\/Boarding-pass-2.jpg 1830w\" sizes=\"auto, (max-width: 640px) 100vw, 640px\" \/><\/p>\n<h3>P\u00e9riode de validit\u00e9<\/h3>\n<ul>\n<li>Valable pour un voyage \u00e0 la date et \u00e0 l'heure sp\u00e9cifiques imprim\u00e9es sur le billet.<\/li>\n<\/ul>\n<h3>Groupes<\/h3>\n<ul>\n<li>Aucune r\u00e9servation de groupe n'est autoris\u00e9e. Jusqu'\u00e0 99 passagers avec des noms uniques peuvent \u00eatre \u00e9mis sur le m\u00eame PNR.<\/li>\n<\/ul>\n<h3>Politique en mati\u00e8re de bagages<\/h3>\n<p>Il y a de l'espace pour stocker les bagages dans le train. Les voyageurs apportent leurs propres bagages dans le train et doivent \u00eatre capables de les manipuler sans aide.<\/p>\n<h3>Transferts depuis l'a\u00e9roport<\/h3>\n<p>Comment faire la navette entre les terminaux des a\u00e9roports et les gares ferroviaires :<\/p>\n<p><strong>Depuis l'a\u00e9roport de Kansai : <\/strong><\/p>\n<ul>\n<li>La gare JR-WEST est situ\u00e9e dans le b\u00e2timent du terminal 1 de l'a\u00e9roport du Kansai.<\/li>\n<li>Les passagers sont invit\u00e9s \u00e0 se rendre \u00e0 la billetterie JR et \u00e0 se diriger vers le quai 4. Le train Haruka les conduira \u00e0 la gare de Kyoto.<\/li>\n<li>Les passagers ne peuvent pas utiliser ce produit pour prendre le train Haruka \u00e0 destination d'autres villes telles qu'Osaka, Kobe ou Nara. <a href=\"https:\/\/accesrail.com\/wp-content\/uploads\/2016\/05\/Kansai-Airport.jpg\" target=\"_blank\" rel=\"noopener noreferrer\">Cliquez ici pour voir la carte<\/a>.<\/li>\n<\/ul>\n<p><strong>Depuis la gare de Kyoto :<\/strong><\/p>\n<ul>\n<li>\u00c0 la gare de Kyoto, les passagers peuvent passer par la porte centrale ou la porte ouest. Le train Haruka part du quai 30. <a href=\"https:\/\/accesrail.com\/wp-content\/uploads\/2016\/05\/Kyoto-station.jpg\" target=\"_blank\" rel=\"noopener noreferrer\">Cliquez ici pour voir la carte<\/a>.<\/li>\n<\/ul>\n<\/div>\n<div id=\"tab_1_5\" class=\"tab-pane fade\">\n<h3> <\/h3>\n<ul>\n<li><a href=\"#\" rel=\"nofollow\" onclick=\"window.print(); return false;\" class=\"noslimstat\">T\u00e9l\u00e9charger le manuel de vente<\/a><\/li>\n<\/ul>\n<h3>WEST JAPAN RAILWAY COMPANY CONDITIONS DE TRANSPORT<\/h3>\n<p>Le billet Haruka n'est valable que pour le passager dont le nom figure sur le billet. Le billet Haruka n'est valable que pour les places r\u00e9guli\u00e8res, sans r\u00e9servation, dans le train Haruka entre l'a\u00e9roport international du Kansai et la gare de Kyoto. Le billet Haruka n'est valable que pour le segment et la direction indiqu\u00e9s sur le billet. Les passagers ne peuvent pas descendre avant leur destination pr\u00e9vue. Le billet n'est alors plus valable. Les passagers ne peuvent pas changer de train en utilisant ce billet. Si les passagers s'assoient sur des si\u00e8ges r\u00e9serv\u00e9s ou dans la voiture verte, ils devront s'acquitter d'un suppl\u00e9ment. Si les clients prennent le train rapide Kansai Airport Express, la diff\u00e9rence ne sera pas rembours\u00e9e. La p\u00e9riode de validit\u00e9 ne peut \u00eatre modifi\u00e9e. Si le passager perd son billet, il ne peut pas le remplacer. Si le vol de correspondance est fortement retard\u00e9 et que le passager ne peut pas prendre le train Haruka le jour pr\u00e9vu, le billet Haruka sera valable le jour suivant. Si le passager n'est pas en mesure de prendre le train Haruka en raison d'un retard ou d'un arr\u00eat de la WEST JAPAN RAILWAY COMPANY, il doit obtenir une preuve aupr\u00e8s du personnel du guichet JR ou de la billetterie JR \u00e0 l'a\u00e9roport international du Kansai ou \u00e0 la gare de Kyoto, et demander un remboursement aupr\u00e8s de l'agence de voyage \u00e9mettrice. Les passagers doivent se munir d'une pi\u00e8ce d'identit\u00e9 avec photo et la pr\u00e9senter au personnel de la gare si on le leur demande.<\/p>\n<\/div>\n<\/div>","protected":false},"excerpt":{"rendered":"<p>Product is currently suspended Product Information Availability Booking Information Check-in and Travel Sales Manual About The Haruka Ticket, offered by JR-WEST (WEST JAPAN RAILWAY COMPANY), is a point to point ticket aboard the Haruka limited express train between Kansai Airport station and Kyoto station, currently only sold in conjunction with a Japan Airlines (JL) flight. [&hellip;]<\/p>\n","protected":false},"author":4,"featured_media":0,"parent":8,"menu_order":0,"comment_status":"closed","ping_status":"closed","template":"","meta":{"footnotes":""},"class_list":["post-624","page","type-page","status-publish","hentry"],"_links":{"self":[{"href":"https:\/\/www.accesrail.com\/fr\/wp-json\/wp\/v2\/pages\/624","targetHints":{"allow":["GET"]}}],"collection":[{"href":"https:\/\/www.accesrail.com\/fr\/wp-json\/wp\/v2\/pages"}],"about":[{"href":"https:\/\/www.accesrail.com\/fr\/wp-json\/wp\/v2\/types\/page"}],"author":[{"embeddable":true,"href":"https:\/\/www.accesrail.com\/fr\/wp-json\/wp\/v2\/users\/4"}],"replies":[{"embeddable":true,"href":"https:\/\/www.accesrail.com\/fr\/wp-json\/wp\/v2\/comments?post=624"}],"version-history":[{"count":26,"href":"https:\/\/www.accesrail.com\/fr\/wp-json\/wp\/v2\/pages\/624\/revisions"}],"predecessor-version":[{"id":3371,"href":"https:\/\/www.accesrail.com\/fr\/wp-json\/wp\/v2\/pages\/624\/revisions\/3371"}],"up":[{"embeddable":true,"href":"https:\/\/www.accesrail.com\/fr\/wp-json\/wp\/v2\/pages\/8"}],"wp:attachment":[{"href":"https:\/\/www.accesrail.com\/fr\/wp-json\/wp\/v2\/media?parent=624"}],"curies":[{"name":"wp","href":"https:\/\/api.w.org\/{rel}","templated":true}]}}