{"id":64,"date":"2015-12-22T20:07:02","date_gmt":"2015-12-22T20:07:02","guid":{"rendered":"http:\/\/test.accesrail.com\/?page_id=64"},"modified":"2018-09-10T15:25:09","modified_gmt":"2018-09-10T15:25:09","slug":"sncb-belgian-railways","status":"publish","type":"page","link":"https:\/\/www.accesrail.com\/fr\/partners\/sncb-belgian-railways\/","title":{"rendered":"SNCB - Chemins de fer belges"},"content":{"rendered":"<p><img loading=\"lazy\" decoding=\"async\" width=\"150\" height=\"98\" class=\"alignnone wp-image-536 size-full\" src=\"\/wp-content\/uploads\/2015\/12\/SNCB_logo.png\" alt=\"SNCB_logo\"  \/><\/p>\n<p>Le train fait partie int\u00e9grante de la vie quotidienne des Belges. En 2004, plus de 170 millions de voyageurs ont choisi le train pour se rendre \u00e0 leur travail, pour rejoindre une capitale europ\u00e9enne et pour profiter de leur temps libre et de leurs vacances. Dans le m\u00eame temps, plus de 55 millions de tonnes de marchandises ont \u00e9t\u00e9 transport\u00e9es par la SNCB. Ces chiffres impressionnants repr\u00e9sentent une responsabilit\u00e9 majeure pour le Groupe SNCB : tout cela dans le but de faire de chaque client un client satisfait.<\/p>\n<h3>Produits<\/h3>\n<ul>\n<li><a class=\"notranslate\" href=\"https:\/\/www.accesrail.com\/fr\/products\/bene-netherlands-belgium\/\">BeNe Pays-Bas - Belgique<\/a><\/li>\n<\/ul>","protected":false},"excerpt":{"rendered":"<p>The train is a major part of everyday life for the Belgians. In 2004, more than 170 million travellers chose the train to go to their work, to join a European capital and to make the most of their leisure time and their holidays. At same time, more than 55 million tons of goods were [&hellip;]<\/p>\n","protected":false},"author":4,"featured_media":0,"parent":42,"menu_order":0,"comment_status":"closed","ping_status":"closed","template":"","meta":{"footnotes":""},"class_list":["post-64","page","type-page","status-publish","hentry"],"_links":{"self":[{"href":"https:\/\/www.accesrail.com\/fr\/wp-json\/wp\/v2\/pages\/64","targetHints":{"allow":["GET"]}}],"collection":[{"href":"https:\/\/www.accesrail.com\/fr\/wp-json\/wp\/v2\/pages"}],"about":[{"href":"https:\/\/www.accesrail.com\/fr\/wp-json\/wp\/v2\/types\/page"}],"author":[{"embeddable":true,"href":"https:\/\/www.accesrail.com\/fr\/wp-json\/wp\/v2\/users\/4"}],"replies":[{"embeddable":true,"href":"https:\/\/www.accesrail.com\/fr\/wp-json\/wp\/v2\/comments?post=64"}],"version-history":[{"count":6,"href":"https:\/\/www.accesrail.com\/fr\/wp-json\/wp\/v2\/pages\/64\/revisions"}],"predecessor-version":[{"id":2034,"href":"https:\/\/www.accesrail.com\/fr\/wp-json\/wp\/v2\/pages\/64\/revisions\/2034"}],"up":[{"embeddable":true,"href":"https:\/\/www.accesrail.com\/fr\/wp-json\/wp\/v2\/pages\/42"}],"wp:attachment":[{"href":"https:\/\/www.accesrail.com\/fr\/wp-json\/wp\/v2\/media?parent=64"}],"curies":[{"name":"wp","href":"https:\/\/api.w.org\/{rel}","templated":true}]}}