{"id":66,"date":"2015-12-22T20:07:28","date_gmt":"2015-12-22T20:07:28","guid":{"rendered":"http:\/\/test.accesrail.com\/?page_id=66"},"modified":"2023-10-10T14:50:56","modified_gmt":"2023-10-10T14:50:56","slug":"thalys","status":"publish","type":"page","link":"https:\/\/www.accesrail.com\/fr\/partners\/thalys\/","title":{"rendered":"Eurostar"},"content":{"rendered":"<p><img loading=\"lazy\" decoding=\"async\" class=\"alignnone wp-image-565 size-full\" src=\"\/wp-content\/uploads\/2023\/10\/Eurostar-Logo_Cream-on-Navy_RGB.png \" alt=\"\" width=\"229\" height=\"63\" \/><\/p>\n<p>Eurostar (anciennement Thalys) fournit des services commerciaux de transport ferroviaire de passagers pour le compte de la SNCB et de la SNCF vers les destinations suivantes : Paris, Bruxelles, Amsterdam et Cologne. Eurostar est un service commun offert par les chemins de fer belges, fran\u00e7ais et n\u00e9erlandais.<\/p>\n<p>Eurostar est membre de Railteam, une coop\u00e9ration entre les principaux fournisseurs de services ferroviaires en Europe, la Communaut\u00e9 europ\u00e9enne des chemins de fer et des infrastructures (CER) et l'Union internationale des chemins de fer (UIC).<\/p>\n<p>D\u00e8s sa cr\u00e9ation, Eurostar a \u00e9t\u00e9 un projet majeur en tant que premi\u00e8re entreprise ferroviaire offrant un service \u00e0 grande vitesse vers 4 pays europ\u00e9ens, sans interruption et sans frais de fronti\u00e8re. Sa technologie de pointe est unique en Europe avec un total de 26 lignes, dont 9 lignes reliant Paris\/Bruxelles\/Amsterdam et 17 lignes reliant Paris\/Bruxelles\/Cologne\/Amsterdam, capables de circuler dans les 4 pays : elles sont adapt\u00e9es avec 4 syst\u00e8mes d'\u00e9lectrification (traction quadricourant) et \u00e9quip\u00e9es de 9 syst\u00e8mes de signalisation mont\u00e9s avec le nouveau syst\u00e8me europ\u00e9en de gestion du trafic ferroviaire (ERTMS).<\/p>\n<h3>Produits<\/h3>\n<ul>\n<li><a class=\"notranslate\" href=\"https:\/\/www.accesrail.com\/fr\/products\/thalys-netherlands-belgium\/\">Eurostar Pays-Bas - Belgique<\/a><\/li>\n<\/ul>","protected":false},"excerpt":{"rendered":"<p>Eurostar(former Thalys) provides commercial passenger rail transport services on behalf of SNCB and SNCF to the following destinations: Paris, Brussels, Amsterdam and Cologne. Eurostar is a joint service offered by the Belgian, French and Dutch railways. Eurostar is a member of Railteam, a cooperation between the principal railway providers in Europe, the Community of European [&hellip;]<\/p>\n","protected":false},"author":4,"featured_media":0,"parent":42,"menu_order":0,"comment_status":"closed","ping_status":"closed","template":"","meta":{"footnotes":""},"class_list":["post-66","page","type-page","status-publish","hentry"],"_links":{"self":[{"href":"https:\/\/www.accesrail.com\/fr\/wp-json\/wp\/v2\/pages\/66","targetHints":{"allow":["GET"]}}],"collection":[{"href":"https:\/\/www.accesrail.com\/fr\/wp-json\/wp\/v2\/pages"}],"about":[{"href":"https:\/\/www.accesrail.com\/fr\/wp-json\/wp\/v2\/types\/page"}],"author":[{"embeddable":true,"href":"https:\/\/www.accesrail.com\/fr\/wp-json\/wp\/v2\/users\/4"}],"replies":[{"embeddable":true,"href":"https:\/\/www.accesrail.com\/fr\/wp-json\/wp\/v2\/comments?post=66"}],"version-history":[{"count":12,"href":"https:\/\/www.accesrail.com\/fr\/wp-json\/wp\/v2\/pages\/66\/revisions"}],"predecessor-version":[{"id":3519,"href":"https:\/\/www.accesrail.com\/fr\/wp-json\/wp\/v2\/pages\/66\/revisions\/3519"}],"up":[{"embeddable":true,"href":"https:\/\/www.accesrail.com\/fr\/wp-json\/wp\/v2\/pages\/42"}],"wp:attachment":[{"href":"https:\/\/www.accesrail.com\/fr\/wp-json\/wp\/v2\/media?parent=66"}],"curies":[{"name":"wp","href":"https:\/\/api.w.org\/{rel}","templated":true}]}}