{"id":70,"date":"2015-12-22T20:09:54","date_gmt":"2015-12-22T20:09:54","guid":{"rendered":"http:\/\/test.accesrail.com\/?page_id=70"},"modified":"2020-03-02T20:30:30","modified_gmt":"2020-03-02T20:30:30","slug":"via-rail-canada","status":"publish","type":"page","link":"https:\/\/www.accesrail.com\/fr\/partners\/via-rail-canada\/","title":{"rendered":"VIA Rail Canada"},"content":{"rendered":"<p><img loading=\"lazy\" decoding=\"async\" class=\"alignnone size-full wp-image-519\" src=\"\/wp-content\/uploads\/2015\/12\/Via_rail_logo.png\" alt=\"Via_rail_logo\" width=\"200\" height=\"85\" \/><\/p>\n<p>En tant que service national de transport ferroviaire de passagers, VIA Rail Canada a pour mandat de fournir un service de transport de passagers s\u00fbr, efficace et \u00e9conomique, dans les deux langues officielles de notre pays. VIA exploite des trains interurbains et r\u00e9gionaux et transporte en toute s\u00e9curit\u00e9 pr\u00e8s de quatre millions de passagers par an. La soci\u00e9t\u00e9 a re\u00e7u sept prix de s\u00e9curit\u00e9 de l'Association des chemins de fer du Canada au cours des huit derni\u00e8res ann\u00e9es, et elle est laur\u00e9ate du prix Agent's Choice Award 2012 d\u00e9cern\u00e9 par les agents de voyage canadiens et pr\u00e9sent\u00e9 par Baxter Travel Media.<\/p>\n<h3>Service interurbain de VIA Rail (corridor)<\/h3>\n<p>Le Corridor relie Windsor, London, Toronto, Kingston, Ottawa, Montr\u00e9al et la ville de Qu\u00e9bec, offrant un service fr\u00e9quent et pratique entre ces diff\u00e9rentes villes pour les voyageurs d'affaires et de loisirs. D'une ville \u00e0 l'autre, d'une saison \u00e0 l'autre, les panoramas changeants au-del\u00e0 de la fen\u00eatre sont certains de compl\u00e9ter un voyage relaxant et m\u00e9morable. Les services de corridor de VIA Rail donnent un aper\u00e7u de la diversit\u00e9 de la culture canadienne tout en mettant en valeur l'une des r\u00e9gions les plus populaires du pays. Qu'il s'agisse d'une excursion d'une journ\u00e9e aux chutes Niagara, l'une des sept merveilles du monde, ou d'un voyage prolong\u00e9 \u00e0 Toronto, Ottawa, Montr\u00e9al, Qu\u00e9bec ou toute autre ville cosmopolite situ\u00e9e \u00e0 une courte distance en train, la meilleure fa\u00e7on de d\u00e9couvrir les paysages uniques et la culture color\u00e9e de cette r\u00e9gion est de faire appel \u00e0 VIA Rail. Avec plus de 370 d\u00e9parts hebdomadaires dans le Corridor seulement, les voyageurs ont la possibilit\u00e9 de cr\u00e9er leur propre escapade et les possibilit\u00e9s sont infinies.<\/p>\n<h3>Produits<\/h3>\n<ul>\n<li><a class=\"notranslate\" href=\"https:\/\/www.accesrail.com\/fr\/products\/via-rail\/\">Via Rail<\/a><\/li>\n<\/ul>","protected":false},"excerpt":{"rendered":"<p>As Canada\u2019s national rail passenger service, VIA Rail Canada is mandated to provide safe, efficient and economical passenger transportation service, in both official languages of our country. VIA operates intercity and regional, and safely transports nearly four million passengers annually. The Corporation was awarded seven Safety Awards by the Railway Association of Canada over the [&hellip;]<\/p>\n","protected":false},"author":4,"featured_media":0,"parent":42,"menu_order":0,"comment_status":"closed","ping_status":"closed","template":"","meta":{"footnotes":""},"class_list":["post-70","page","type-page","status-publish","hentry"],"_links":{"self":[{"href":"https:\/\/www.accesrail.com\/fr\/wp-json\/wp\/v2\/pages\/70","targetHints":{"allow":["GET"]}}],"collection":[{"href":"https:\/\/www.accesrail.com\/fr\/wp-json\/wp\/v2\/pages"}],"about":[{"href":"https:\/\/www.accesrail.com\/fr\/wp-json\/wp\/v2\/types\/page"}],"author":[{"embeddable":true,"href":"https:\/\/www.accesrail.com\/fr\/wp-json\/wp\/v2\/users\/4"}],"replies":[{"embeddable":true,"href":"https:\/\/www.accesrail.com\/fr\/wp-json\/wp\/v2\/comments?post=70"}],"version-history":[{"count":5,"href":"https:\/\/www.accesrail.com\/fr\/wp-json\/wp\/v2\/pages\/70\/revisions"}],"predecessor-version":[{"id":2620,"href":"https:\/\/www.accesrail.com\/fr\/wp-json\/wp\/v2\/pages\/70\/revisions\/2620"}],"up":[{"embeddable":true,"href":"https:\/\/www.accesrail.com\/fr\/wp-json\/wp\/v2\/pages\/42"}],"wp:attachment":[{"href":"https:\/\/www.accesrail.com\/fr\/wp-json\/wp\/v2\/media?parent=70"}],"curies":[{"name":"wp","href":"https:\/\/api.w.org\/{rel}","templated":true}]}}