{"id":72,"date":"2015-12-22T20:10:21","date_gmt":"2015-12-22T20:10:21","guid":{"rendered":"http:\/\/test.accesrail.com\/?page_id=72"},"modified":"2019-12-05T16:44:23","modified_gmt":"2019-12-05T16:44:23","slug":"avanti-west-coast","status":"publish","type":"page","link":"https:\/\/www.accesrail.com\/fr\/partners\/avanti-west-coast\/","title":{"rendered":"Avanti C\u00f4te Ouest"},"content":{"rendered":"<p><img loading=\"lazy\" decoding=\"async\" src=\"\/wp-content\/uploads\/2019\/12\/WCP_Primary_POS_RGB-300x206.jpg\" alt=\"\" width=\"300\" height=\"206\" class=\"alignright size-medium wp-image-2586\" srcset=\"https:\/\/www.accesrail.com\/wp-content\/uploads\/2019\/12\/WCP_Primary_POS_RGB-300x206.jpg 300w, https:\/\/www.accesrail.com\/wp-content\/uploads\/2019\/12\/WCP_Primary_POS_RGB-1024x705.jpg 1024w, https:\/\/www.accesrail.com\/wp-content\/uploads\/2019\/12\/WCP_Primary_POS_RGB-768x529.jpg 768w, https:\/\/www.accesrail.com\/wp-content\/uploads\/2019\/12\/WCP_Primary_POS_RGB.jpg 1501w\" sizes=\"auto, (max-width: 300px) 100vw, 300px\" \/><\/p>\n<p>Alors, o\u00f9 allez-vous ? Quelle que soit votre destination, vous profiterez d'un voyage plus rapide, plus \u00e9cologique et plus confortable lorsque vous vous y rendrez avec Avanti West Coast sur la West Coast Mainline. <\/p>\n<p>Nous avons parcouru tout le pays \u00e0 toute vitesse dans notre <a href=\"http:\/\/www.virgintrains.co.uk\/trains\/\">Pendolino<\/a>\u00a0et\u00a0<a href=\"http:\/\/www.virgintrains.co.uk\/trains\/\">Super Voyager<\/a>\u00a0qui offrent le confort \u00e0 grande vitesse et transportent les passagers entre les principales villes du Royaume-Uni avec style. <\/p>\n<p>Avanti West Coast est une entreprise qui sait faire confiance. En partenariat avec AccesRail, Avanti West Coast ouvre \u00e0 un public international un certain nombre de possibilit\u00e9s de voyage qui \u00e9taient auparavant tout simplement impossibles.<\/p>\n<h3>Produits<\/h3>\n<ul>\n<li><a class=\"notranslate\" href=\"https:\/\/www.accesrail.com\/fr\/products\/avanti-west-coast\/\">Avanti C\u00f4te Ouest<\/a><\/li>\n<\/ul>","protected":false},"excerpt":{"rendered":"<p>So, where are you heading? Whatever the destination, you\u2019ll enjoy a faster, greener and more comfortable journey when you head there with Avanti West Coast on the West Coast Mainline. We\u2019ve been speeding all over the country in our Pendolino\u00a0and\u00a0Super Voyager\u00a0trains providing comfort at high speed, transporting passengers between key UK cities in style. Avanti [&hellip;]<\/p>\n","protected":false},"author":4,"featured_media":0,"parent":42,"menu_order":0,"comment_status":"closed","ping_status":"closed","template":"","meta":{"footnotes":""},"class_list":["post-72","page","type-page","status-publish","hentry"],"_links":{"self":[{"href":"https:\/\/www.accesrail.com\/fr\/wp-json\/wp\/v2\/pages\/72","targetHints":{"allow":["GET"]}}],"collection":[{"href":"https:\/\/www.accesrail.com\/fr\/wp-json\/wp\/v2\/pages"}],"about":[{"href":"https:\/\/www.accesrail.com\/fr\/wp-json\/wp\/v2\/types\/page"}],"author":[{"embeddable":true,"href":"https:\/\/www.accesrail.com\/fr\/wp-json\/wp\/v2\/users\/4"}],"replies":[{"embeddable":true,"href":"https:\/\/www.accesrail.com\/fr\/wp-json\/wp\/v2\/comments?post=72"}],"version-history":[{"count":12,"href":"https:\/\/www.accesrail.com\/fr\/wp-json\/wp\/v2\/pages\/72\/revisions"}],"predecessor-version":[{"id":4033,"href":"https:\/\/www.accesrail.com\/fr\/wp-json\/wp\/v2\/pages\/72\/revisions\/4033"}],"up":[{"embeddable":true,"href":"https:\/\/www.accesrail.com\/fr\/wp-json\/wp\/v2\/pages\/42"}],"wp:attachment":[{"href":"https:\/\/www.accesrail.com\/fr\/wp-json\/wp\/v2\/media?parent=72"}],"curies":[{"name":"wp","href":"https:\/\/api.w.org\/{rel}","templated":true}]}}