{"id":792,"date":"2016-05-17T15:59:30","date_gmt":"2016-05-17T15:59:30","guid":{"rendered":"http:\/\/test.accesrail.com\/?page_id=792"},"modified":"2016-05-17T15:59:46","modified_gmt":"2016-05-17T15:59:46","slug":"great-western-railway","status":"publish","type":"page","link":"https:\/\/www.accesrail.com\/fr\/partners\/great-western-railway\/","title":{"rendered":"Chemin de fer du Grand Ouest"},"content":{"rendered":"<p><img loading=\"lazy\" decoding=\"async\" class=\"alignnone size-full wp-image-455\" src=\"\/wp-content\/uploads\/2015\/12\/logo-fgw.png\" alt=\"logo-fgw\" width=\"120\" height=\"50\" \/><\/p>\n<p>Anciennement First Great Western, la Great Western Railway (GWR) relie Londres \u00e0 l'est \u00e0 Brighton et Gatwick au sud, Carmarthen, Pembroke Dock et Penzance \u00e0 l'ouest et Banbury, Hereford et Worcester au nord.<\/p>\n<p>En partenariat avec AccesRail, GWR offre \u00e0 ses clients la possibilit\u00e9 de voyager directement de l'a\u00e9roport d'Heathrow (via la gare de Londres Paddington) ou de l'a\u00e9roport de Gatwick (via la gare de Reading) vers certaines gares GWR.<\/p>\n<p>Il s'agit de l'un des r\u00e9seaux ferroviaires les plus vastes et les plus complexes du Royaume-Uni, transportant chaque semaine 1,5 million de passagers sur 9 000 services et faisant escale dans 276 gares. GWR est la seule compagnie ferroviaire britannique \u00e0 exploiter des services interurbains \u00e0 grande vitesse, des services de banlieue, des services r\u00e9gionaux et des services de wagons-lits.<\/p>\n<h3>Produits<\/h3>\n<ul>\n<li><a class=\"notranslate\" href=\"https:\/\/www.accesrail.com\/fr\/products\/great-western-rail\/\">Chemin de fer du Grand Ouest<\/a><\/li>\n<\/ul>","protected":false},"excerpt":{"rendered":"<p>Formerly, First Great Western, Great Western Railway (GWR) reaches from London in the east to Brighton and Gatwick in the south, Carmarthen, Pembroke Dock and Penzance in the west and Banbury, Hereford and Worcester in the north. In partnership with AccesRail, GWR offers customers the opportunity to travel directly from Heathrow Airport (via London Paddington [&hellip;]<\/p>\n","protected":false},"author":4,"featured_media":0,"parent":42,"menu_order":0,"comment_status":"closed","ping_status":"closed","template":"","meta":{"footnotes":""},"class_list":["post-792","page","type-page","status-publish","hentry"],"_links":{"self":[{"href":"https:\/\/www.accesrail.com\/fr\/wp-json\/wp\/v2\/pages\/792","targetHints":{"allow":["GET"]}}],"collection":[{"href":"https:\/\/www.accesrail.com\/fr\/wp-json\/wp\/v2\/pages"}],"about":[{"href":"https:\/\/www.accesrail.com\/fr\/wp-json\/wp\/v2\/types\/page"}],"author":[{"embeddable":true,"href":"https:\/\/www.accesrail.com\/fr\/wp-json\/wp\/v2\/users\/4"}],"replies":[{"embeddable":true,"href":"https:\/\/www.accesrail.com\/fr\/wp-json\/wp\/v2\/comments?post=792"}],"version-history":[{"count":2,"href":"https:\/\/www.accesrail.com\/fr\/wp-json\/wp\/v2\/pages\/792\/revisions"}],"predecessor-version":[{"id":794,"href":"https:\/\/www.accesrail.com\/fr\/wp-json\/wp\/v2\/pages\/792\/revisions\/794"}],"up":[{"embeddable":true,"href":"https:\/\/www.accesrail.com\/fr\/wp-json\/wp\/v2\/pages\/42"}],"wp:attachment":[{"href":"https:\/\/www.accesrail.com\/fr\/wp-json\/wp\/v2\/media?parent=792"}],"curies":[{"name":"wp","href":"https:\/\/api.w.org\/{rel}","templated":true}]}}