{"id":8,"date":"2015-12-22T19:37:28","date_gmt":"2015-12-22T19:37:28","guid":{"rendered":"http:\/\/test.accesrail.com\/?page_id=8"},"modified":"2026-03-12T20:04:30","modified_gmt":"2026-03-12T20:04:30","slug":"products","status":"publish","type":"page","link":"https:\/\/www.accesrail.com\/fr\/","title":{"rendered":"<br>"},"content":{"rendered":"<p style=\"text-align: center;\">\n<h3>R\u00e9servez-les sur l'\u00e9cran des compagnies a\u00e9riennes du GDS<\/h3>\n<p>Vous n'avez pas besoin d'accords commerciaux sp\u00e9cifiques. Tous nos produits peuvent \u00eatre vendus comme n'importe quel transporteur a\u00e9rien disponible sur votre pr\u00e9sentoir.<br \/>\nVous pouvez r\u00e9server et acheter des billets pour tous ces produits ferroviaires et de bus sur le 9B. Ces produits sont disponibles aupr\u00e8s d'un certain nombre de partenaires interlignes ou directement sur le 9B-450.<\/p>\n<div class=\"row\">\n<div class=\"col-lg-4 col-md-6 col-sm-6\">\n<h4>Suisse<\/h4>\n<div class=\"mt-element-overlay notranslate\">\n<div class=\"row\">\n<div class=\"col-md-12\">\n<div class=\"mt-overlay-4\">\n<p><img loading=\"lazy\" decoding=\"async\" class=\"alignright size-full wp-image-2738\" src=\"\/wp-content\/uploads\/2020\/08\/sbb.jpg\" alt=\"SBB\" width=\"360\" height=\"180\" \/><\/p>\n<div class=\"mt-overlay\"><a class=\"btn default btn-outline\" style=\"width: 65%; margin-top: 50px;\" href=\"\/fr\/products\/sbb-train-tickets\/\">Billets de train CFF<\/a><\/div>\n<\/div>\n<\/div>\n<\/div>\n<\/div>\n<\/div>\n<div class=\"col-lg-4 col-md-6 col-sm-6\">\n<h4>Cor\u00e9e<\/h4>\n<div class=\"mt-element-overlay notranslate\">\n<div class=\"row\">\n<div class=\"col-md-12\">\n<div class=\"mt-overlay-4\">\n<p><img loading=\"lazy\" decoding=\"async\" class=\"alignright size-full wp-image-2738\" src=\"\/wp-content\/uploads\/2020\/06\/korail-1.jpg\" alt=\"korail\" width=\"360\" height=\"180\" srcset=\"https:\/\/www.accesrail.com\/wp-content\/uploads\/2020\/06\/korail-1.jpg 360w, https:\/\/www.accesrail.com\/wp-content\/uploads\/2020\/06\/korail-1-300x150.jpg 300w\" sizes=\"auto, (max-width: 360px) 100vw, 360px\" \/><\/p>\n<div class=\"mt-overlay\"><a class=\"btn default btn-outline\" style=\"width: 65%; margin-top: 50px;\" href=\"\/fr\/products\/korail\/\">Korail<\/a><\/div>\n<\/div>\n<\/div>\n<\/div>\n<\/div>\n<\/div>\n<div class=\"col-lg-4 col-md-6 col-sm-6\">\n<div class=\"mt-element-overlay notranslate\">\n<div class=\"row\">\n<div class=\"col-md-12\">\n<div class=\"mt-overlay-4\">\n<div class=\"mt-overlay\"><\/div>\n<\/div>\n<\/div>\n<\/div>\n<\/div>\n<\/div>\n<div class=\"col-lg-4 col-md-6 col-sm-6\">\n<h4>Hong Kong<\/h4>\n<div class=\"mt-element-overlay notranslate\">\n<div class=\"row\">\n<div class=\"col-md-12\">\n<div class=\"mt-overlay-4\">\n<p><img decoding=\"async\" src=\"\/wp-content\/uploads\/2025\/08\/HK-Airport-Direct-Bus.jpg\" alt=\"HK Airport Direct\" \/><\/p>\n<div class=\"mt-overlay\"><a class=\"btn default btn-outline\" style=\"width: 65%; margin-top: 50px;\" href=\"https:\/\/www.accesrail.com\/fr\/hk-airport-direct\/\"><br \/>\nA\u00e9roport de HK Direct<br \/>\n<\/a><\/div>\n<\/div>\n<\/div>\n<\/div>\n<\/div>\n<\/div>\n<div class=\"col-lg-4 col-md-6 col-sm-6\">\n<h4>Japon<\/h4>\n<div class=\"mt-element-overlay notranslate\">\n<div class=\"row\">\n<div class=\"col-md-12\">\n<div class=\"mt-overlay-4\">\n<p><img decoding=\"async\" src=\"\/wp-content\/uploads\/2015\/12\/Japan-Kyushu-2.jpg\" \/><\/p>\n<div class=\"mt-overlay\"><a class=\"btn default btn-outline\" style=\"width: 65%; margin-top: 5px;\" href=\"\/fr\/products\/hokuriku-arch-pass\/\">Col de l'arche de Hokuriku<\/a> <a class=\"btn default btn-outline\" style=\"width: 65%; margin-top: 5px;\" href=\"\/fr\/products\/jr-east-pass\/\">Pass JR-EAST<\/a> <a class=\"btn default btn-outline\" style=\"width: 65%; margin-top: 5px;\" href=\"\/fr\/products\/jr-west-haruka-ticket\/\">Billet JR-WEST Haruka<\/a> <a class=\"btn default btn-outline\" style=\"width: 65%; margin-top: 5px;\" href=\"\/fr\/products\/jr-kyushu-passes\/\">Passes ferroviaires de Kyushu<\/a> <a class=\"btn default btn-outline\" style=\"width: 65%; margin-top: 5px;\" href=\"\/fr\/products\/friendly-airport-limousine-fal\/\">Friendly Airport Limousine<\/a><\/div>\n<\/div>\n<\/div>\n<\/div>\n<\/div>\n<\/div>\n<div class=\"col-lg-4 col-md-6 col-sm-6\">\n<h4>Italie<\/h4>\n<div class=\"mt-element-overlay notranslate\">\n<div class=\"row\">\n<div class=\"col-md-12\">\n<div class=\"mt-overlay-4\">\n<p><img loading=\"lazy\" decoding=\"async\" class=\"alignnone wp-image-1130 size-full\" src=\"\/wp-content\/uploads\/2019\/03\/trenitalia-train-home-page.jpg\" alt=\"\" width=\"360\" height=\"181\" \/><\/p>\n<div class=\"mt-overlay\"><a class=\"btn default btn-outline\" style=\"width: 65%; margin-top: 65px;\" href=\"\/fr\/products\/italo\/\">Italo<\/a> <a class=\"btn default btn-outline\" style=\"width: 65%; margin-top: 15px;\" href=\"\/fr\/products\/trenitalia\/\">Trenitalia<\/a><\/div>\n<\/div>\n<\/div>\n<\/div>\n<\/div>\n<\/div>\n<div class=\"col-lg-4 col-md-6 col-sm-6\">\n<h4>Autriche<\/h4>\n<div class=\"mt-element-overlay notranslate\">\n<div class=\"row\">\n<div class=\"col-md-12\">\n<div class=\"mt-overlay-4\">\n<p><img decoding=\"async\" src=\"\/wp-content\/uploads\/2015\/12\/Austria-OBB-2.jpg\" \/><\/p>\n<div class=\"mt-overlay\"><a class=\"btn default btn-outline\" style=\"width: 65%; margin-top: 65px;\" href=\"\/fr\/products\/obb-tickets\/\">Billets \u00d6BB<\/a><\/div>\n<\/div>\n<\/div>\n<\/div>\n<\/div>\n<\/div>\n<div class=\"col-lg-4 col-md-6 col-sm-6\">\n<h4>Pays-Bas - Belgique<\/h4>\n<div class=\"mt-element-overlay notranslate\">\n<div class=\"row\">\n<div class=\"col-md-12\">\n<div class=\"mt-overlay-4\">\n<p><img decoding=\"async\" src=\"\/wp-content\/uploads\/2015\/12\/Belgium-Thalys-2.jpg\" \/><\/p>\n<div class=\"mt-overlay\"><a class=\"btn default btn-outline\" style=\"width: 65%; margin-top: 50px;\" href=\"\/fr\/products\/bene-netherlands-belgium\/\">BeNe Pays-Bas - Belgique<\/a> <a class=\"btn default btn-outline\" style=\"width: 65%; margin-top: 5px;\" href=\"\/fr\/products\/thalys-netherlands-belgium\/\">Eurostar<\/a><\/div>\n<\/div>\n<\/div>\n<\/div>\n<\/div>\n<\/div>\n<div class=\"col-lg-4 col-md-6 col-sm-6\">\n<h4>Royaume-Uni<\/h4>\n<div class=\"mt-element-overlay notranslate\">\n<div class=\"row\">\n<div class=\"col-md-12\">\n<div class=\"mt-overlay-4\">\n<p><img decoding=\"async\" src=\"\/wp-content\/uploads\/2019\/08\/uk.jpg\" \/><\/p>\n<div class=\"mt-overlay\"><a class=\"btn default btn-outline\" style=\"width: 65%; margin-top: 5px;\" href=\"\/fr\/products\/avanti-west-coast\/\">Avanti C\u00f4te Ouest<\/a> <a class=\"btn default btn-outline\" style=\"width: 65%; margin-top: 5px;\" href=\"\/fr\/products\/great-western-rail\/\">Chemin de fer du Grand Ouest<\/a> <a class=\"btn default btn-outline\" style=\"width: 65%; margin-top: 5px;\" href=\"\/fr\/products\/london-north-eastern-railway\/\">Chemin de fer du Nord-Est de Londres<\/a> <a class=\"btn default btn-outline\" style=\"width: 65%; margin-top: 5px;\" href=\"\/fr\/products\/national-express\/\">National Express<\/a> <a class=\"btn default btn-outline\" style=\"width: 65%; margin-top: 5px;\" href=\"\/fr\/products\/transpennine-express\/\">TransPennine Express<\/a><\/div>\n<\/div>\n<\/div>\n<\/div>\n<\/div>\n<\/div>\n<div class=\"col-lg-4 col-md-6 col-sm-6\">\n<h4>Espagne<\/h4>\n<div class=\"mt-element-overlay notranslate\">\n<div class=\"row\">\n<div class=\"col-md-12\">\n<div class=\"mt-overlay-4\">\n<p><img decoding=\"async\" src=\"\/wp-content\/uploads\/2015\/12\/Spain-Renfe-2.jpg\" \/><\/p>\n<div class=\"mt-overlay\"><a class=\"btn default btn-outline\" style=\"width: 65%; margin-top: 65px;\" href=\"\/fr\/products\/renfe\/\">Billets \u00e9lectroniques Renfe<\/a><\/div>\n<\/div>\n<\/div>\n<\/div>\n<\/div>\n<\/div>\n<div class=\"col-lg-4 col-md-6 col-sm-6\">\n<h4>Canada<\/h4>\n<div class=\"mt-element-overlay notranslate\">\n<div class=\"row\">\n<div class=\"col-md-12\">\n<div class=\"mt-overlay-4\">\n<p><img decoding=\"async\" src=\"\/wp-content\/uploads\/2015\/12\/via-rail-canada.jpg\" \/><\/p>\n<div class=\"mt-overlay\"><a class=\"btn default btn-outline\" style=\"width: 65%; margin-top: 65px;\" href=\"\/fr\/products\/via-rail-canada\/\">VIA Rail Canada<\/a><\/div>\n<\/div>\n<\/div>\n<\/div>\n<\/div>\n<\/div>\n<div class=\"col-lg-4 col-md-6 col-sm-6\">\n<h4>Su\u00e8de<\/h4>\n<div class=\"mt-element-overlay notranslate\">\n<div class=\"row\">\n<div class=\"col-md-12\">\n<div class=\"mt-overlay-4\">\n<p><img decoding=\"async\" src=\"\/wp-content\/uploads\/2015\/12\/Sweden-SJ-2.jpg\" \/><\/p>\n<div class=\"mt-overlay\"><a class=\"btn default btn-outline\" style=\"width: 65%; margin-top: 65px;\" href=\"\/fr\/products\/sj-swedish-rail\/\">Billets SJ<\/a><\/div>\n<\/div>\n<\/div>\n<\/div>\n<\/div>\n<\/div>\n<div class=\"col-lg-4 col-md-6 col-sm-6\">\n<h4>\u00c9TATS-UNIS<\/h4>\n<div class=\"mt-element-overlay notranslate\">\n<div class=\"row\">\n<div class=\"col-md-12\">\n<div class=\"mt-overlay-4\">\n<p><img decoding=\"async\" src=\"\/wp-content\/uploads\/2015\/12\/USA_Michigan-flyer-2.jpg\" \/><\/p>\n<div class=\"mt-overlay\"><a class=\"btn default btn-outline\" style=\"width: 65%; margin-top: 65px;\" href=\"\/fr\/products\/michigan-flyer\/\">D\u00e9pliant du Michigan<\/a> <a class=\"btn default btn-outline\" style=\"width: 65%; margin-top: 5px;\" href=\"\/fr\/products\/brightline-trains-e-tickets\/\">Brightline<\/a><\/div>\n<\/div>\n<\/div>\n<\/div>\n<\/div>\n<\/div>\n<div class=\"col-lg-4 col-md-6 col-sm-6\">\n<h4>R\u00e9publique tch\u00e8que<\/h4>\n<div class=\"mt-element-overlay notranslate\">\n<div class=\"row\">\n<div class=\"col-md-12\">\n<div class=\"mt-overlay-4\">\n<p><img decoding=\"async\" src=\"\/wp-content\/uploads\/2017\/12\/czech.jpg\" \/><\/p>\n<div class=\"mt-overlay\"><a class=\"btn default btn-outline\" style=\"width: 65%; margin-top: 65px;\" href=\"\/fr\/products\/czech-rail\/\">Chemins de fer tch\u00e8ques<\/a><\/div>\n<\/div>\n<\/div>\n<\/div>\n<\/div>\n<\/div>\n<div class=\"col-lg-4 col-md-6 col-sm-6\">\n<h4>Norv\u00e8ge<\/h4>\n<div class=\"mt-element-overlay notranslate\">\n<div class=\"row\">\n<div class=\"col-md-12\">\n<div class=\"mt-overlay-4\">\n<p><img decoding=\"async\" src=\"\/wp-content\/uploads\/2019\/06\/Vy-train.jpg\" \/><\/p>\n<div class=\"mt-overlay\"><a class=\"btn default btn-outline\" style=\"width: 65%; margin-top: 65px;\" href=\"\/fr\/products\/nsb\/\">Vy<\/a><\/div>\n<\/div>\n<\/div>\n<\/div>\n<\/div>\n<\/div>\n<div class=\"col-lg-4 col-md-6 col-sm-6\">\n<h4>France<\/h4>\n<div class=\"mt-element-overlay notranslate\">\n<div class=\"row\">\n<div class=\"col-md-12\">\n<div class=\"mt-overlay-4\">\n<p><img decoding=\"async\" src=\"\/wp-content\/uploads\/2019\/10\/Thalys-train.jpg\" \/><\/p>\n<div class=\"mt-overlay\"><!--<a class=\"btn default btn-outline\" style=\"width: 65%; margin-top: 65px;\" href=\"\/products\/thalys-netherlands-belgium\/\">Thalys<\/a> --><a class=\"btn default btn-outline\" style=\"width: 65%; margin-top: 65px;\" href=\"\/fr\/products\/sncf\/\">SNCF<\/a><\/div>\n<\/div>\n<\/div>\n<\/div>\n<\/div>\n<\/div>\n<\/div>","protected":false},"excerpt":{"rendered":"<p>Book these on the GDS\u2019 Airline Display You don\u2019t need any specific commercial agreements. All our products can be sold like any airline carrier available on your display. You can book and ticket all these rail and bus products on 9B. These are available through a number of interline partners or standalone directly on 9B-450. [&hellip;]<\/p>\n","protected":false},"author":4,"featured_media":0,"parent":0,"menu_order":0,"comment_status":"closed","ping_status":"closed","template":"","meta":{"footnotes":""},"class_list":["post-8","page","type-page","status-publish","hentry"],"_links":{"self":[{"href":"https:\/\/www.accesrail.com\/fr\/wp-json\/wp\/v2\/pages\/8","targetHints":{"allow":["GET"]}}],"collection":[{"href":"https:\/\/www.accesrail.com\/fr\/wp-json\/wp\/v2\/pages"}],"about":[{"href":"https:\/\/www.accesrail.com\/fr\/wp-json\/wp\/v2\/types\/page"}],"author":[{"embeddable":true,"href":"https:\/\/www.accesrail.com\/fr\/wp-json\/wp\/v2\/users\/4"}],"replies":[{"embeddable":true,"href":"https:\/\/www.accesrail.com\/fr\/wp-json\/wp\/v2\/comments?post=8"}],"version-history":[{"count":236,"href":"https:\/\/www.accesrail.com\/fr\/wp-json\/wp\/v2\/pages\/8\/revisions"}],"predecessor-version":[{"id":4780,"href":"https:\/\/www.accesrail.com\/fr\/wp-json\/wp\/v2\/pages\/8\/revisions\/4780"}],"wp:attachment":[{"href":"https:\/\/www.accesrail.com\/fr\/wp-json\/wp\/v2\/media?parent=8"}],"curies":[{"name":"wp","href":"https:\/\/api.w.org\/{rel}","templated":true}]}}