{"id":98,"date":"2015-12-22T20:24:29","date_gmt":"2015-12-22T20:24:29","guid":{"rendered":"http:\/\/test.accesrail.com\/?page_id=98"},"modified":"2026-04-16T17:57:30","modified_gmt":"2026-04-16T17:57:30","slug":"general-information","status":"publish","type":"page","link":"https:\/\/www.accesrail.com\/fr\/general-information\/","title":{"rendered":"Informations g\u00e9n\u00e9rales"},"content":{"rendered":"<p>- <a title=\"Code de billetterie du transporteur AccesRail\" href=\"#AccesRail-Carrier-Ticketing-Code\">Code transporteur\/billetterie d'AccesRail<\/a><br \/>\n- <a title=\"Information sur les bagages\" href=\"#Baggages-Information\">Information sur les bagages<\/a><br \/>\n- <a title=\"Informations sur le SIR GDS\" href=\"#GDS-CRS-Information\">Informations GDS\/CRS<\/a><br \/>\n- <a title=\"BSP ARC Informations sur le march\u00e9\" href=\"#BSP-ARC-Market-information\">BSP\/ARC - Informations sur le march\u00e9<\/a><br \/>\n- <a title=\"Acceptation des cartes de cr\u00e9dit\" href=\"#Credit-Card-Acceptance\">Acceptation des cartes de cr\u00e9dit<\/a><br \/>\n- <a title=\"Accords interlignes\" href=\"#Interline-Agreements\">Accords interlignes<\/a><br \/>\n- <a title=\"Politique de remboursement\" href=\"#Refund-Policy\">Politique de remboursement<\/a><br \/>\n- <a title=\"Demandes de PNR group\u00e9es\" href=\"#Group-PNR-Requests\">Demandes de PNR group\u00e9es<\/a><br \/>\n- <a title=\"Politique d&#039;annulation automatique\" href=\"#Auto-cancellation-policy\">Politique d'auto-annulation<\/a><br \/>\n- <a class=\"notranslate\" title=\"gamme de trains\" href=\"#train-range\">Gamme de trains<\/a><br \/>\n- <a href=\"https:\/\/www.accesrail.com\/wp-content\/uploads\/2025\/11\/IATA-Codes-for-TA-1.pdf\" target=\"_blank\" rel=\"noopener\">Codes IATA pour les gares routi\u00e8res et ferroviaires<\/a><\/p>\n<h3><a title=\"AccesRail-Carrier-Ticketing-Code\" name=\"AccesRail-Carrier-Ticketing-Code\"><\/a>Code transporteur\/billetterie d'AccesRail<a title=\"AccesRail-Carrier-Ticketing-Code\" name=\"AccesRail-Carrier-Ticketing-Code\"><\/a><\/h3>\n<p>Code transporteur : 9B<br \/>\nCode de la billetterie : 450<\/p>\n<h3><a title=\"Baggages-Information\" name=\"Baggages-Information\"><\/a>Baggages-Information<a title=\"Baggages-Information\" name=\"Baggages-Information\"><\/a><\/h3>\n<p>Le 9B ne propose pas l'enregistrement des bagages pour les compagnies a\u00e9riennes suivantes.<\/p>\n<h3><a title=\"GDS-CRS-Information\" name=\"GDS-CRS-Information\"><\/a>Informations GDS\/CRS<a title=\"GDS-CRS-Information\" name=\"GDS-CRS-Information\"><\/a><\/h3>\n<p>Les produits AccesRail sont disponibles sur les GDS\/CRS suivants :<\/p>\n<table class=\"notranslate\" border=\"0\" cellspacing=\"2\" cellpadding=\"2\">\n<tbody>\n<tr>\n<td>Abacus<\/td>\n<td><img loading=\"lazy\" decoding=\"async\" src=\"\/images\/abacus.gif\" alt=\"\" width=\"60\" height=\"38\" border=\"1\" \/><\/td>\n<\/tr>\n<tr>\n<td>Amadeus<\/td>\n<td><img loading=\"lazy\" decoding=\"async\" src=\"\/images\/amadeus_small.gif\" alt=\"\" width=\"88\" height=\"17\" border=\"1\" \/><\/td>\n<\/tr>\n<tr>\n<td>Galil\u00e9e<\/td>\n<td><img loading=\"lazy\" decoding=\"async\" class=\"\" src=\"\/images\/Gal_logo_small.gif\" alt=\"\" width=\"66\" height=\"42\" border=\"1\" \/><\/td>\n<\/tr>\n<tr>\n<td>Infini<\/td>\n<td><img loading=\"lazy\" decoding=\"async\" class=\"alignnone wp-image-3536\" src=\"https:\/\/www.accesrail.com\/wp-content\/uploads\/2023\/11\/logo-500x-300x167.webp\" alt=\"\" width=\"84\" height=\"47\" srcset=\"https:\/\/www.accesrail.com\/wp-content\/uploads\/2023\/11\/logo-500x-300x167.webp 300w, https:\/\/www.accesrail.com\/wp-content\/uploads\/2023\/11\/logo-500x.webp 356w\" sizes=\"auto, (max-width: 84px) 100vw, 84px\" \/><\/td>\n<\/tr>\n<tr>\n<td>Sabre<\/td>\n<td><img loading=\"lazy\" decoding=\"async\" class=\"alignnone wp-image-4791 size-full\" src=\"https:\/\/www.accesrail.com\/wp-content\/uploads\/2026\/03\/SABRE-LOGO-REGISTERED-SCREEN-BLACK-WIP-scaled.png\" alt=\"\" width=\"84\" height=\"47\" \/><\/td>\n<\/tr>\n<tr>\n<td>Sirena Travel<\/td>\n<td><img loading=\"lazy\" decoding=\"async\" class=\"alignnone wp-image-3541\" src=\"https:\/\/www.accesrail.com\/wp-content\/uploads\/2023\/11\/download-300x98.png\" alt=\"\" width=\"101\" height=\"33\" srcset=\"https:\/\/www.accesrail.com\/wp-content\/uploads\/2023\/11\/download-300x98.png 300w, https:\/\/www.accesrail.com\/wp-content\/uploads\/2023\/11\/download.png 393w\" sizes=\"auto, (max-width: 101px) 100vw, 101px\" \/><\/td>\n<\/tr>\n<tr>\n<td>Ciel de voyage<\/td>\n<td><img loading=\"lazy\" decoding=\"async\" class=\"alignnone wp-image-3542\" src=\"https:\/\/www.accesrail.com\/wp-content\/uploads\/2023\/11\/download-1.jpg\" alt=\"\" width=\"97\" height=\"54\" \/><\/td>\n<\/tr>\n<tr>\n<td>Topas<\/td>\n<td><img loading=\"lazy\" decoding=\"async\" class=\"alignnone wp-image-3544\" src=\"https:\/\/www.accesrail.com\/wp-content\/uploads\/2023\/11\/topas-300x240.jpg\" alt=\"\" width=\"71\" height=\"57\" srcset=\"https:\/\/www.accesrail.com\/wp-content\/uploads\/2023\/11\/topas-300x240.jpg 300w, https:\/\/www.accesrail.com\/wp-content\/uploads\/2023\/11\/topas.jpg 375w\" sizes=\"auto, (max-width: 71px) 100vw, 71px\" \/><\/td>\n<\/tr>\n<tr>\n<td>Espace mondial de l'\u00e9ducation<\/td>\n<td><img loading=\"lazy\" decoding=\"async\" class=\"\" src=\"\/images\/worldspan_small.gif\" alt=\"\" width=\"67\" height=\"17\" border=\"1\" \/><\/td>\n<\/tr>\n<tr>\n<td>Travelport\/Apollo<\/td>\n<td><img loading=\"lazy\" decoding=\"async\" class=\"wp-image-3543 alignnone\" src=\"https:\/\/www.accesrail.com\/wp-content\/uploads\/2023\/11\/travelport-300x300.png\" alt=\"\" width=\"63\" height=\"63\" srcset=\"https:\/\/www.accesrail.com\/wp-content\/uploads\/2023\/11\/travelport-300x300.png 300w, https:\/\/www.accesrail.com\/wp-content\/uploads\/2023\/11\/travelport-150x150.png 150w, https:\/\/www.accesrail.com\/wp-content\/uploads\/2023\/11\/travelport.png 400w\" sizes=\"auto, (max-width: 63px) 100vw, 63px\" \/><\/td>\n<\/tr>\n<\/tbody>\n<\/table>\n<h3><a title=\"BSP-ARC-Information sur le march\u00e9\" name=\"BSP-ARC-Market-information\"><\/a>BSP\/ARC - Informations sur le march\u00e9<\/h3>\n<p>AccesRail propose actuellement ses produits ferroviaires en.. :<\/p>\n<ul class=\"notranslate\">\n<li>ARC USA<\/li>\n<li>BSP Australie<\/li>\n<li>BSP Autriche<\/li>\n<li>BSP Belgique\/Pays-Bas\/Luxembourg<\/li>\n<li>BSP Canada<\/li>\n<li>BSP R\u00e9publique tch\u00e8que inclut Slovaquie<\/li>\n<li>BSP Finlande<\/li>\n<li>BSP France<\/li>\n<li>BSP Allemagne<\/li>\n<li>BSP Hong Kong<\/li>\n<li>BSP Inde<\/li>\n<li>BSP Indon\u00e9sie<\/li>\n<li>BSP Irlande<\/li>\n<li>BSP Italie<\/li>\n<li>BSP Japon<\/li>\n<li>BSP Macao<\/li>\n<li>BSP Malaisie<\/li>\n<li>BSP Mexique<\/li>\n<li>BSP Norv\u00e8ge<\/li>\n<li>BSP Su\u00e8de<\/li>\n<li>BSP Danemark<\/li>\n<li>BSP Estonie<\/li>\n<li>BSP Lettonie<\/li>\n<li>BSP Lituanie.<\/li>\n<li>BSP Singapour<\/li>\n<li>BSP Cor\u00e9e du Sud<\/li>\n<li>BSP Espagne<\/li>\n<li>BSP Suisse\/Liechtenstein<\/li>\n<li>BSP Ta\u00efwan<\/li>\n<li>BSP Tha\u00eflande<\/li>\n<li>BSP UK<\/li>\n<li>BSP Vietnam<\/li>\n<\/ul>\n<h3><a title=\"Cr\u00e9dit-Carte-Acceptation\" name=\"Credit-Card-Acceptance\"><\/a>Acceptation des cartes de cr\u00e9dit<a title=\"Cr\u00e9dit-Carte-Acceptation\" name=\"Credit-Card-Acceptance\"><\/a><\/h3>\n<p>AccesRail accepte les cartes de cr\u00e9dit suivantes dans les march\u00e9s \u00e9num\u00e9r\u00e9s ci-dessous :<\/p>\n<div>Carte Master : \u00c9tats-Unis et Canada<\/div>\n<div>VISA : \u00c9tats-Unis et Canada<\/div>\n<div>UATP : tous les march\u00e9s BSP<\/div>\n<h3><a title=\"Accords interlignes\" name=\"Interline-Agreements\"><\/a>Accords interlignes<a title=\"Accords interlignes\" name=\"Interline-Agreements\"><\/a><\/h3>\n<p><b>Liste actuelle des partenaires de 9B Interline :<\/b><\/p>\n<p>&nbsp;<\/p>\n<p>&nbsp;<\/p>\n<table class=\"table table-striped table-bordered table-hover notranslate\" style=\"height: 2964px;\" width=\"603\">\n<thead>\n<tr>\n<th>Compagnie a\u00e9rienne<\/th>\n<th>Indicateur de la compagnie a\u00e9rienne<\/th>\n<th>Code comptable des compagnies a\u00e9riennes<\/th>\n<th>Combinabilit\u00e9<\/th>\n<\/tr>\n<\/thead>\n<tbody>\n<tr>\n<td>Aeromexico<\/td>\n<td>AM<\/td>\n<td>139<\/td>\n<td>Oui<\/td>\n<\/tr>\n<tr>\n<td>Aerolineas Argentinas<\/td>\n<td>AR\/ARG<\/td>\n<td>44<\/td>\n<td>Oui<\/td>\n<\/tr>\n<tr>\n<td>Afriqiyah Airlines<\/td>\n<td>8U<\/td>\n<td>546<\/td>\n<td>Non<\/td>\n<\/tr>\n<tr>\n<td>Air Alg\u00e9rie<\/td>\n<td>AH<\/td>\n<td>124<\/td>\n<td>Oui<\/td>\n<\/tr>\n<tr>\n<td>Air Astana<\/td>\n<td>KC<\/td>\n<td>465<\/td>\n<td>Non<\/td>\n<\/tr>\n<tr>\n<td>Air Austral<\/td>\n<td>UU<\/td>\n<td>760<\/td>\n<td>Non<\/td>\n<\/tr>\n<tr>\n<td>Air Cairo<\/td>\n<td>SM<\/td>\n<td>381<\/td>\n<td>Non<\/td>\n<\/tr>\n<tr>\n<td>Air Canada<\/td>\n<td>AC<\/td>\n<td>14<\/td>\n<td>Oui<\/td>\n<\/tr>\n<tr>\n<td>Air Caraibes<\/td>\n<td>TX<\/td>\n<td>427<\/td>\n<td>Oui<\/td>\n<\/tr>\n<tr>\n<td>Air China<\/td>\n<td>CA<\/td>\n<td>999<\/td>\n<td>Non<\/td>\n<\/tr>\n<tr>\n<td>Air Europa<\/td>\n<td>UX<\/td>\n<td>996<\/td>\n<td>Non<\/td>\n<\/tr>\n<tr>\n<td>Air France<\/td>\n<td>AF<\/td>\n<td>57<\/td>\n<td>Oui<\/td>\n<\/tr>\n<tr>\n<td>Air India<\/td>\n<td>AI<\/td>\n<td>98<\/td>\n<td>Oui<\/td>\n<\/tr>\n<tr>\n<td>Air Mauritius<\/td>\n<td>MK<\/td>\n<td>239<\/td>\n<td>Oui<\/td>\n<\/tr>\n<tr>\n<td>Air Moldova<\/td>\n<td>9U<\/td>\n<td>572<\/td>\n<td>Non<\/td>\n<\/tr>\n<tr>\n<td>Air Namibia<\/td>\n<td>SW<\/td>\n<td>186<\/td>\n<td>Non<\/td>\n<\/tr>\n<tr>\n<td>Air Serbia<\/td>\n<td>JU<\/td>\n<td>115<\/td>\n<td>Non<\/td>\n<\/tr>\n<tr>\n<td>Air Transat<\/td>\n<td>TS<\/td>\n<td>649<\/td>\n<td>Oui<\/td>\n<\/tr>\n<tr>\n<td>All Nippon Airways<\/td>\n<td>NH<\/td>\n<td>205<\/td>\n<td>Oui<\/td>\n<\/tr>\n<tr>\n<td>American Airlines<\/td>\n<td>AA<\/td>\n<td>1<\/td>\n<td>Oui<\/td>\n<\/tr>\n<tr>\n<td>Asiana<\/td>\n<td>OZ<\/td>\n<td>988<\/td>\n<td>Non<\/td>\n<\/tr>\n<tr>\n<td>Austrian Airlines<\/td>\n<td>OS<\/td>\n<td>257<\/td>\n<td>Oui<\/td>\n<\/tr>\n<tr>\n<td>Avianca<\/td>\n<td>AV<\/td>\n<td>134<\/td>\n<td>Oui<\/td>\n<\/tr>\n<tr>\n<td>Avianca Costa Rica<\/td>\n<td>LR<\/td>\n<td>133<\/td>\n<td>Oui<\/td>\n<\/tr>\n<tr>\n<td>Avianca Ecuador<\/td>\n<td>2K<\/td>\n<td>547<\/td>\n<td>Oui<\/td>\n<\/tr>\n<tr>\n<td>Azerba\u00efdjan Airlines<\/td>\n<td>J2<\/td>\n<td>771<\/td>\n<td>Oui<\/td>\n<\/tr>\n<tr>\n<td>Compagnie a\u00e9rienne des A\u00e7ores<\/td>\n<td>S4<\/td>\n<td>331<\/td>\n<td>Non<\/td>\n<\/tr>\n<tr>\n<td>Beijing Capital Airlines<\/td>\n<td>JD<\/td>\n<td>898<\/td>\n<td>Non<\/td>\n<\/tr>\n<tr>\n<td>Biman Bangladesh Airlines<\/td>\n<td>BG<\/td>\n<td>997<\/td>\n<td>Non<\/td>\n<\/tr>\n<tr>\n<td>British Airways<\/td>\n<td>BA<\/td>\n<td>125<\/td>\n<td>Oui<\/td>\n<\/tr>\n<tr>\n<td>Bulgarie Air<\/td>\n<td>FB<\/td>\n<td>623<\/td>\n<td>Oui<\/td>\n<\/tr>\n<tr>\n<td>Cathay Pacific<\/td>\n<td>CX<\/td>\n<td>160<\/td>\n<td>Oui<\/td>\n<\/tr>\n<tr>\n<td>China Airlines<\/td>\n<td>CI<\/td>\n<td>297<\/td>\n<td>Non<\/td>\n<\/tr>\n<tr>\n<td>China Eastern Airlines<\/td>\n<td>MU<\/td>\n<td>781<\/td>\n<td>Non<\/td>\n<\/tr>\n<tr>\n<td>China Southern Airlines<\/td>\n<td>CZ<\/td>\n<td>784<\/td>\n<td>Oui<\/td>\n<\/tr>\n<tr>\n<td>Condor<\/td>\n<td>DE<\/td>\n<td>881<\/td>\n<td>Non<\/td>\n<\/tr>\n<tr>\n<td>Corsaire<\/td>\n<td>SS<\/td>\n<td>923<\/td>\n<td>Non<\/td>\n<\/tr>\n<tr>\n<td>Croatia Airlines<\/td>\n<td>OU<\/td>\n<td>831<\/td>\n<td>Non<\/td>\n<\/tr>\n<tr>\n<td>Czech Airlines<\/td>\n<td>OK<\/td>\n<td>64<\/td>\n<td>Non<\/td>\n<\/tr>\n<tr>\n<td>Delta<\/td>\n<td>DL<\/td>\n<td>006<\/td>\n<td>Oui<\/td>\n<\/tr>\n<tr>\n<td>EgyptAir<\/td>\n<td>MS<\/td>\n<td>77<\/td>\n<td>Oui<\/td>\n<\/tr>\n<tr>\n<td>Euroairlines<\/td>\n<td>Q4<\/td>\n<td>291<\/td>\n<td>Oui<\/td>\n<\/tr>\n<tr>\n<td>El Al<\/td>\n<td>LY<\/td>\n<td>114<\/td>\n<td>Oui<\/td>\n<\/tr>\n<tr>\n<td>\u00c9mirats<\/td>\n<td>EK<\/td>\n<td>176<\/td>\n<td>Oui<\/td>\n<\/tr>\n<tr>\n<td>\u00c9thiopien<\/td>\n<td>ET<\/td>\n<td>71<\/td>\n<td>Oui<\/td>\n<\/tr>\n<tr>\n<td>Etihad<\/td>\n<td>EY<\/td>\n<td>607<\/td>\n<td>Oui<\/td>\n<\/tr>\n<tr>\n<td>EVA Air<\/td>\n<td>BR<\/td>\n<td>695<\/td>\n<td>Oui<\/td>\n<\/tr>\n<tr>\n<td>FlyDubai<\/td>\n<td>FZ<\/td>\n<td>141<\/td>\n<td>Oui<\/td>\n<\/tr>\n<tr>\n<td>Finnair<\/td>\n<td>AY<\/td>\n<td>105<\/td>\n<td>Oui<\/td>\n<\/tr>\n<tr>\n<td>Abeille fran\u00e7aise<\/td>\n<td>BF<\/td>\n<td>396<\/td>\n<td>Oui<\/td>\n<\/tr>\n<tr>\n<td>Garuda Indon\u00e9sie<\/td>\n<td>GA<\/td>\n<td>126<\/td>\n<td>Oui<\/td>\n<\/tr>\n<tr>\n<td>Greater Bay Airlines<\/td>\n<td>HB<\/td>\n<td>283<\/td>\n<td>Non<\/td>\n<\/tr>\n<tr>\n<td>Gulf Air<\/td>\n<td>GF<\/td>\n<td>72<\/td>\n<td>Oui<\/td>\n<\/tr>\n<tr>\n<td>Hainan Airlines<\/td>\n<td>HU<\/td>\n<td>880<\/td>\n<td>Oui<\/td>\n<\/tr>\n<tr>\n<td>Hong Kong Airlines<\/td>\n<td>HX<\/td>\n<td>851<\/td>\n<td>Oui<\/td>\n<\/tr>\n<tr>\n<td>Icelandair<\/td>\n<td>FI<\/td>\n<td>108<\/td>\n<td>Oui<\/td>\n<\/tr>\n<tr>\n<td>Iran Air<\/td>\n<td>IR<\/td>\n<td>96<\/td>\n<td>Non<\/td>\n<\/tr>\n<tr>\n<td>ITA Airlines<\/td>\n<td>AZ<\/td>\n<td>55<\/td>\n<td>Oui<\/td>\n<\/tr>\n<tr>\n<td>JAL Japanese Airlines<\/td>\n<td>JL<\/td>\n<td>131<\/td>\n<td>Non<\/td>\n<\/tr>\n<tr>\n<td>Jet Blue<\/td>\n<td>B6<\/td>\n<td>279<\/td>\n<td>Oui<\/td>\n<\/tr>\n<tr>\n<td>Juneyao Air<\/td>\n<td>HO<\/td>\n<td>018<\/td>\n<td>Oui<\/td>\n<\/tr>\n<tr>\n<td>KLM<\/td>\n<td>KL<\/td>\n<td>74<\/td>\n<td>Oui<\/td>\n<\/tr>\n<tr>\n<td>KM Malta Air<\/td>\n<td>KM<\/td>\n<td>643<\/td>\n<td>Non<\/td>\n<\/tr>\n<tr>\n<td>Kenya Airways<\/td>\n<td>KQ<\/td>\n<td>706<\/td>\n<td>Non<\/td>\n<\/tr>\n<tr>\n<td>Korean Air<\/td>\n<td>KE<\/td>\n<td>180<\/td>\n<td>Oui<\/td>\n<\/tr>\n<tr>\n<td>Kuwait Airways<\/td>\n<td>KU<\/td>\n<td>229<\/td>\n<td>Non<\/td>\n<\/tr>\n<tr>\n<td>Lan Chili<\/td>\n<td>LA<\/td>\n<td>45<\/td>\n<td>Oui<\/td>\n<\/tr>\n<tr>\n<td>Lan \u00c9quateur<\/td>\n<td>XL<\/td>\n<td>462<\/td>\n<td>Oui<\/td>\n<\/tr>\n<tr>\n<td>Lan P\u00e9rou<\/td>\n<td>LP<\/td>\n<td>544<\/td>\n<td>Oui<\/td>\n<\/tr>\n<tr>\n<td>Longjiang Airlines<\/td>\n<td>LT<\/td>\n<td>867<\/td>\n<td>Non<\/td>\n<\/tr>\n<tr>\n<td>LOT - Compagnie a\u00e9rienne polonaise<\/td>\n<td>LO<\/td>\n<td>80<\/td>\n<td>Non<\/td>\n<\/tr>\n<tr>\n<td>Lufthansa<\/td>\n<td>LH<\/td>\n<td>220<\/td>\n<td>Oui<\/td>\n<\/tr>\n<tr>\n<td>Malaysian Airlines<\/td>\n<td>MH<\/td>\n<td>232<\/td>\n<td>Oui<\/td>\n<\/tr>\n<tr>\n<td>MIAT Mongolian Airlines<\/td>\n<td>OM<\/td>\n<td>289<\/td>\n<td>Oui<\/td>\n<\/tr>\n<tr>\n<td>Compagnies a\u00e9riennes du Moyen-Orient<\/td>\n<td>ME<\/td>\n<td>76<\/td>\n<td>Non<\/td>\n<\/tr>\n<tr>\n<td>Oman Air<\/td>\n<td>WY<\/td>\n<td>910<\/td>\n<td>Oui<\/td>\n<\/tr>\n<tr>\n<td>Compagnie a\u00e9rienne internationale du Pakistan<\/td>\n<td>PK<\/td>\n<td>214<\/td>\n<td>Oui<\/td>\n<\/tr>\n<tr>\n<td>Philippine Airlines<\/td>\n<td>PR<\/td>\n<td>79<\/td>\n<td>Non<\/td>\n<\/tr>\n<tr>\n<td>Plus Ultra<\/td>\n<td>PU<\/td>\n<td>663<\/td>\n<td>Oui<\/td>\n<\/tr>\n<tr>\n<td>Qantas Airways<\/td>\n<td>QF<\/td>\n<td>81<\/td>\n<td>Non<\/td>\n<\/tr>\n<tr>\n<td>Qatar Air<\/td>\n<td>QR<\/td>\n<td>157<\/td>\n<td>Oui<\/td>\n<\/tr>\n<tr>\n<td>Royal Air Maroc<\/td>\n<td>AT<\/td>\n<td>147<\/td>\n<td>Oui<\/td>\n<\/tr>\n<tr>\n<td>Royal Brunei<\/td>\n<td>BI<\/td>\n<td>672<\/td>\n<td>Oui<\/td>\n<\/tr>\n<tr>\n<td>Royal Jordanian<\/td>\n<td>RJ<\/td>\n<td>512<\/td>\n<td>Oui<\/td>\n<\/tr>\n<tr>\n<td>SAS - Scandinavian Airlines<\/td>\n<td>SK<\/td>\n<td>117<\/td>\n<td>Non<\/td>\n<\/tr>\n<tr>\n<td>SATA Air A\u00e7ores<\/td>\n<td>SP<\/td>\n<td>737<\/td>\n<td>Non<\/td>\n<\/tr>\n<tr>\n<td>Saudi Arabian Airlines<\/td>\n<td>SV<\/td>\n<td>65<\/td>\n<td>Oui<\/td>\n<\/tr>\n<tr>\n<td>Singapour Air<\/td>\n<td>SQ<\/td>\n<td>618<\/td>\n<td>Non<\/td>\n<\/tr>\n<tr>\n<td>SN Bruxelles<\/td>\n<td>SN<\/td>\n<td>82<\/td>\n<td>Oui<\/td>\n<\/tr>\n<tr>\n<td>South African Airways<\/td>\n<td>SA<\/td>\n<td>83<\/td>\n<td>Oui<\/td>\n<\/tr>\n<tr>\n<td>SriLankan Airlines<\/td>\n<td>UL<\/td>\n<td>603<\/td>\n<td>Non<\/td>\n<\/tr>\n<tr>\n<td>Surinam Airways<\/td>\n<td>PY<\/td>\n<td>192<\/td>\n<td>Non<\/td>\n<\/tr>\n<tr>\n<td>Swiss International Airlines<\/td>\n<td>LX<\/td>\n<td>724<\/td>\n<td>Oui<\/td>\n<\/tr>\n<tr>\n<td>Syrianair<\/td>\n<td>RB<\/td>\n<td>70<\/td>\n<td>Non<\/td>\n<\/tr>\n<tr>\n<td>Taca International Airlines<\/td>\n<td>TA<\/td>\n<td>202<\/td>\n<td>Oui<\/td>\n<\/tr>\n<tr>\n<td>Taca P\u00e9rou : AV<\/td>\n<td>T0<\/td>\n<td>530<\/td>\n<td>Oui<\/td>\n<\/tr>\n<tr>\n<td>Tahiti Nui<\/td>\n<td>TN<\/td>\n<td>244<\/td>\n<td>Non<\/td>\n<\/tr>\n<tr>\n<td>TAM Brasil<\/td>\n<td>JJ<\/td>\n<td>957<\/td>\n<td>Oui<\/td>\n<\/tr>\n<tr>\n<td>TAP Portugal<\/td>\n<td>TP<\/td>\n<td>47<\/td>\n<td>Oui<\/td>\n<\/tr>\n<tr>\n<td>Tarom de Roumanie<\/td>\n<td>RO<\/td>\n<td>281<\/td>\n<td>Oui<\/td>\n<\/tr>\n<tr>\n<td>Thai Airways<\/td>\n<td>TG<\/td>\n<td>217<\/td>\n<td>Oui<\/td>\n<\/tr>\n<tr>\n<td>Tunisair<\/td>\n<td>TU<\/td>\n<td>199<\/td>\n<td>Non<\/td>\n<\/tr>\n<tr>\n<td>Turkish Airlines<\/td>\n<td>TK<\/td>\n<td>235<\/td>\n<td>Oui<\/td>\n<\/tr>\n<tr>\n<td>T'way Air<\/td>\n<td>TW<\/td>\n<td>722<\/td>\n<td>Oui<\/td>\n<\/tr>\n<tr>\n<td>Ukraine International<\/td>\n<td>PS<\/td>\n<td>566<\/td>\n<td>Non<\/td>\n<\/tr>\n<tr>\n<td>United Airlines<\/td>\n<td>UA<\/td>\n<td>16<\/td>\n<td>Oui<\/td>\n<\/tr>\n<tr>\n<td>Utair<\/td>\n<td>UT<\/td>\n<td>298<\/td>\n<td>Non<\/td>\n<\/tr>\n<tr>\n<td>Uzbekistan Airlines<\/td>\n<td>HY<\/td>\n<td>250<\/td>\n<td>Non<\/td>\n<\/tr>\n<tr>\n<td>Vietnam Airlines<\/td>\n<td>VN<\/td>\n<td>738<\/td>\n<td>Oui<\/td>\n<\/tr>\n<tr>\n<td>Xiamen Airlines<\/td>\n<td>MF<\/td>\n<td>731<\/td>\n<td>Oui<\/td>\n<\/tr>\n<\/tbody>\n<\/table>\n<p>&nbsp;<\/p>\n<p>&nbsp;<\/p>\n<h3><a title=\"Politique de remboursement\" name=\"Refund-Policy\"><\/a>Politique de remboursement<a title=\"Politique de remboursement\" name=\"Refund-Policy\"><\/a><\/h3>\n<p>La politique de remboursement d'AccesRail pour les produits interline est conforme aux r\u00e8gles tarifaires.<\/p>\n<p>Politique de remboursement d'AccesRail pour les produits autonomes \u00e9mis sur 9B\/450 : Veuillez suivre les r\u00e8gles BSP\/ARC pour le remboursement des billets. Notez que l'annulation d'un segment 9B dans le GDS avant le d\u00e9part ne garantit aucun remboursement \u00e0 moins que le statut du coupon 9B ne soit chang\u00e9 en \"Rembours\u00e9\" avant le d\u00e9part et dans le d\u00e9lai autoris\u00e9 par la r\u00e8gle tarifaire.<\/p>\n<h3><a title=\"Groupe-PNR-Demandes\" name=\"Group-PNR-Requests\"><\/a>Demandes de PNR group\u00e9es<a title=\"Groupe-PNR-Demandes\" name=\"Group-PNR-Requests\"><\/a><\/h3>\n<p>AccesRail n'accepte pas les demandes de PNR de groupe de 10 personnes ou plus.<\/p>\n<h3><a title=\"Politique d&#039;annulation\" name=\"Auto-cancellation-policy\"><\/a>Politique d'auto-annulation<a title=\"Groupe-PNR-Demandes\" name=\"Group-PNR-Requests\"><\/a><\/h3>\n<p>Auto-cxx est maintenant en place. Les r\u00e9servations non billett\u00e9es datant de plus de 48 heures et dont la date de voyage se situe dans les prochaines 24 heures seront annul\u00e9es.<\/p>\n<h3 class=\"notranslate\"><a title=\"gamme de trains\" name=\"train-range\"><\/a>Gamme de trains<\/h3>\n<div>Avanti Trains WEST Coast (Royaume-Uni) 6800 \u2013 7299<\/p>\n<table class=\"table table-striped table-bordered table-hover notranslate\" style=\"max-width: 570px;\">\n<tbody>\n<tr>\n<td>National Express (Royaume-Uni)<\/td>\n<td>\u00a01 - 999<\/td>\n<\/tr>\n<tr>\n<td>CD (R\u00e9publique tch\u00e8que)<\/td>\n<td>\u00a01000 - 1099<\/td>\n<\/tr>\n<tr>\n<td>Korail (Cor\u00e9e du Sud)<\/td>\n<td>\u00a01100 - 1299<\/td>\n<\/tr>\n<tr>\n<td>CFF PTP (Suisse)<\/td>\n<td>\u00a01300 - 1999<\/td>\n<\/tr>\n<tr>\n<td>SJ Swedish Rail (Su\u00e8de)<\/td>\n<td>\u00a02100 - 2399<\/td>\n<\/tr>\n<tr>\n<td>Brightline (\u00c9tats-Unis)<\/td>\n<td>\u00a03800 - 3999<\/td>\n<\/tr>\n<tr>\n<td>Renfe (Espagne)<\/td>\n<td>\u00a04000 - 4999<\/td>\n<\/tr>\n<tr>\n<td>First Great Western (GWR) (Royaume-Uni)<\/td>\n<td>\u00a05000 - 6299<\/td>\n<\/tr>\n<tr>\n<td>TransPennine Express (TPE) (UK)<\/td>\n<td>\u00a06400 - 6599<\/td>\n<\/tr>\n<tr>\n<td>London North East Railway(LNER) (Royaume-Uni)<\/td>\n<td>\u00a06600 - 6799<\/td>\n<\/tr>\n<tr>\n<td>Trenitalia (Italie)<\/td>\n<td>\u00a07300 - 7999<\/td>\n<\/tr>\n<tr>\n<td>Michigan Flyer (\u00c9tats-Unis)<\/td>\n<td>\u00a08000 - 8049<\/td>\n<\/tr>\n<tr>\n<td>OeBB (Autriche)<\/td>\n<td>\u00a08100 \u2013 8499<\/td>\n<\/tr>\n<tr>\n<td>Italo (Italie)<\/td>\n<td>\u00a08500 \u2013 8899<\/td>\n<\/tr>\n<tr>\n<td>SNCF (France)<\/td>\n<td>\u00a08900 - 9199<\/td>\n<\/tr>\n<tr>\n<td>SNCB (BeNe) (Pays-Bas - Belgique)<\/td>\n<td>\u00a09200 - 9299<\/td>\n<\/tr>\n<tr>\n<td>Eurostar (Pays-Bas - Belgique)<\/td>\n<td>\u00a09300 - 9499<\/td>\n<\/tr>\n<tr>\n<td>VIA Rail (Canada)<\/td>\n<td>\u00a09500 - 9699<\/td>\n<\/tr>\n<tr>\n<td>A\u00e9roport de Hong Kong direct (HKAD)<\/td>\n<td>\u00a09850 - 9890<\/td>\n<\/tr>\n<tr>\n<td>Friendly Airport Limousine (FAL) (Japon)<\/td>\n<td>\u00a09900 - 9930<\/td>\n<\/tr>\n<tr>\n<td>JR EAST PASS (r\u00e9gion de Tohoku) (Japon)<\/td>\n<td>\u00a09984<\/td>\n<\/tr>\n<tr>\n<td>JR EAST PASS (r\u00e9gion de Nagano, Niigata) (Japon)<\/td>\n<td>\u00a09985<\/td>\n<\/tr>\n<tr>\n<td>JR West Haruka (Japon)<\/td>\n<td>\u00a09970 - 9979<\/td>\n<\/tr>\n<tr>\n<td>Col de l'arc de Hokuriku (Japon)<\/td>\n<td>\u00a09988<\/td>\n<\/tr>\n<tr>\n<td>JR-Kyushu Rail Pass (Japon)<\/td>\n<td>\u00a09991 - 9996<\/td>\n<\/tr>\n<\/tbody>\n<\/table>\n<p>&nbsp;<\/p>\n<\/div>","protected":false},"excerpt":{"rendered":"<p>&#8211; AccesRail&#8217;s Carrier\/Ticketing Code &#8211; Baggages Information &#8211; GDS\/CRS Information &#8211; BSP\/ARC &#8211; Market Information &#8211; Credit Card Acceptance &#8211; Interline Agreements &#8211; Refund Policy &#8211; Group PNR Requests &#8211; Auto-Cancellation Policy &#8211; Train Range &#8211; IATA Codes for Bus &amp; Train Stations AccesRail&#8217;s Carrier\/Ticketing Code Carrier Code: 9B Ticketing Code: 450 Baggages-Information 9B does [&hellip;]<\/p>\n","protected":false},"author":4,"featured_media":0,"parent":0,"menu_order":0,"comment_status":"closed","ping_status":"closed","template":"","meta":{"footnotes":""},"class_list":["post-98","page","type-page","status-publish","hentry"],"_links":{"self":[{"href":"https:\/\/www.accesrail.com\/fr\/wp-json\/wp\/v2\/pages\/98","targetHints":{"allow":["GET"]}}],"collection":[{"href":"https:\/\/www.accesrail.com\/fr\/wp-json\/wp\/v2\/pages"}],"about":[{"href":"https:\/\/www.accesrail.com\/fr\/wp-json\/wp\/v2\/types\/page"}],"author":[{"embeddable":true,"href":"https:\/\/www.accesrail.com\/fr\/wp-json\/wp\/v2\/users\/4"}],"replies":[{"embeddable":true,"href":"https:\/\/www.accesrail.com\/fr\/wp-json\/wp\/v2\/comments?post=98"}],"version-history":[{"count":169,"href":"https:\/\/www.accesrail.com\/fr\/wp-json\/wp\/v2\/pages\/98\/revisions"}],"predecessor-version":[{"id":4836,"href":"https:\/\/www.accesrail.com\/fr\/wp-json\/wp\/v2\/pages\/98\/revisions\/4836"}],"wp:attachment":[{"href":"https:\/\/www.accesrail.com\/fr\/wp-json\/wp\/v2\/media?parent=98"}],"curies":[{"name":"wp","href":"https:\/\/api.w.org\/{rel}","templated":true}]}}